{"id":84708,"date":"2025-03-30T15:03:41","date_gmt":"2025-03-30T13:03:41","guid":{"rendered":"https:\/\/fysiolab.dk\/product\/bauerfeind-manutrain-generasjon-8\/"},"modified":"2025-12-18T09:20:40","modified_gmt":"2025-12-18T08:20:40","slug":"bauerfeind-manutrain-generasjon-8","status":"publish","type":"product","link":"https:\/\/fysiolab.dk\/no\/product\/bauerfeind-manutrain-generasjon-8\/","title":{"rendered":"Bauerfeind Manutrain generasjon 8"},"content":{"rendered":"<p><strong>Bauerfeind ManuTrain Generation 8 - Ny og forbedret h\u00e5ndleddsst\u00f8tte for smerte og stabilitet<\/strong><\/p>\n<p>Bauerfeind ManuTrain Generation 8 er den nyeste og forbedrede versjonen av den popul\u00e6re h\u00e5ndleddsst\u00f8tten, designet for \u00e5 lindre smerte og gi optimal st\u00f8tte. Den anatomiske passformen og den medisinske kompresjonen sikrer maksimal komfort og stabilitet uten \u00e5 begrense bevegeligheten. <\/p>\n<p><strong>ManuTrain Generation 8 anbefales for:<\/strong><\/p>\n<ul>\n<li>Smerter i h\u00e5ndleddet<\/li>\n<li>Forstrekninger og forstuinger<\/li>\n<li>Artrose i h\u00e5ndleddet<\/li>\n<li>Senebetennelse<\/li>\n<\/ul>\n<p>Bandasjen har en avansert strikketeknologi som gir behagelig kompresjon og forbedret blodsirkulasjon, noe som bidrar til \u00e5 redusere hevelse og fremme tilheling. Bandasjen er tilgjengelig i titan, svart og beige, og kombinerer funksjonalitet med et diskret design som passer b\u00e5de til hverdagsbruk og sport. <\/p>\n<p><strong>St\u00f8rrelsesguide:<\/strong><\/p>\n<p><strong>M\u00e5l omkretsen p\u00e5 h\u00e5ndleddet - se videoen lenger ned i teksten for instruksjoner  <\/strong><\/p>\n<p><img fetchpriority=\"high\" decoding=\"async\" class=\"alignnone size-medium wp-image-95186\" src=\"https:\/\/fysiolab.dk\/wp-content\/uploads\/2025\/03\/csm_measurement_manutrain_90d07730c6-3-300x230.jpg\" alt=\"\" width=\"300\" height=\"230\" title=\"\" srcset=\"https:\/\/fysiolab.dk\/wp-content\/uploads\/2025\/03\/csm_measurement_manutrain_90d07730c6-3-300x230.jpg 300w, https:\/\/fysiolab.dk\/wp-content\/uploads\/2025\/03\/csm_measurement_manutrain_90d07730c6-3.jpg 360w\" sizes=\"(max-width: 300px) 100vw, 300px\" \/> <img decoding=\"async\" class=\"alignnone size-medium wp-image-95188\" src=\"https:\/\/fysiolab.dk\/wp-content\/uploads\/2025\/03\/csm_sizingtable_manutrain_dk_cm_265dded1b4-3-300x198.jpg\" alt=\"\" width=\"300\" height=\"198\" title=\"\" srcset=\"https:\/\/fysiolab.dk\/wp-content\/uploads\/2025\/03\/csm_sizingtable_manutrain_dk_cm_265dded1b4-3-300x198.jpg 300w, https:\/\/fysiolab.dk\/wp-content\/uploads\/2025\/03\/csm_sizingtable_manutrain_dk_cm_265dded1b4-3-600x396.jpg 600w, https:\/\/fysiolab.dk\/wp-content\/uploads\/2025\/03\/csm_sizingtable_manutrain_dk_cm_265dded1b4-3.jpg 750w\" sizes=\"(max-width: 300px) 100vw, 300px\" \/><\/p>\n<p><iframe title=\"Opm\u00e5lingsvejledning til h\u00e5ndled\" width=\"800\" height=\"450\" src=\"https:\/\/www.youtube.com\/embed\/uT1ZaBnbLiI?feature=oembed\" frameborder=\"0\" allow=\"accelerometer; autoplay; clipboard-write; encrypted-media; gyroscope; picture-in-picture; web-share\" referrerpolicy=\"strict-origin-when-cross-origin\" allowfullscreen><\/iframe><\/p>\n<p>&nbsp;<\/p>\n<p><b>Egenskaper:<\/b><br \/>\nManuTrain\u00ae er en aktiv bandasje for stabilisering av h\u00e5ndleddet.<br \/>\nDet er en anatomisk formet dobbel traksjonsbandasje.<br \/>\nKorrekt funksjonell justering av h\u00e5nden ved hjelp av en justerbar skinne i h\u00e5nden.<br \/>\nEn ekstra borrel\u00e5sstropp gj\u00f8r det mulig \u00e5 feste skinnen.<br \/>\n<b><br \/>\nVirkem\u00e5te:<\/b><br \/>\nStabilisering og aktivering av h\u00e5ndleddet gjennom jevnt sirkul\u00e6rt trykk via det strikkede materialet.<br \/>\nTrykkavlastning av nerver og kar ved hjelp av st\u00f8tte-\/avlastningsputer.<br \/>\nSt\u00f8rre avlastning av h\u00e5ndleddet ved hjelp av en skinne og borrel\u00e5sstropp.<\/p>\n<p><strong>Bestill Bauerfeind ManuTrain Generation 8 i dag og opplev den forbedrede st\u00f8tten for h\u00e5ndleddet ditt!<\/strong><\/p>\n","protected":false},"excerpt":{"rendered":"<p><strong>Bauerfeind ManuTrain Generation 8 er den nyeste og forbedrede versjonen av den popul\u00e6re h\u00e5ndleddsst\u00f8tten, designet for \u00e5 lindre smerte og gi optimal st\u00f8tte. Den anatomiske passformen og den medisinske kompresjonen sikrer maksimal komfort og stabilitet uten \u00e5 begrense bevegeligheten. <\/strong><\/p>\n","protected":false},"featured_media":84750,"comment_status":"closed","ping_status":"closed","template":"","meta":{"_acf_changed":false},"product_brand":[],"product_cat":[2071,2750,2354,2043,2040,1937,2073,2067,2070,1933],"product_tag":[2356],"class_list":{"0":"post-84708","1":"product","2":"type-product","3":"status-publish","4":"has-post-thumbnail","6":"product_cat-artrose-i-haandleddet","7":"product_cat-bauerfeind-haandleddstoette","8":"product_cat-bondetamp","9":"product_cat-forstuing-og-overbelastning-av-haandleddet","10":"product_cat-haand-og-haandleddsskinne","11":"product_cat-merkevarer","12":"product_cat-musearm-musehaand-no","13":"product_cat-senebetennelse","14":"product_cat-senebetennelse-i-haandleddet","15":"product_cat-skinner-og-stoetteskinner","16":"product_tag-bondetamp","18":"first","19":"instock","20":"taxable","21":"shipping-taxable","22":"purchasable","23":"product-type-variable"},"acf":[],"_links":{"self":[{"href":"https:\/\/fysiolab.dk\/no\/wp-json\/wp\/v2\/product\/84708","targetHints":{"allow":["GET"]}}],"collection":[{"href":"https:\/\/fysiolab.dk\/no\/wp-json\/wp\/v2\/product"}],"about":[{"href":"https:\/\/fysiolab.dk\/no\/wp-json\/wp\/v2\/types\/product"}],"replies":[{"embeddable":true,"href":"https:\/\/fysiolab.dk\/no\/wp-json\/wp\/v2\/comments?post=84708"}],"wp:featuredmedia":[{"embeddable":true,"href":"https:\/\/fysiolab.dk\/no\/wp-json\/wp\/v2\/media\/84750"}],"wp:attachment":[{"href":"https:\/\/fysiolab.dk\/no\/wp-json\/wp\/v2\/media?parent=84708"}],"wp:term":[{"taxonomy":"product_brand","embeddable":true,"href":"https:\/\/fysiolab.dk\/no\/wp-json\/wp\/v2\/product_brand?post=84708"},{"taxonomy":"product_cat","embeddable":true,"href":"https:\/\/fysiolab.dk\/no\/wp-json\/wp\/v2\/product_cat?post=84708"},{"taxonomy":"product_tag","embeddable":true,"href":"https:\/\/fysiolab.dk\/no\/wp-json\/wp\/v2\/product_tag?post=84708"}],"curies":[{"name":"wp","href":"https:\/\/api.w.org\/{rel}","templated":true}]}}