{"id":84761,"date":"2025-03-30T14:47:52","date_gmt":"2025-03-30T12:47:52","guid":{"rendered":"https:\/\/fysiolab.dk\/product\/bauerfeind-lumbotrain-generasjon-8\/"},"modified":"2025-12-18T09:20:40","modified_gmt":"2025-12-18T08:20:40","slug":"bauerfeind-lumbotrain-generasjon-8","status":"publish","type":"product","link":"https:\/\/fysiolab.dk\/no\/product\/bauerfeind-lumbotrain-generasjon-8\/","title":{"rendered":"Bauerfeind Lumbotrain generasjon 8"},"content":{"rendered":"<p><strong>Bauerfeind LumboTrain Generation 8 - Ny og forbedret ryggst\u00f8tte for optimal st\u00f8tte<\/strong><\/p>\n<p>Bauerfeind LumboTrain Generation 8 er den nyeste og forbedrede versjonen av den popul\u00e6re ryggbandasjen, som er utviklet for \u00e5 stabilisere korsryggen og lindre ryggsmerter. Den ergonomiske bandasjen har en integrert pute som masserer musklene og fremmer blodsirkulasjonen for \u00e5 redusere spenninger og \u00f8ke bevegeligheten. <\/p>\n<p>LumboTrain Generation 8 anbefales for:<\/p>\n<ul>\n<li>Smerter i nedre del av ryggen og ryggraden<\/li>\n<li>Rygg- og skadeskader<\/li>\n<li>Belastning og irritasjon i korsryggen<\/li>\n<li>Forebygging og st\u00f8tte i dagliglivet eller ved fysisk aktivitet<\/li>\n<\/ul>\n<p>Den er laget av et pustende og elastisk materiale som sikrer h\u00f8y komfort og bevegelsesfrihet. Den forbedrede passformen og de praktiske stroppene gj\u00f8r den enkel \u00e5 ta av og p\u00e5, slik at du raskt kan f\u00e5 den st\u00f8tten du trenger. <\/p>\n<p><b>Virkem\u00e5te:<\/b><\/p>\n<p>LumboTrain er utviklet for \u00e5 gi m\u00e5lrettet smertelindring under aktivitet og bevegelse, noe som muliggj\u00f8res gjennom vekslende masserende trykk fra det medisinsk kompresjonsstrikkede materialet og den viskoelastiske puten som kan flyttes etter behov.<b> <\/b>Bandasjen justeres enkelt og kraftbesparende ved hjelp av de praktiske stroppene og den sterke borrel\u00e5sfestingen. Hermed <b> <\/b>stabiliserer og avlaster korsryggen ved hjelp av den sirkul\u00e6re kompresjonskorrigerende funksjonen.<b> <\/b><\/p>\n<ul>\n<li>Enkel h\u00e5ndtering<\/li>\n<li>Hudvennlig og pustende<\/li>\n<li>Togstrikket materiale<\/li>\n<li>Komfortsoner<\/li>\n<li>Behandlingsapp<\/li>\n<\/ul>\n<p><strong>St\u00f8rrelsesguide:<\/strong><\/p>\n<p><strong>M\u00e5l midjeomkretsen<\/strong><\/p>\n<p><img fetchpriority=\"high\" decoding=\"async\" class=\"alignnone size-medium wp-image-95200\" src=\"https:\/\/fysiolab.dk\/wp-content\/uploads\/2025\/03\/csm_measurement_lumbotrain_746f50c570-1-3-300x230.jpg\" alt=\"\" width=\"300\" height=\"230\" title=\"\" srcset=\"https:\/\/fysiolab.dk\/wp-content\/uploads\/2025\/03\/csm_measurement_lumbotrain_746f50c570-1-3-300x230.jpg 300w, https:\/\/fysiolab.dk\/wp-content\/uploads\/2025\/03\/csm_measurement_lumbotrain_746f50c570-1-3.jpg 360w\" sizes=\"(max-width: 300px) 100vw, 300px\" \/><img decoding=\"async\" class=\"alignnone size-medium wp-image-95198\" src=\"https:\/\/fysiolab.dk\/wp-content\/uploads\/2025\/03\/csm_sizingtable_lumbotrain_dk_cm_668c6c654e-2-4-300x222.jpg\" alt=\"\" width=\"300\" height=\"222\" title=\"\" srcset=\"https:\/\/fysiolab.dk\/wp-content\/uploads\/2025\/03\/csm_sizingtable_lumbotrain_dk_cm_668c6c654e-2-4-300x222.jpg 300w, https:\/\/fysiolab.dk\/wp-content\/uploads\/2025\/03\/csm_sizingtable_lumbotrain_dk_cm_668c6c654e-2-4-600x445.jpg 600w, https:\/\/fysiolab.dk\/wp-content\/uploads\/2025\/03\/csm_sizingtable_lumbotrain_dk_cm_668c6c654e-2-4.jpg 750w\" sizes=\"(max-width: 300px) 100vw, 300px\" \/><\/p>\n<p><strong>Bestill Bauerfeind LumboTrain Generation 8 i dag og opplev den nyeste teknologien innen ryggst\u00f8tte!<\/strong><\/p>\n","protected":false},"excerpt":{"rendered":"<p><strong>Bauerfeind LumboTrain Generation 8 er den nyeste og forbedrede versjonen av den popul\u00e6re ryggbandasjen, som er utviklet for \u00e5 stabilisere korsryggen og lindre ryggsmerter. Den ergonomiske bandasjen har en integrert pute som masserer musklene og fremmer blodsirkulasjonen for \u00e5 redusere spenninger og \u00f8ke bevegeligheten. <\/strong><\/p>\n<p>&nbsp;<\/p>\n","protected":false},"featured_media":84812,"comment_status":"closed","ping_status":"closed","template":"","meta":{"_acf_changed":false},"product_brand":[],"product_cat":[2188,2189,2755,2754,2354,2192,1937,2184,1933,2186,2187],"product_tag":[2356],"class_list":{"0":"post-84761","1":"product","2":"type-product","3":"status-publish","4":"has-post-thumbnail","6":"product_cat-anstrengt-rygg","7":"product_cat-artrose-i-ryggen","8":"product_cat-bauerfeind-korsryggbelte","9":"product_cat-bauerfeind-ryggstoette","10":"product_cat-bondetamp","11":"product_cat-isjias-iskias","12":"product_cat-merkevarer","13":"product_cat-rygg-og-korsrygg","14":"product_cat-skinner-og-stoetteskinner","15":"product_cat-skiveprolaps","16":"product_cat-smerter-i-nedre-del-av-ryggen","17":"product_tag-bondetamp","19":"first","20":"instock","21":"taxable","22":"shipping-taxable","23":"purchasable","24":"product-type-variable"},"acf":[],"_links":{"self":[{"href":"https:\/\/fysiolab.dk\/no\/wp-json\/wp\/v2\/product\/84761","targetHints":{"allow":["GET"]}}],"collection":[{"href":"https:\/\/fysiolab.dk\/no\/wp-json\/wp\/v2\/product"}],"about":[{"href":"https:\/\/fysiolab.dk\/no\/wp-json\/wp\/v2\/types\/product"}],"replies":[{"embeddable":true,"href":"https:\/\/fysiolab.dk\/no\/wp-json\/wp\/v2\/comments?post=84761"}],"wp:featuredmedia":[{"embeddable":true,"href":"https:\/\/fysiolab.dk\/no\/wp-json\/wp\/v2\/media\/84812"}],"wp:attachment":[{"href":"https:\/\/fysiolab.dk\/no\/wp-json\/wp\/v2\/media?parent=84761"}],"wp:term":[{"taxonomy":"product_brand","embeddable":true,"href":"https:\/\/fysiolab.dk\/no\/wp-json\/wp\/v2\/product_brand?post=84761"},{"taxonomy":"product_cat","embeddable":true,"href":"https:\/\/fysiolab.dk\/no\/wp-json\/wp\/v2\/product_cat?post=84761"},{"taxonomy":"product_tag","embeddable":true,"href":"https:\/\/fysiolab.dk\/no\/wp-json\/wp\/v2\/product_tag?post=84761"}],"curies":[{"name":"wp","href":"https:\/\/api.w.org\/{rel}","templated":true}]}}