{"id":84817,"date":"2025-02-16T21:56:02","date_gmt":"2025-02-16T20:56:02","guid":{"rendered":"https:\/\/fysiolab.dk\/product\/rocktape-x-rheon-tape-ekstra-sterk\/"},"modified":"2025-12-18T09:20:41","modified_gmt":"2025-12-18T08:20:41","slug":"rocktape-x-rheon-tape-ekstra-sterk","status":"publish","type":"product","link":"https:\/\/fysiolab.dk\/no\/product\/rocktape-x-rheon-tape-ekstra-sterk\/","title":{"rendered":"RockTape X Rheon Tape - Ekstra sterk"},"content":{"rendered":"<p><strong>RockTape X Rheon Tape - den intelligente kinesiotapen<\/strong><\/p>\n<p data-start=\"150\" data-end=\"376\">RockTape X Rheon Tape er verdens f\u00f8rste <strong data-start=\"190\" data-end=\"221\">strekkreaktive kinesiotape<\/strong>. Strain-reactive betyr at tapen automatisk tilpasser seg bevegelsene dine - den er fleksibel n\u00e5r du beveger deg sakte, og gir ekstra st\u00f8tte n\u00e5r du gj\u00f8r raske eller krevende bevegelser. Den kombinerer RockTapes velkjente kvalitet med den banebrytende <strong data-start=\"288\" data-end=\"321\">RHEON\u2122-superpolymerteknologien<\/strong> som automatisk tilpasser seg bevegelsesm\u00f8nsteret ditt.  <\/p>\n<ul data-start=\"378\" data-end=\"738\">\n<li data-start=\"378\" data-end=\"461\">\n<p data-start=\"380\" data-end=\"461\"><strong data-start=\"380\" data-end=\"408\">Fleksibel i hvile<\/strong> - gir bevegelsesfrihet under normal aktivitet.<\/p>\n<\/li>\n<li data-start=\"462\" data-end=\"560\">\n<p data-start=\"464\" data-end=\"560\"><strong data-start=\"464\" data-end=\"499\">Stivere n\u00e5r du trenger det<\/strong> - gir ekstra st\u00f8tte under raske og krevende bevegelser.<\/p>\n<\/li>\n<li data-start=\"561\" data-end=\"668\">\n<p data-start=\"563\" data-end=\"668\"><strong data-start=\"563\" data-end=\"589\">Slitesterk og komfortabel<\/strong> - 97 % bomull, 3 % nylon, vannavvisende og designet for \u00e5 vare i 5-7 dager.<\/p>\n<\/li>\n<li data-start=\"669\" data-end=\"738\">\n<p data-start=\"671\" data-end=\"738\"><strong data-start=\"671\" data-end=\"710\">Mindre frynsing og bedre elastisitet<\/strong> enn klassisk kinesiotape.<\/p>\n<\/li>\n<\/ul>\n<p data-start=\"740\" data-end=\"914\">Denne unike tapen er spesielt utviklet for <strong data-start=\"782\" data-end=\"827\">idrettsut\u00f8vere og fysioterapeuter<\/strong> som \u00f8nsker dynamisk st\u00f8tte ved l\u00f8ping, vektl\u00f8fting, ballspill eller rehabilitering.<\/p>\n<p data-start=\"916\" data-end=\"1040\">RockTape X Rheon Tape gir deg <strong data-start=\"948\" data-end=\"989\">bevegelighet n\u00e5r du trenger frihet<\/strong>, og <strong data-start=\"994\" data-end=\"1037\">stabilitet n\u00e5r du trenger kontroll<\/strong>.<\/p>\n<p><iframe title=\"RHEON &amp; ROCKTAPE | NEW ROCKTAPE X RHEON EXPLAINED\" width=\"800\" height=\"450\" src=\"https:\/\/www.youtube.com\/embed\/cL2BkWf1zCc?feature=oembed\" frameborder=\"0\" allow=\"accelerometer; autoplay; clipboard-write; encrypted-media; gyroscope; picture-in-picture; web-share\" referrerpolicy=\"strict-origin-when-cross-origin\" allowfullscreen><\/iframe><\/p>\n","protected":false},"excerpt":{"rendered":"<p><strong>RockTape X Rheon Tape er verdens f\u00f8rste strekkreaktive kinesiotape. Den kombinerer den velkjente kvaliteten til RockTape med den banebrytende RHEON\u2122-superpolymerteknologien som automatisk tilpasser seg bevegelsesm\u00f8nsteret ditt. <\/strong><\/p>\n","protected":false},"featured_media":84826,"comment_status":"closed","ping_status":"closed","template":"","meta":{"_acf_changed":false},"product_brand":[],"product_cat":[2088,1948,1937,1941,2791,2087],"product_tag":[2792],"class_list":{"0":"post-84817","1":"product","2":"type-product","3":"status-publish","4":"has-post-thumbnail","6":"product_cat-kinesiologisk-tape","7":"product_cat-klinikk","8":"product_cat-merkevarer","9":"product_cat-rekonvalesens-og-sportspleie","10":"product_cat-rocktape-no","11":"product_cat-tape-no-2","12":"product_tag-rocktape-no","14":"first","15":"instock","16":"taxable","17":"shipping-taxable","18":"purchasable","19":"product-type-simple"},"acf":[],"_links":{"self":[{"href":"https:\/\/fysiolab.dk\/no\/wp-json\/wp\/v2\/product\/84817","targetHints":{"allow":["GET"]}}],"collection":[{"href":"https:\/\/fysiolab.dk\/no\/wp-json\/wp\/v2\/product"}],"about":[{"href":"https:\/\/fysiolab.dk\/no\/wp-json\/wp\/v2\/types\/product"}],"replies":[{"embeddable":true,"href":"https:\/\/fysiolab.dk\/no\/wp-json\/wp\/v2\/comments?post=84817"}],"wp:featuredmedia":[{"embeddable":true,"href":"https:\/\/fysiolab.dk\/no\/wp-json\/wp\/v2\/media\/84826"}],"wp:attachment":[{"href":"https:\/\/fysiolab.dk\/no\/wp-json\/wp\/v2\/media?parent=84817"}],"wp:term":[{"taxonomy":"product_brand","embeddable":true,"href":"https:\/\/fysiolab.dk\/no\/wp-json\/wp\/v2\/product_brand?post=84817"},{"taxonomy":"product_cat","embeddable":true,"href":"https:\/\/fysiolab.dk\/no\/wp-json\/wp\/v2\/product_cat?post=84817"},{"taxonomy":"product_tag","embeddable":true,"href":"https:\/\/fysiolab.dk\/no\/wp-json\/wp\/v2\/product_tag?post=84817"}],"curies":[{"name":"wp","href":"https:\/\/api.w.org\/{rel}","templated":true}]}}