{"id":84818,"date":"2025-03-30T14:36:53","date_gmt":"2025-03-30T12:36:53","guid":{"rendered":"https:\/\/fysiolab.dk\/product\/bauerfeind-genutrain-a3-generasjon-8\/"},"modified":"2025-12-18T09:20:40","modified_gmt":"2025-12-18T08:20:40","slug":"bauerfeind-genutrain-a3-generasjon-8","status":"publish","type":"product","link":"https:\/\/fysiolab.dk\/no\/product\/bauerfeind-genutrain-a3-generasjon-8\/","title":{"rendered":"Bauerfeind Genutrain A3 generasjon 8"},"content":{"rendered":"<p><strong>Bauerfeind GenuTrain A3 Generation 8 - Avansert knest\u00f8tte for smerte og stabilitet<\/strong><\/p>\n<p>Bauerfeind GenuTrain A3 Generation 8 er en innovativ knest\u00f8tte som er utviklet for \u00e5 lindre smerter og stabilisere kneet ved kroniske tilstander, irritasjon og overbelastning. Bandasjen er godt utformet for \u00e5 st\u00f8tte og stabilisere kneet ved artrose.  Den anatomisk formede bandasjen har en integrert pute som masserer og stimulerer musklene rundt kneet for \u00e5 forbedre blodsirkulasjonen og redusere hevelse.<\/p>\n<p><strong>GenuTrain A3 er ideell for:<\/strong><\/p>\n<ul>\n<li>Artrose og knesmerter<\/li>\n<li>Patellofemoralt smertesyndrom<\/li>\n<li>Overbelastningsskader og irritasjon<\/li>\n<li>Forebygging og st\u00f8tte til daglig aktivitet eller idrett<\/li>\n<\/ul>\n<p>Det pustende og elastiske strikkede materialet s\u00f8rger for en behagelig passform, mens den medisinske kompresjonen gir stabilitet uten \u00e5 begrense bevegelsesfriheten. Skinnen passer til b\u00e5de h\u00f8yre og venstre kne og er tilgjengelig i fargene titan, beige og svart. <\/p>\n<p><strong>St\u00f8rrelsesguide:<\/strong><\/p>\n<p>&nbsp;<\/p>\n<p><img fetchpriority=\"high\" decoding=\"async\" class=\"alignnone wp-image-95207\" src=\"https:\/\/fysiolab.dk\/wp-content\/uploads\/2025\/03\/GenuTrainA3_measuring_chart_en_5c1c4ed6-ae81-4a42-a921-93dd0d6f633d-300x168.png\" alt=\"\" width=\"382\" height=\"214\" title=\"\" srcset=\"https:\/\/fysiolab.dk\/wp-content\/uploads\/2025\/03\/GenuTrainA3_measuring_chart_en_5c1c4ed6-ae81-4a42-a921-93dd0d6f633d-300x168.png 300w, https:\/\/fysiolab.dk\/wp-content\/uploads\/2025\/03\/GenuTrainA3_measuring_chart_en_5c1c4ed6-ae81-4a42-a921-93dd0d6f633d-768x430.png 768w, https:\/\/fysiolab.dk\/wp-content\/uploads\/2025\/03\/GenuTrainA3_measuring_chart_en_5c1c4ed6-ae81-4a42-a921-93dd0d6f633d-600x336.png 600w, https:\/\/fysiolab.dk\/wp-content\/uploads\/2025\/03\/GenuTrainA3_measuring_chart_en_5c1c4ed6-ae81-4a42-a921-93dd0d6f633d.png 1010w\" sizes=\"(max-width: 382px) 100vw, 382px\" \/><\/p>\n<p><iframe title=\"Opm\u00e5lingsvejledning til Bauerfeind kn\u00e6bandager\" width=\"800\" height=\"450\" src=\"https:\/\/www.youtube.com\/embed\/6065THzZgT0?feature=oembed\" frameborder=\"0\" allow=\"accelerometer; autoplay; clipboard-write; encrypted-media; gyroscope; picture-in-picture; web-share\" referrerpolicy=\"strict-origin-when-cross-origin\" allowfullscreen><\/iframe><\/p>\n<p>&nbsp;<\/p>\n<p><strong>Genutrain A3 knest\u00f8tte fra Bauerfeind er utviklet spesielt for personer med slitasjegikt i kneet.<\/strong><\/p>\n<p>Denne versjonen av GenuTrain, kalt GenuTrain A3, anbefales av leger, fysioterapeuter og kiropraktorer til personer med artrose (slitasjegikt) som opplever smerter og hevelser og instabilitet i kneet.<\/p>\n<p>Hvis du har et litt st\u00f8rre og tykkere kneledd, er dette den best anbefalte bandasjen for deg!<\/p>\n<p>Den spesialtilpassede medisinske kompresjonen som tyske Bauerfeind har utviklet for denne skinnen, gir kn\u00e6r med artrose riktig st\u00f8tte for \u00e5 redusere smerte og hevelse i hverdagen og forbedre prestasjonen under fysisk aktivitet.<\/p>\n<p>F\u00e5 optimal st\u00f8tte for kneet ditt - bestill Bauerfeind GenuTrain A3 Generation 8 i dag!<\/p>\n","protected":false},"excerpt":{"rendered":"<p><strong>Bauerfeind GenuTrain A3 Generation 8 er en innovativ kneskinne som er utviklet for \u00e5 lindre smerter og stabilisere kneet ved kroniske tilstander, irritasjon og overbelastning. Skinnen er Bauerfeinds toppmodell for slitasjegikt i kneet. Den anatomisk formede bandasjen har en integrert pute som masserer og stimulerer musklene rundt kneet for \u00e5 forbedre blodsirkulasjonen og redusere hevelse.<\/strong><\/p>\n","protected":false},"featured_media":84865,"comment_status":"closed","ping_status":"closed","template":"","meta":{"_acf_changed":false},"product_brand":[],"product_cat":[2273,1981,2734,2354,2148,1978,1937,1933],"product_tag":[2356],"class_list":{"0":"post-84818","1":"product","2":"type-product","3":"status-publish","4":"has-post-thumbnail","6":"product_cat-artrose-menisk-bruskskade-no","7":"product_cat-artrose-menisk-bruskskade","8":"product_cat-bauerfeind-knestoette","9":"product_cat-bondetamp","10":"product_cat-knestoetter-no","11":"product_cat-knestoetter","12":"product_cat-merkevarer","13":"product_cat-skinner-og-stoetteskinner","14":"product_tag-bondetamp","16":"first","17":"instock","18":"taxable","19":"shipping-taxable","20":"purchasable","21":"product-type-variable"},"acf":[],"_links":{"self":[{"href":"https:\/\/fysiolab.dk\/no\/wp-json\/wp\/v2\/product\/84818","targetHints":{"allow":["GET"]}}],"collection":[{"href":"https:\/\/fysiolab.dk\/no\/wp-json\/wp\/v2\/product"}],"about":[{"href":"https:\/\/fysiolab.dk\/no\/wp-json\/wp\/v2\/types\/product"}],"replies":[{"embeddable":true,"href":"https:\/\/fysiolab.dk\/no\/wp-json\/wp\/v2\/comments?post=84818"}],"wp:featuredmedia":[{"embeddable":true,"href":"https:\/\/fysiolab.dk\/no\/wp-json\/wp\/v2\/media\/84865"}],"wp:attachment":[{"href":"https:\/\/fysiolab.dk\/no\/wp-json\/wp\/v2\/media?parent=84818"}],"wp:term":[{"taxonomy":"product_brand","embeddable":true,"href":"https:\/\/fysiolab.dk\/no\/wp-json\/wp\/v2\/product_brand?post=84818"},{"taxonomy":"product_cat","embeddable":true,"href":"https:\/\/fysiolab.dk\/no\/wp-json\/wp\/v2\/product_cat?post=84818"},{"taxonomy":"product_tag","embeddable":true,"href":"https:\/\/fysiolab.dk\/no\/wp-json\/wp\/v2\/product_tag?post=84818"}],"curies":[{"name":"wp","href":"https:\/\/api.w.org\/{rel}","templated":true}]}}