{"id":84849,"date":"2025-02-16T21:43:39","date_gmt":"2025-02-16T20:43:39","guid":{"rendered":"https:\/\/fysiolab.dk\/product\/rocktape-standard-5-cm-x-32-m\/"},"modified":"2025-12-18T09:20:41","modified_gmt":"2025-12-18T08:20:41","slug":"rocktape-standard-5-cm-x-32-m","status":"publish","type":"product","link":"https:\/\/fysiolab.dk\/no\/product\/rocktape-standard-5-cm-x-32-m\/","title":{"rendered":"RockTape - Standard - 5 cm x 32 m"},"content":{"rendered":"<h3 data-start=\"103\" data-end=\"140\">RockTape Standard - 5 cm x 32 m<\/h3>\n<p data-start=\"142\" data-end=\"445\"><strong data-start=\"142\" data-end=\"163\">RockTape Standard<\/strong> er en f\u00f8rsteklasses kinesiotape som er utviklet for b\u00e5de profesjonelle terapeuter og idrettsut\u00f8vere som krever det beste innen st\u00f8tte, komfort og holdbarhet. Teipen er designet for \u00e5 etterligne hudens elastisitet, noe som gj\u00f8r den behagelig \u00e5 ha p\u00e5 - uten \u00e5 begrense bevegelsene. <\/p>\n<h4 data-start=\"447\" data-end=\"475\">Funksjoner og fordeler<\/h4>\n<ul data-start=\"476\" data-end=\"975\">\n<li data-start=\"476\" data-end=\"577\">\n<p data-start=\"478\" data-end=\"577\"><strong data-start=\"478\" data-end=\"501\">Ekstra sterkt klebemiddel<\/strong> - holder sikkert i 3-5 dager, selv under hard trening, sv\u00f8mming eller dusjing.<\/p>\n<\/li>\n<li data-start=\"578\" data-end=\"685\">\n<p data-start=\"580\" data-end=\"685\"><strong data-start=\"580\" data-end=\"603\">Optimal elastisitet<\/strong> - gir effektiv st\u00f8tte for muskler og ledd samtidig som den gir full bevegelsesfrihet.<\/p>\n<\/li>\n<li data-start=\"686\" data-end=\"761\">\n<p data-start=\"688\" data-end=\"761\"><strong data-start=\"688\" data-end=\"714\">Vann- og svettebestandig<\/strong> - perfekt for sport, fitness og hverdagsbruk.<\/p>\n<\/li>\n<li data-start=\"762\" data-end=\"847\">\n<p data-start=\"764\" data-end=\"847\"><strong data-start=\"764\" data-end=\"777\">Hudvennlig - allergivennlig<\/strong>, lateksfri og utformet for \u00e5 minimere hudirritasjon.<\/p>\n<\/li>\n<li data-start=\"848\" data-end=\"975\">\n<p data-start=\"850\" data-end=\"975\"><strong data-start=\"850\" data-end=\"873\">Profesjonell lengde<\/strong> - 32 m rull gj\u00f8r det enkelt og \u00f8konomisk for klinikker, trenere og terapeuter \u00e5 bruke den i stor skala.<\/p>\n<\/li>\n<\/ul>\n<h4 data-start=\"977\" data-end=\"994\">Hvordan bruke<\/h4>\n<p data-start=\"995\" data-end=\"1049\">RockTape kan brukes til en rekke ulike form\u00e5l, blant annet<\/p>\n<ul data-start=\"1050\" data-end=\"1266\">\n<li data-start=\"1050\" data-end=\"1107\">\n<p data-start=\"1052\" data-end=\"1107\">Lindrer smerter og overbelastning i muskler og ledd<\/p>\n<\/li>\n<li data-start=\"1108\" data-end=\"1164\">\n<p data-start=\"1110\" data-end=\"1164\">St\u00f8tte og stabilisering uten \u00e5 begrense bevegeligheten<\/p>\n<\/li>\n<li data-start=\"1165\" data-end=\"1209\">\n<p data-start=\"1167\" data-end=\"1209\">Fremmer blodsirkulasjon og restitusjon<\/p>\n<\/li>\n<li data-start=\"1210\" data-end=\"1266\">\n<p data-start=\"1212\" data-end=\"1266\">Forebygging av skader i idrett og fysisk aktivitet<\/p>\n<\/li>\n<\/ul>\n<h4 data-start=\"1268\" data-end=\"1290\">Spesifikasjoner<\/h4>\n<ul data-start=\"1291\" data-end=\"1490\">\n<li data-start=\"1291\" data-end=\"1331\">\n<p data-start=\"1293\" data-end=\"1331\"><strong data-start=\"1293\" data-end=\"1304\">Bredde:<\/strong> 5 cm (standard st\u00f8rrelse)<\/p>\n<\/li>\n<li data-start=\"1332\" data-end=\"1380\">\n<p data-start=\"1334\" data-end=\"1380\"><strong data-start=\"1334\" data-end=\"1345\">Lengde:<\/strong> 32 m (nok til mange redskaper)<\/p>\n<\/li>\n<li data-start=\"1381\" data-end=\"1422\">\n<p data-start=\"1383\" data-end=\"1422\"><strong data-start=\"1383\" data-end=\"1397\">Materiale:<\/strong> 97 % bomull, 3 % nylon<\/p>\n<\/li>\n<li data-start=\"1423\" data-end=\"1490\">\n<p data-start=\"1425\" data-end=\"1490\"><strong data-start=\"1425\" data-end=\"1444\">Farger\/m\u00f8nstre:<\/strong> Tilgjengelig i flere varianter (velg etter behov)<\/p>\n<\/li>\n<\/ul>\n<p data-start=\"1492\" data-end=\"1677\">Med <strong data-start=\"1496\" data-end=\"1531\">RockTape Standard - 5 cm x 32 m<\/strong> f\u00e5r du en tape som er utviklet for \u00e5 yte sitt beste, enten du er toppidrettsut\u00f8ver, fysioterapeut eller bare vil ha p\u00e5litelig st\u00f8tte i hverdagen.<\/p>\n<p data-start=\"891\" data-end=\"1187\"><a href=\"https:\/\/fysiolab.dk\/no\/product\/rocktape-h2o-ekstra-klebrig-5-cm-x-32-m\/\"><strong>Du finner Rocktape ekstra lim her!<\/strong><\/a><\/p>\n","protected":false},"excerpt":{"rendered":"<p data-start=\"142\" data-end=\"445\"><strong>RockTape Standard er en f\u00f8rsteklasses kinesiotape som er utviklet for b\u00e5de profesjonelle terapeuter og idrettsut\u00f8vere som krever det beste innen st\u00f8tte, komfort og holdbarhet. Teipen er designet for \u00e5 etterligne hudens elastisitet, noe som gj\u00f8r den behagelig \u00e5 ha p\u00e5 - uten \u00e5 begrense bevegelsene. <\/strong><\/p>\n<h4 data-start=\"447\" data-end=\"475\"><\/h4>\n","protected":false},"featured_media":84879,"comment_status":"closed","ping_status":"closed","template":"","meta":{"_acf_changed":false},"product_brand":[],"product_cat":[2088,1948,1937,1941,2791,2087],"product_tag":[2792],"class_list":{"0":"post-84849","1":"product","2":"type-product","3":"status-publish","4":"has-post-thumbnail","6":"product_cat-kinesiologisk-tape","7":"product_cat-klinikk","8":"product_cat-merkevarer","9":"product_cat-rekonvalesens-og-sportspleie","10":"product_cat-rocktape-no","11":"product_cat-tape-no-2","12":"product_tag-rocktape-no","14":"first","15":"instock","16":"taxable","17":"shipping-taxable","18":"purchasable","19":"product-type-variable"},"acf":[],"_links":{"self":[{"href":"https:\/\/fysiolab.dk\/no\/wp-json\/wp\/v2\/product\/84849","targetHints":{"allow":["GET"]}}],"collection":[{"href":"https:\/\/fysiolab.dk\/no\/wp-json\/wp\/v2\/product"}],"about":[{"href":"https:\/\/fysiolab.dk\/no\/wp-json\/wp\/v2\/types\/product"}],"replies":[{"embeddable":true,"href":"https:\/\/fysiolab.dk\/no\/wp-json\/wp\/v2\/comments?post=84849"}],"wp:featuredmedia":[{"embeddable":true,"href":"https:\/\/fysiolab.dk\/no\/wp-json\/wp\/v2\/media\/84879"}],"wp:attachment":[{"href":"https:\/\/fysiolab.dk\/no\/wp-json\/wp\/v2\/media?parent=84849"}],"wp:term":[{"taxonomy":"product_brand","embeddable":true,"href":"https:\/\/fysiolab.dk\/no\/wp-json\/wp\/v2\/product_brand?post=84849"},{"taxonomy":"product_cat","embeddable":true,"href":"https:\/\/fysiolab.dk\/no\/wp-json\/wp\/v2\/product_cat?post=84849"},{"taxonomy":"product_tag","embeddable":true,"href":"https:\/\/fysiolab.dk\/no\/wp-json\/wp\/v2\/product_tag?post=84849"}],"curies":[{"name":"wp","href":"https:\/\/api.w.org\/{rel}","templated":true}]}}