{"id":84875,"date":"2025-03-30T13:46:50","date_gmt":"2025-03-30T11:46:50","guid":{"rendered":"https:\/\/fysiolab.dk\/product\/bauerfeind-achillotrain-8\/"},"modified":"2025-12-18T09:20:41","modified_gmt":"2025-12-18T08:20:41","slug":"bauerfeind-achillotrain-8","status":"publish","type":"product","link":"https:\/\/fysiolab.dk\/no\/product\/bauerfeind-achillotrain-8\/","title":{"rendered":"Bauerfeind Achillotrain 8"},"content":{"rendered":"<p><strong>Bauerfeind AchilloTrain 8 - Optimal st\u00f8tte og smertelindring for akillessenen<\/strong><\/p>\n<p>Bauerfeind AchilloTrain 8 er en avansert ankelbandasje som er utviklet for \u00e5 avlaste og stabilisere akillessenen. Den anatomisk formede bandasjen kombinerer kompresjon med en integrert pute som masserer omr\u00e5det rundt senen og fremmer blodsirkulasjonen.  Dette reduserer hevelse, lindrer smerte og st\u00f8tter helingsprosessen.<\/p>\n<p><strong>AchilloTrain 8 er ideell for:<\/strong><\/p>\n<ul>\n<li>Akillessenebetennelse og irritasjon<\/li>\n<li>Postoperativ rehabilitering<\/li>\n<li>Idrettsskader og overbelastningsskader<\/li>\n<li>Forebygging av nye skader<\/li>\n<\/ul>\n<p>Den pustende, elastiske strikken gir en behagelig passform og optimal bevegelsesfrihet, slik at du kan fortsette med dine daglige aktiviteter uten ubehag. Bandasjen passer til b\u00e5de h\u00f8yre og venstre fot og er tilgjengelig i titan, beige og svart. <\/p>\n<p><strong>St\u00f8rrelsesguide:<\/strong><\/p>\n<p><strong>M\u00e5l omkretsen av ankelen der den er smalest - se video lenger ned i teksten for instruksjoner  <\/strong><\/p>\n<p><a href=\"https:\/\/dev.fysiolab.dk\/wp-content\/uploads\/2025\/05\/csm_measurement_achillotrain-pro_8312135c96.jpg\"><img fetchpriority=\"high\" decoding=\"async\" class=\"alignnone size-medium wp-image-202414328\" src=\"https:\/\/dev.fysiolab.dk\/wp-content\/uploads\/2025\/05\/csm_measurement_achillotrain-pro_8312135c96-300x230.jpg\" alt=\"\" width=\"300\" height=\"230\" title=\"\"><\/a> <a href=\"https:\/\/fysiolab.dk\/wp-content\/uploads\/2025\/03\/Stoerrelse_ankel-2-scaled.jpg\"><img decoding=\"async\" class=\"alignnone size-medium wp-image-202414329\" src=\"https:\/\/dev.fysiolab.dk\/wp-content\/uploads\/2025\/05\/Stoerrelse_ankel-2-scaled.jpg\" alt=\"\" width=\"300\" height=\"155\" title=\"\"><\/a><\/p>\n<p><iframe title=\"Opm\u00e5lingsvejledning ankel FysioLab\" width=\"800\" height=\"450\" src=\"https:\/\/www.youtube.com\/embed\/rkUnY8rnXpY?feature=oembed\" frameborder=\"0\" allow=\"accelerometer; autoplay; clipboard-write; encrypted-media; gyroscope; picture-in-picture; web-share\" referrerpolicy=\"strict-origin-when-cross-origin\" allowfullscreen><\/iframe><\/p>\n<p>Avlastning av akillessenen ved hjelp av senepute og h\u00e6lkile<\/p>\n<p><strong>INDIKASJONER<\/strong><\/p>\n<p>- Akillodyni (tendinose, paratendinitt, subakillesbursitt)<\/p>\n<p>- Haglunds h\u00e6l<\/p>\n<p>- Kroniske, posttraumatiske eller postkirurgiske irritasjoner, f.eks. akillesseneruptur<\/p>\n<p><strong>FORDELER OG DRIFTSM\u00c5TER<\/strong><\/p>\n<p>- Puten gir et jevnt trykk, og n\u00e5r den beveges, gir den en massasjeeffekt som forbedrer stoffskiftet lokalt og reduserer \u00f8demer.<\/p>\n<p>- Den integrerte seneputen er viskoelastisk og anatomisk formet<\/p>\n<p>- M\u00e5lrettet vekslende kompresjon bidrar blant annet til \u00e5 forbedre muskelkontroll og bevegelseskoordinasjon<\/p>\n<p>F\u00e5 den st\u00f8tten du trenger - bestill Bauerfeind AchilloTrain 8 i dag!<\/p>\n","protected":false},"excerpt":{"rendered":"<p><strong>Bauerfeind AchilloTrain 8 er en avansert ankelbandasje som er utviklet for \u00e5 avlaste og stabilisere akillessenen. Den anatomisk formede bandasjen kombinerer kompresjon med en integrert pute som masserer omr\u00e5det rundt senen og fremmer blodsirkulasjonen.  Dette reduserer hevelse, lindrer smerte og st\u00f8tter helingsprosessen. Passer b\u00e5de til venstre og h\u00f8yre<\/strong><\/p>\n<p>&nbsp;<\/p>\n","protected":false},"featured_media":84902,"comment_status":"closed","ping_status":"closed","template":"","meta":{"_acf_changed":false},"product_brand":[],"product_cat":[1992,2762,2354,1937,1933,1993,1995],"product_tag":[2356],"class_list":{"0":"post-84875","1":"product","2":"type-product","3":"status-publish","4":"has-post-thumbnail","6":"product_cat-ankelskinne","7":"product_cat-bauerfeind-akillesbandasje","8":"product_cat-bondetamp","9":"product_cat-merkevarer","10":"product_cat-skinner-og-stoetteskinner","11":"product_cat-smerter-i-akillessenen","12":"product_cat-smerter-i-haelen","13":"product_tag-bondetamp","15":"first","16":"instock","17":"taxable","18":"shipping-taxable","19":"purchasable","20":"product-type-variable"},"acf":[],"_links":{"self":[{"href":"https:\/\/fysiolab.dk\/no\/wp-json\/wp\/v2\/product\/84875","targetHints":{"allow":["GET"]}}],"collection":[{"href":"https:\/\/fysiolab.dk\/no\/wp-json\/wp\/v2\/product"}],"about":[{"href":"https:\/\/fysiolab.dk\/no\/wp-json\/wp\/v2\/types\/product"}],"replies":[{"embeddable":true,"href":"https:\/\/fysiolab.dk\/no\/wp-json\/wp\/v2\/comments?post=84875"}],"wp:featuredmedia":[{"embeddable":true,"href":"https:\/\/fysiolab.dk\/no\/wp-json\/wp\/v2\/media\/84902"}],"wp:attachment":[{"href":"https:\/\/fysiolab.dk\/no\/wp-json\/wp\/v2\/media?parent=84875"}],"wp:term":[{"taxonomy":"product_brand","embeddable":true,"href":"https:\/\/fysiolab.dk\/no\/wp-json\/wp\/v2\/product_brand?post=84875"},{"taxonomy":"product_cat","embeddable":true,"href":"https:\/\/fysiolab.dk\/no\/wp-json\/wp\/v2\/product_cat?post=84875"},{"taxonomy":"product_tag","embeddable":true,"href":"https:\/\/fysiolab.dk\/no\/wp-json\/wp\/v2\/product_tag?post=84875"}],"curies":[{"name":"wp","href":"https:\/\/api.w.org\/{rel}","templated":true}]}}