{"id":84912,"date":"2025-03-30T13:03:51","date_gmt":"2025-03-30T11:03:51","guid":{"rendered":"https:\/\/fysiolab.dk\/product\/kald-bandasje-for-skulder-korsrygg-og-bryst\/"},"modified":"2025-12-18T09:20:41","modified_gmt":"2025-12-18T08:20:41","slug":"kald-bandasje-for-skulder-korsrygg-og-bryst","status":"publish","type":"product","link":"https:\/\/fysiolab.dk\/no\/product\/kald-bandasje-for-skulder-korsrygg-og-bryst\/","title":{"rendered":"Kald bandasje for skulder, korsrygg og bryst"},"content":{"rendered":"<p><strong>RehabMedic Cold Bandage - Effektiv smertelindring for skulder, korsrygg og bryst<\/strong><\/p>\n<p>RehabMedic Cold Bandage er en innovativ l\u00f8sning for smertelindring og rehabilitering. Den anatomisk utformede bandasjen tilpasser seg perfekt til skulderen, korsryggen eller brystet og gir m\u00e5lrettet kuldebehandling for \u00e5 redusere hevelse, betennelse og muskels\u00e5rhet. <\/p>\n<p>Rask og effektiv kuldebehandling som lindrer smerte og reduserer hevelse.<br \/>\nErgonomisk passform som er komfortabel og justerbar for optimal st\u00f8tte.<br \/>\nSlitesterk og fleksibel - perfekt for b\u00e5de idrettsskader og postoperativ bruk.<\/p>\n<p>Ideell for idrettsut\u00f8vere, personer med kroniske smerter eller de som er i rehabilitering. Bruk den hjemme eller etter fysisk aktivitet for raskere restitusjon. <\/p>\n<p>Isposen som brukes er tilgjengelig her: <a href=\"https:\/\/fysiolab.dk\/no\/product\/kulde-varmepose\/\">RehabMedic gjenbrukbar kulde-\/varmepose<\/a><\/p>\n<p>Bestill din RehabMedic kuldebandasje i dag og opplev lindringen!<\/p>\n","protected":false},"excerpt":{"rendered":"<p><strong>RehabMedic Cold Bandage er en innovativ l\u00f8sning for smertelindring og rehabilitering. Den anatomisk utformede bandasjen tilpasser seg perfekt til skulderen, korsryggen eller brystet og gir m\u00e5lrettet kuldebehandling for \u00e5 redusere hevelse, betennelse og muskels\u00e5rhet. <\/strong><\/p>\n<p>&nbsp;<\/p>\n","protected":false},"featured_media":84921,"comment_status":"closed","ping_status":"closed","template":"","meta":{"_acf_changed":false},"product_brand":[],"product_cat":[2119,2120,2434,1948,1937,1943,1933,2118],"product_tag":[1944],"class_list":{"0":"post-84912","1":"product","2":"type-product","3":"status-publish","4":"has-post-thumbnail","6":"product_cat-kald-og-varmebehandling","7":"product_cat-kalde-pakninger","8":"product_cat-kjoeleprodukter","9":"product_cat-klinikk","10":"product_cat-merkevarer","11":"product_cat-rehabmedic-no","12":"product_cat-skinner-og-stoetteskinner","13":"product_cat-skulder-no","14":"product_tag-rehabmedic-no","16":"first","17":"instock","18":"taxable","19":"shipping-taxable","20":"purchasable","21":"product-type-simple"},"acf":[],"_links":{"self":[{"href":"https:\/\/fysiolab.dk\/no\/wp-json\/wp\/v2\/product\/84912","targetHints":{"allow":["GET"]}}],"collection":[{"href":"https:\/\/fysiolab.dk\/no\/wp-json\/wp\/v2\/product"}],"about":[{"href":"https:\/\/fysiolab.dk\/no\/wp-json\/wp\/v2\/types\/product"}],"replies":[{"embeddable":true,"href":"https:\/\/fysiolab.dk\/no\/wp-json\/wp\/v2\/comments?post=84912"}],"wp:featuredmedia":[{"embeddable":true,"href":"https:\/\/fysiolab.dk\/no\/wp-json\/wp\/v2\/media\/84921"}],"wp:attachment":[{"href":"https:\/\/fysiolab.dk\/no\/wp-json\/wp\/v2\/media?parent=84912"}],"wp:term":[{"taxonomy":"product_brand","embeddable":true,"href":"https:\/\/fysiolab.dk\/no\/wp-json\/wp\/v2\/product_brand?post=84912"},{"taxonomy":"product_cat","embeddable":true,"href":"https:\/\/fysiolab.dk\/no\/wp-json\/wp\/v2\/product_cat?post=84912"},{"taxonomy":"product_tag","embeddable":true,"href":"https:\/\/fysiolab.dk\/no\/wp-json\/wp\/v2\/product_tag?post=84912"}],"curies":[{"name":"wp","href":"https:\/\/api.w.org\/{rel}","templated":true}]}}