{"id":84926,"date":"2025-02-17T21:51:54","date_gmt":"2025-02-17T20:51:54","guid":{"rendered":"https:\/\/fysiolab.dk\/product\/rockfloss\/"},"modified":"2025-12-18T09:20:41","modified_gmt":"2025-12-18T08:20:41","slug":"rockfloss","status":"publish","type":"product","link":"https:\/\/fysiolab.dk\/no\/product\/rockfloss\/","title":{"rendered":"Rockfloss 5cm x 2,1m"},"content":{"rendered":"<p data-start=\"36\" data-end=\"294\">RockFloss er et nytt, gjenbrukbart lateksb\u00e5nd som kan hjelpe deg til \u00e5 bevege deg bedre og med mindre smerte. RockFloss er et enkelt, elastisk lateksb\u00e5nd som lett f\u00e5r plass i treningsbagen eller ryggsekken. Det er enkelt, praktisk og gjenbrukbart.  <\/p>\n<p data-start=\"296\" data-end=\"533\">L\u00f8sne opp anspente muskler, forbedre fleksibiliteten og redusere muskel- og leddsmerter. RockFloss bruker bakgrunnskunnskap om kompresjon og fascia for \u00e5 \"l\u00f8sne\" muskler og ledd slik at de beveger seg bedre og med mindre smerte. <\/p>\n<p data-start=\"535\" data-end=\"780\"><strong>N\u00e5r b\u00f8r du bruke RockFloss?  <\/strong><\/p>\n<p data-start=\"535\" data-end=\"780\">RockFloss kan brukes f\u00f8r, under eller etter trening eller som en del av et rehabiliteringsprogram. Hvis du er under behandling av helsepersonell, b\u00f8r du diskutere bruken av RockFloss med helsepersonellet. <\/p>\n<p data-start=\"782\" data-end=\"815\"><strong>Hvordan skal jeg bruke RockFloss?<\/strong><\/p>\n<p data-start=\"818\" data-end=\"1078\">Du kan bruke RockFloss p\u00e5 nesten alle deler av kroppen; den eneste begrensningen er st\u00f8rrelsen p\u00e5 kroppsdelen du \u00f8nsker \u00e5 behandle. Skuldre, kn\u00e6r, h\u00e5ndledd, albuer, hofter og ankler er alle gode m\u00e5lomr\u00e5der. Du b\u00f8r aldri bruke RockFloss p\u00e5 hodet eller halsen.  <\/p>\n<p data-start=\"1080\" data-end=\"1127\" data-is-last-node=\"\"><strong>RockFloss inkluderer detaljerte instruksjoner og veiledninger i pakken.<\/strong><\/p>\n<p data-start=\"1080\" data-end=\"1127\" data-is-last-node=\"\"><strong>Se videoen for inspirasjon<\/strong><\/p>\n<p><iframe title=\"RockTape - RockFloss Tutorial - Knee\" width=\"800\" height=\"450\" src=\"https:\/\/www.youtube.com\/embed\/XrBaErnnf60?feature=oembed\" frameborder=\"0\" allow=\"accelerometer; autoplay; clipboard-write; encrypted-media; gyroscope; picture-in-picture; web-share\" referrerpolicy=\"strict-origin-when-cross-origin\" allowfullscreen><\/iframe><\/p>\n<p>&nbsp;<\/p>\n","protected":false},"excerpt":{"rendered":"<p><strong>RockFloss er et nytt, gjenbrukbart lateksb\u00e5nd som kan hjelpe deg til \u00e5 bevege deg bedre og med mindre smerte. RockFloss er et enkelt, elastisk lateksb\u00e5nd som lett f\u00e5r plass i treningsbagen eller ryggsekken. Det er enkelt, praktisk og gjenbrukbart.  <\/strong><\/p>\n","protected":false},"featured_media":95670,"comment_status":"closed","ping_status":"closed","template":"","meta":{"_acf_changed":false},"product_brand":[],"product_cat":[2413,1948,1937,2791],"product_tag":[2792],"class_list":{"0":"post-84926","1":"product","2":"type-product","3":"status-publish","4":"has-post-thumbnail","6":"product_cat-dressinger-og-wraps","7":"product_cat-klinikk","8":"product_cat-merkevarer","9":"product_cat-rocktape-no","10":"product_tag-rocktape-no","12":"first","13":"instock","14":"taxable","15":"shipping-taxable","16":"purchasable","17":"product-type-simple"},"acf":[],"_links":{"self":[{"href":"https:\/\/fysiolab.dk\/no\/wp-json\/wp\/v2\/product\/84926","targetHints":{"allow":["GET"]}}],"collection":[{"href":"https:\/\/fysiolab.dk\/no\/wp-json\/wp\/v2\/product"}],"about":[{"href":"https:\/\/fysiolab.dk\/no\/wp-json\/wp\/v2\/types\/product"}],"replies":[{"embeddable":true,"href":"https:\/\/fysiolab.dk\/no\/wp-json\/wp\/v2\/comments?post=84926"}],"wp:featuredmedia":[{"embeddable":true,"href":"https:\/\/fysiolab.dk\/no\/wp-json\/wp\/v2\/media\/95670"}],"wp:attachment":[{"href":"https:\/\/fysiolab.dk\/no\/wp-json\/wp\/v2\/media?parent=84926"}],"wp:term":[{"taxonomy":"product_brand","embeddable":true,"href":"https:\/\/fysiolab.dk\/no\/wp-json\/wp\/v2\/product_brand?post=84926"},{"taxonomy":"product_cat","embeddable":true,"href":"https:\/\/fysiolab.dk\/no\/wp-json\/wp\/v2\/product_cat?post=84926"},{"taxonomy":"product_tag","embeddable":true,"href":"https:\/\/fysiolab.dk\/no\/wp-json\/wp\/v2\/product_tag?post=84926"}],"curies":[{"name":"wp","href":"https:\/\/api.w.org\/{rel}","templated":true}]}}