{"id":85004,"date":"2025-02-13T22:34:02","date_gmt":"2025-02-13T21:34:02","guid":{"rendered":"https:\/\/fysiolab.dk\/product\/rehabmedic-oeyemaske\/"},"modified":"2025-12-18T09:20:43","modified_gmt":"2025-12-18T08:20:43","slug":"rehabmedic-oeyemaske","status":"publish","type":"product","link":"https:\/\/fysiolab.dk\/no\/product\/rehabmedic-oeyemaske\/","title":{"rendered":"RehabMedic \u00d8yemaske"},"content":{"rendered":"<p><strong>RehabMedic \u00d8yemaske - Kulde- og varmebehandling<\/strong><\/p>\n<p>RehabMedic Eye Mask er utviklet for b\u00e5de kulde- og varmeterapi og er ideell for restitusjon, skj\u00f8nnhetspleie og avslapning. Masken kan brukes til \u00e5 lindre tretthet i \u00f8ynene, redusere hevelser og m\u00f8rke ringer og fremme hudens velv\u00e6re. <\/p>\n<p><strong>Kuldebehandling:<\/strong><\/p>\n<ul>\n<li>Lindrer smerte og \u00f8yeirritasjon<\/li>\n<li>Reduserer hevelser og m\u00f8rke ringer<\/li>\n<li>Perfekt for slitne og anstrengte \u00f8yne<\/li>\n<\/ul>\n<p><strong>Varmebehandling:<\/strong><\/p>\n<ul>\n<li>Fremmer blodsirkulasjonen rundt \u00f8ynene<\/li>\n<li>Forbedrer hudens pust og f\u00e5r musklene til \u00e5 slappe av<\/li>\n<li>Ideell for avslapning og velv\u00e6re<\/li>\n<\/ul>\n<p>Masken er behagelig \u00e5 bruke og kan enkelt varmes opp eller kj\u00f8les ned etter behov. Perfekt til bruk hjemme, etter trening eller som en del av din daglige skj\u00f8nnhetsrutine. <\/p>\n","protected":false},"excerpt":{"rendered":"<p><strong>RehabMedic Eye Mask er utviklet for b\u00e5de kulde- og varmeterapi og er ideell for restitusjon, skj\u00f8nnhetspleie og avslapning. Masken kan brukes til \u00e5 lindre tretthet i \u00f8ynene, redusere hevelser og m\u00f8rke ringer og fremme hudens velv\u00e6re. <\/strong><\/p>\n<p>&nbsp;<\/p>\n","protected":false},"featured_media":85006,"comment_status":"closed","ping_status":"closed","template":"","meta":{"_acf_changed":false},"product_brand":[],"product_cat":[2124,2434,1948,1937,2439,1943,1941],"product_tag":[1944],"class_list":{"0":"post-85004","1":"product","2":"type-product","3":"status-publish","4":"has-post-thumbnail","6":"product_cat-kald-varmebehandling","7":"product_cat-kjoeleprodukter","8":"product_cat-klinikk","9":"product_cat-merkevarer","10":"product_cat-oppvarmingsprodukter","11":"product_cat-rehabmedic-no","12":"product_cat-rekonvalesens-og-sportspleie","13":"product_tag-rehabmedic-no","15":"first","16":"instock","17":"taxable","18":"shipping-taxable","19":"purchasable","20":"product-type-simple"},"acf":[],"_links":{"self":[{"href":"https:\/\/fysiolab.dk\/no\/wp-json\/wp\/v2\/product\/85004","targetHints":{"allow":["GET"]}}],"collection":[{"href":"https:\/\/fysiolab.dk\/no\/wp-json\/wp\/v2\/product"}],"about":[{"href":"https:\/\/fysiolab.dk\/no\/wp-json\/wp\/v2\/types\/product"}],"replies":[{"embeddable":true,"href":"https:\/\/fysiolab.dk\/no\/wp-json\/wp\/v2\/comments?post=85004"}],"wp:featuredmedia":[{"embeddable":true,"href":"https:\/\/fysiolab.dk\/no\/wp-json\/wp\/v2\/media\/85006"}],"wp:attachment":[{"href":"https:\/\/fysiolab.dk\/no\/wp-json\/wp\/v2\/media?parent=85004"}],"wp:term":[{"taxonomy":"product_brand","embeddable":true,"href":"https:\/\/fysiolab.dk\/no\/wp-json\/wp\/v2\/product_brand?post=85004"},{"taxonomy":"product_cat","embeddable":true,"href":"https:\/\/fysiolab.dk\/no\/wp-json\/wp\/v2\/product_cat?post=85004"},{"taxonomy":"product_tag","embeddable":true,"href":"https:\/\/fysiolab.dk\/no\/wp-json\/wp\/v2\/product_tag?post=85004"}],"curies":[{"name":"wp","href":"https:\/\/api.w.org\/{rel}","templated":true}]}}