{"id":85005,"date":"2025-02-13T21:50:00","date_gmt":"2025-02-13T20:50:00","guid":{"rendered":"https:\/\/fysiolab.dk\/product\/rehabmedic-essentials-ultralydgel-1l-5l\/"},"modified":"2025-12-18T09:20:44","modified_gmt":"2025-12-18T08:20:44","slug":"rehabmedic-essentials-ultralydgel-1l-5l","status":"publish","type":"product","link":"https:\/\/fysiolab.dk\/no\/product\/rehabmedic-essentials-ultralydgel-1l-5l\/","title":{"rendered":"RehabMedic Ultralydgel 1L &amp; 5L"},"content":{"rendered":"<p><strong>RehabMedic Ultralydgel - 1L &amp; 5L<\/strong><\/p>\n<p>RehabMedic Essentials Ultrasound Gel er en h\u00f8ykvalitets, sv\u00e6rt ledende gel som sikrer optimal signaloverf\u00f8ring ved ultralydbehandlinger. Den har h\u00f8y viskositet, noe som gj\u00f8r den lett \u00e5 arbeide med uten at den renner. <\/p>\n<p>Gelen er ikke fet, luktfri og ikke utt\u00f8rkende, noe som gir en behagelig opplevelse for b\u00e5de behandler og pasient. Perfekt for bruk p\u00e5 klinikker, i fysioterapi og andre medisinske behandlinger. <\/p>\n<p><strong>Funksjoner:<\/strong><\/p>\n<ul>\n<li>H\u00f8y ledningsevne for presis ultralydoverf\u00f8ring<\/li>\n<li>H\u00f8y viskositet - renner ikke under bruk<\/li>\n<li>Fri for fett og t\u00f8rker ikke ut<\/li>\n<li>Luktfri og hudvennlig<\/li>\n<\/ul>\n<p><a href=\"https:\/\/fysiolab.dk\/no\/product\/rehabmedic-supersonic-ultrasound-gel-1l-5l\/\"><strong>Ogs\u00e5 tilgjengelig som Supersonic Ultrasound Gel her<\/strong><\/a><\/p>\n<p><strong>Finnes i b\u00e5de 1L og 5L beholdere - ideelt for b\u00e5de sm\u00e5 og store behov.<\/strong><\/p>\n","protected":false},"excerpt":{"rendered":"<p><strong>RehabMedic Ultrasound Gel er en h\u00f8ykvalitets, sv\u00e6rt ledende gel som sikrer optimal signaloverf\u00f8ring under ultralydbehandlinger. Den har h\u00f8y viskositet, noe som gj\u00f8r den lett \u00e5 arbeide med uten at den renner. <\/strong><\/p>\n<p><strong>Gelen er ikke fet, luktfri og ikke utt\u00f8rkende, noe som gir en behagelig opplevelse for b\u00e5de behandler og pasient. Perfekt for bruk p\u00e5 klinikker, i fysioterapi og andre medisinske behandlinger. <\/strong><\/p>\n","protected":false},"featured_media":85012,"comment_status":"closed","ping_status":"closed","template":"","meta":{"_acf_changed":false},"product_brand":[],"product_cat":[1948,1937,1943,1941,2398,2646],"product_tag":[1944],"class_list":{"0":"post-85005","1":"product","2":"type-product","3":"status-publish","4":"has-post-thumbnail","6":"product_cat-klinikk","7":"product_cat-merkevarer","8":"product_cat-rehabmedic-no","9":"product_cat-rekonvalesens-og-sportspleie","10":"product_cat-ultralydgel","11":"product_cat-ultralydgel-no","12":"product_tag-rehabmedic-no","14":"first","15":"instock","16":"taxable","17":"shipping-taxable","18":"purchasable","19":"product-type-variable"},"acf":[],"_links":{"self":[{"href":"https:\/\/fysiolab.dk\/no\/wp-json\/wp\/v2\/product\/85005","targetHints":{"allow":["GET"]}}],"collection":[{"href":"https:\/\/fysiolab.dk\/no\/wp-json\/wp\/v2\/product"}],"about":[{"href":"https:\/\/fysiolab.dk\/no\/wp-json\/wp\/v2\/types\/product"}],"replies":[{"embeddable":true,"href":"https:\/\/fysiolab.dk\/no\/wp-json\/wp\/v2\/comments?post=85005"}],"wp:featuredmedia":[{"embeddable":true,"href":"https:\/\/fysiolab.dk\/no\/wp-json\/wp\/v2\/media\/85012"}],"wp:attachment":[{"href":"https:\/\/fysiolab.dk\/no\/wp-json\/wp\/v2\/media?parent=85005"}],"wp:term":[{"taxonomy":"product_brand","embeddable":true,"href":"https:\/\/fysiolab.dk\/no\/wp-json\/wp\/v2\/product_brand?post=85005"},{"taxonomy":"product_cat","embeddable":true,"href":"https:\/\/fysiolab.dk\/no\/wp-json\/wp\/v2\/product_cat?post=85005"},{"taxonomy":"product_tag","embeddable":true,"href":"https:\/\/fysiolab.dk\/no\/wp-json\/wp\/v2\/product_tag?post=85005"}],"curies":[{"name":"wp","href":"https:\/\/api.w.org\/{rel}","templated":true}]}}