{"id":85014,"date":"2025-02-13T22:22:35","date_gmt":"2025-02-13T21:22:35","guid":{"rendered":"https:\/\/fysiolab.dk\/product\/rehabmedic-engangspose-18-x-13-cm\/"},"modified":"2025-12-18T09:20:43","modified_gmt":"2025-12-18T08:20:43","slug":"rehabmedic-engangspose-18-x-13-cm","status":"publish","type":"product","link":"https:\/\/fysiolab.dk\/no\/product\/rehabmedic-engangspose-18-x-13-cm\/","title":{"rendered":"RehabMedic Engangspose 18 x 13 cm"},"content":{"rendered":"<p><strong>RehabMedic Engangs ispose 18&#215;13 cm<\/strong><\/p>\n<p>RehabMedic Engangsispose er en effektiv og enkel l\u00f8sning for umiddelbar kuldebehandling av skader. Den aktiveres raskt med et lett trykk og krever ingen nedfrysing, noe som gj\u00f8r den ideell for bruk i n\u00f8dsituasjoner. Perfekt til behandling av idrettsskader, forstuinger, slag, hevelser og mindre brannskader.  <\/p>\n<p>Den kompakte st\u00f8rrelsen p\u00e5 18&#215;13 cm gj\u00f8r den enkel \u00e5 ha med seg i sportsbagen, f\u00f8rstehjelpsskrinet eller bilen, slik at du alltid har rask smertelindring for h\u00e5nden. Engangsdesignen sikrer hygienisk bruk uten behov for rengj\u00f8ring eller gjenbruk. <\/p>\n<p><strong>Funksjoner:<\/strong><\/p>\n<ul>\n<li>Rask aktivering - trykk og rist for \u00f8yeblikkelig kj\u00f8ling<\/li>\n<li>Ingen nedfrysing n\u00f8dvendig - klar til bruk n\u00e5r som helst<\/li>\n<li>Reduserer hevelse og smerte ved skader og forstuinger<\/li>\n<li>Kompakt st\u00f8rrelse (18&#215;13 cm) - enkel \u00e5 oppbevare og transportere<\/li>\n<li>Hygienisk engangsbruk - ideell for sport, klinikker og f\u00f8rstehjelpsskrin<\/li>\n<\/ul>\n<p>Perfekt for profesjonelle, idrettsut\u00f8vere og privatpersoner som \u00f8nsker en rask og effektiv l\u00f8sning for behandling av akutte skader.<\/p>\n","protected":false},"excerpt":{"rendered":"<p><strong>RehabMedic Engangsispose er en effektiv og enkel l\u00f8sning for umiddelbar kuldebehandling av skader. Den aktiveres raskt med et lett trykk og krever ingen nedfrysing, noe som gj\u00f8r den ideell for bruk i n\u00f8dsituasjoner. Perfekt til behandling av idrettsskader, forstuinger, slag, hevelser og mindre brannskader.  <\/strong><\/p>\n<p>&nbsp;<\/p>\n","protected":false},"featured_media":85016,"comment_status":"closed","ping_status":"closed","template":"","meta":{"_acf_changed":false},"product_brand":[],"product_cat":[2433,1942,2124,2434,1948,1937,1943,1941],"product_tag":[1944],"class_list":{"0":"post-85014","1":"product","2":"type-product","3":"status-publish","4":"has-post-thumbnail","6":"product_cat-avlastning-ved-forkjoelelse","7":"product_cat-foerstehjelp","8":"product_cat-kald-varmebehandling","9":"product_cat-kjoeleprodukter","10":"product_cat-klinikk","11":"product_cat-merkevarer","12":"product_cat-rehabmedic-no","13":"product_cat-rekonvalesens-og-sportspleie","14":"product_tag-rehabmedic-no","16":"first","17":"instock","18":"sale","19":"taxable","20":"shipping-taxable","21":"purchasable","22":"product-type-simple"},"acf":[],"_links":{"self":[{"href":"https:\/\/fysiolab.dk\/no\/wp-json\/wp\/v2\/product\/85014","targetHints":{"allow":["GET"]}}],"collection":[{"href":"https:\/\/fysiolab.dk\/no\/wp-json\/wp\/v2\/product"}],"about":[{"href":"https:\/\/fysiolab.dk\/no\/wp-json\/wp\/v2\/types\/product"}],"replies":[{"embeddable":true,"href":"https:\/\/fysiolab.dk\/no\/wp-json\/wp\/v2\/comments?post=85014"}],"wp:featuredmedia":[{"embeddable":true,"href":"https:\/\/fysiolab.dk\/no\/wp-json\/wp\/v2\/media\/85016"}],"wp:attachment":[{"href":"https:\/\/fysiolab.dk\/no\/wp-json\/wp\/v2\/media?parent=85014"}],"wp:term":[{"taxonomy":"product_brand","embeddable":true,"href":"https:\/\/fysiolab.dk\/no\/wp-json\/wp\/v2\/product_brand?post=85014"},{"taxonomy":"product_cat","embeddable":true,"href":"https:\/\/fysiolab.dk\/no\/wp-json\/wp\/v2\/product_cat?post=85014"},{"taxonomy":"product_tag","embeddable":true,"href":"https:\/\/fysiolab.dk\/no\/wp-json\/wp\/v2\/product_tag?post=85014"}],"curies":[{"name":"wp","href":"https:\/\/api.w.org\/{rel}","templated":true}]}}