{"id":85018,"date":"2025-02-13T22:08:23","date_gmt":"2025-02-13T21:08:23","guid":{"rendered":"https:\/\/fysiolab.dk\/product\/rehabmedic-nese-og-ansiktsbeskytter\/"},"modified":"2026-03-11T12:41:29","modified_gmt":"2026-03-11T11:41:29","slug":"rehabmedic-nese-og-ansiktsbeskytter","status":"publish","type":"product","link":"https:\/\/fysiolab.dk\/no\/product\/rehabmedic-nese-og-ansiktsbeskytter\/","title":{"rendered":"RehabMedic Nese- og ansiktsbeskytter"},"content":{"rendered":"<p><strong>RehabMedic Nese- og ansiktsbeskytter<\/strong><\/p>\n<p>RehabMedic Nese- og ansiktsbeskytter er utviklet for \u00e5 beskytte og st\u00f8tte nesen etter slag eller brudd. Den anbefales spesielt for personer med brukket nese som trenger ekstra sikkerhet under idrett eller daglige aktiviteter. <\/p>\n<p>Beskytteren har en behagelig skumpolstring p\u00e5 innsiden for maksimal komfort, mens de elastiske stroppene s\u00f8rger for en individuell og justerbar passform. Den lette konstruksjonen gj\u00f8r den enkel \u00e5 bruke uten \u00e5 p\u00e5virke synet eller bevegeligheten. <\/p>\n<p><strong>Funksjoner:<\/strong><\/p>\n<ul>\n<li>Anbefales ved brukket nese og neseskader<\/li>\n<li>Beskytter og st\u00f8tter etter slag eller brudd<\/li>\n<li>Innvendig skumpolstring for \u00f8kt komfort<\/li>\n<li>Justerbare stropper med strikk for perfekt passform<\/li>\n<li>Lav vekt - minimal innvirkning p\u00e5 bevegelse og syn<\/li>\n<\/ul>\n<p>Ideell for sport og daglig beskyttelse.<\/p>\n","protected":false},"excerpt":{"rendered":"<p><strong>RehabMedic Nese- og ansiktsbeskytter er utviklet for \u00e5 beskytte og st\u00f8tte nesen etter slag eller brudd. Den anbefales spesielt for personer med brukket nese som trenger ekstra sikkerhet under idrett eller daglige aktiviteter. <\/strong><\/p>\n<p><strong>Beskytteren har en behagelig skumpolstring p\u00e5 innsiden for maksimal komfort, mens de elastiske stroppene s\u00f8rger for en individuell og justerbar passform. Den lette konstruksjonen gj\u00f8r den enkel \u00e5 bruke uten \u00e5 p\u00e5virke synet eller bevegeligheten. <\/strong><\/p>\n<p>&nbsp;<\/p>\n","protected":false},"featured_media":85020,"comment_status":"closed","ping_status":"closed","template":"","meta":{"_acf_changed":false},"product_brand":[3087],"product_cat":[2218,2374,1937,1943,1945],"product_tag":[1944],"class_list":{"0":"post-85018","1":"product","2":"type-product","3":"status-publish","4":"has-post-thumbnail","6":"product_brand-rehabmedic","7":"product_cat-fotball-og-fotball","8":"product_cat-haandball","9":"product_cat-merkevarer","10":"product_cat-rehabmedic-no","11":"product_cat-treningsutstyr","12":"product_tag-rehabmedic-no","14":"first","15":"onbackorder","16":"taxable","17":"shipping-taxable","18":"purchasable","19":"product-type-simple"},"acf":[],"_links":{"self":[{"href":"https:\/\/fysiolab.dk\/no\/wp-json\/wp\/v2\/product\/85018","targetHints":{"allow":["GET"]}}],"collection":[{"href":"https:\/\/fysiolab.dk\/no\/wp-json\/wp\/v2\/product"}],"about":[{"href":"https:\/\/fysiolab.dk\/no\/wp-json\/wp\/v2\/types\/product"}],"replies":[{"embeddable":true,"href":"https:\/\/fysiolab.dk\/no\/wp-json\/wp\/v2\/comments?post=85018"}],"wp:featuredmedia":[{"embeddable":true,"href":"https:\/\/fysiolab.dk\/no\/wp-json\/wp\/v2\/media\/85020"}],"wp:attachment":[{"href":"https:\/\/fysiolab.dk\/no\/wp-json\/wp\/v2\/media?parent=85018"}],"wp:term":[{"taxonomy":"product_brand","embeddable":true,"href":"https:\/\/fysiolab.dk\/no\/wp-json\/wp\/v2\/product_brand?post=85018"},{"taxonomy":"product_cat","embeddable":true,"href":"https:\/\/fysiolab.dk\/no\/wp-json\/wp\/v2\/product_cat?post=85018"},{"taxonomy":"product_tag","embeddable":true,"href":"https:\/\/fysiolab.dk\/no\/wp-json\/wp\/v2\/product_tag?post=85018"}],"curies":[{"name":"wp","href":"https:\/\/api.w.org\/{rel}","templated":true}]}}