{"id":85024,"date":"2025-02-13T22:01:30","date_gmt":"2025-02-13T21:01:30","guid":{"rendered":"https:\/\/fysiolab.dk\/product\/rehabmedic-treningsbaand-sett-med-3-stk-lett-motstand\/"},"modified":"2025-12-18T09:20:44","modified_gmt":"2025-12-18T08:20:44","slug":"rehabmedic-treningsbaand-sett-med-3-stk-lett-motstand","status":"publish","type":"product","link":"https:\/\/fysiolab.dk\/no\/product\/rehabmedic-treningsbaand-sett-med-3-stk-lett-motstand\/","title":{"rendered":"RehabMedic Treningsb\u00e5nd sett med 3 stk (lett motstand)"},"content":{"rendered":"<p><strong>RehabMedic Elastikksett - 3 stk (lett motstand)<\/strong><\/p>\n<p>RehabMedic-strikk-settet er perfekt til sk\u00e5nsom styrketrening, rehabilitering og bevegelighetstrening. Settet inneholder tre elastiske b\u00e5nd med ulike motstandsniv\u00e5er, slik at du kan tilpasse treningen etter behov. Hver strikk er 1,5 meter lang og er laget av et slitesterkt og fleksibelt materiale.  <\/p>\n<p><strong>Motstandsniv\u00e5er:<\/strong><\/p>\n<ul>\n<li>Gul - Lys<\/li>\n<li>R\u00f8d - Medium<\/li>\n<li>Gr\u00f8nn - Hard<\/li>\n<\/ul>\n<p><strong>Funksjoner:<\/strong><\/p>\n<ul>\n<li>3 gummistrikk i forskjellige motstandsniv\u00e5er<\/li>\n<li>Lengde: 1,5 meter - ideell for allsidig trening<\/li>\n<li>Egnet for rehabilitering, mobilitet og lett styrketrening<\/li>\n<li>Lett \u00e5 transportere og bruke hvor som helst<\/li>\n<\/ul>\n<p><a href=\"https:\/\/fysiolab.dk\/no\/product\/rehabmedic-treningsbaand-sett-med-3-stk-sterk-motstand\/\"><strong>Ogs\u00e5 tilgjengelig i sett med 3 med hard motstand her!<\/strong><\/a><\/p>\n<p>Perfekt for fysioterapi, hjemmetrening og fitness.<\/p>\n","protected":false},"excerpt":{"rendered":"<p><strong>RehabMedic-strikk-settet er perfekt til sk\u00e5nsom styrketrening, rehabilitering og bevegelighetstrening. Settet inneholder tre elastiske b\u00e5nd med ulike motstandsniv\u00e5er, slik at du kan tilpasse treningen etter behov. Hver strikk er 1,5 meter lang og er laget av et slitesterkt og fleksibelt materiale.  <\/strong><\/p>\n","protected":false},"featured_media":85030,"comment_status":"closed","ping_status":"closed","template":"","meta":{"_acf_changed":false},"product_brand":[],"product_cat":[1948,1937,1943,2215,2217,1945],"product_tag":[1944],"class_list":{"0":"post-85024","1":"product","2":"type-product","3":"status-publish","4":"has-post-thumbnail","6":"product_cat-klinikk","7":"product_cat-merkevarer","8":"product_cat-rehabmedic-no","9":"product_cat-treningsbaand","10":"product_cat-treningsbaand-no","11":"product_cat-treningsutstyr","12":"product_tag-rehabmedic-no","14":"first","15":"instock","16":"taxable","17":"shipping-taxable","18":"purchasable","19":"product-type-simple"},"acf":[],"_links":{"self":[{"href":"https:\/\/fysiolab.dk\/no\/wp-json\/wp\/v2\/product\/85024","targetHints":{"allow":["GET"]}}],"collection":[{"href":"https:\/\/fysiolab.dk\/no\/wp-json\/wp\/v2\/product"}],"about":[{"href":"https:\/\/fysiolab.dk\/no\/wp-json\/wp\/v2\/types\/product"}],"replies":[{"embeddable":true,"href":"https:\/\/fysiolab.dk\/no\/wp-json\/wp\/v2\/comments?post=85024"}],"wp:featuredmedia":[{"embeddable":true,"href":"https:\/\/fysiolab.dk\/no\/wp-json\/wp\/v2\/media\/85030"}],"wp:attachment":[{"href":"https:\/\/fysiolab.dk\/no\/wp-json\/wp\/v2\/media?parent=85024"}],"wp:term":[{"taxonomy":"product_brand","embeddable":true,"href":"https:\/\/fysiolab.dk\/no\/wp-json\/wp\/v2\/product_brand?post=85024"},{"taxonomy":"product_cat","embeddable":true,"href":"https:\/\/fysiolab.dk\/no\/wp-json\/wp\/v2\/product_cat?post=85024"},{"taxonomy":"product_tag","embeddable":true,"href":"https:\/\/fysiolab.dk\/no\/wp-json\/wp\/v2\/product_tag?post=85024"}],"curies":[{"name":"wp","href":"https:\/\/api.w.org\/{rel}","templated":true}]}}