{"id":85025,"date":"2025-02-13T15:08:56","date_gmt":"2025-02-13T14:08:56","guid":{"rendered":"https:\/\/fysiolab.dk\/product\/rehabmedic-non-woven-selvklebende-tape\/"},"modified":"2025-12-18T09:20:44","modified_gmt":"2025-12-18T08:20:44","slug":"rehabmedic-non-woven-selvklebende-tape","status":"publish","type":"product","link":"https:\/\/fysiolab.dk\/no\/product\/rehabmedic-non-woven-selvklebende-tape\/","title":{"rendered":"RehabMedic Non-Woven selvklebende tape"},"content":{"rendered":"<p><strong>RehabMedic Non-Woven selvklebende tape<\/strong><\/p>\n<p>RehabMedic Non-Woven er en fleksibel og pustende sportstape som er ideell for st\u00f8tte og stabilisering av muskler og ledd. Den selvklebende egenskapen s\u00f8rger for at tapen holder seg p\u00e5 plass uten behov for ekstra lim, samtidig som den er enkel \u00e5 fjerne uten \u00e5 etterlate rester p\u00e5 huden. <\/p>\n<p><strong>Funksjoner:<\/strong><\/p>\n<ul>\n<li>Pustende og hudvennlig<\/li>\n<li>Selvklebende - ingen ekstra lim er n\u00f8dvendig<\/li>\n<li>Lett \u00e5 rive - ikke behov for saks<\/li>\n<li>Fleksibel og behagelig \u00e5 ha p\u00e5<\/li>\n<\/ul>\n<p><strong>Tilgjengelige bredder:<\/strong><br \/>\n2,5 cm, 5 cm, 10 cm og 15 cm<\/p>\n<p><strong>Lengde:<\/strong> 10 meter<\/p>\n<p>Perfekt for b\u00e5de profesjonelle og amat\u00f8rer innen idrett, fysioterapi og skadeforebygging.<\/p>\n<p>Bestill din RehabMedic Non-Woven Tape i dag og f\u00e5 optimal st\u00f8tte!<\/p>\n","protected":false},"excerpt":{"rendered":"<p><strong>RehabMedic Non-Woven er en fleksibel og pustende sportstape som er ideell for st\u00f8tte og stabilisering av muskler og ledd. Den selvklebende egenskapen s\u00f8rger for at tapen holder seg p\u00e5 plass uten behov for ekstra lim, samtidig som den er enkel \u00e5 fjerne uten \u00e5 etterlate rester p\u00e5 huden. Tilgjengelig i flere bredder  <\/strong><\/p>\n<p><strong>Perfekt og billig alternativ til <a href=\"https:\/\/fysiolab.dk\/no\/product\/bsn-hypafix\/\">hypafix<\/a> og <a href=\"https:\/\/fysiolab.dk\/no\/product\/bsn-fixomull\/\">fixomull<\/a> uten \u00e5 g\u00e5 p\u00e5 kompromiss  <\/strong><\/p>\n<p>&nbsp;<\/p>\n","protected":false},"featured_media":85032,"comment_status":"closed","ping_status":"closed","template":"","meta":{"_acf_changed":false},"product_brand":[],"product_cat":[2413,1948,1937,1943,1941,2087],"product_tag":[1944],"class_list":{"0":"post-85025","1":"product","2":"type-product","3":"status-publish","4":"has-post-thumbnail","6":"product_cat-dressinger-og-wraps","7":"product_cat-klinikk","8":"product_cat-merkevarer","9":"product_cat-rehabmedic-no","10":"product_cat-rekonvalesens-og-sportspleie","11":"product_cat-tape-no-2","12":"product_tag-rehabmedic-no","14":"first","15":"instock","16":"taxable","17":"shipping-taxable","18":"purchasable","19":"product-type-variable"},"acf":[],"_links":{"self":[{"href":"https:\/\/fysiolab.dk\/no\/wp-json\/wp\/v2\/product\/85025","targetHints":{"allow":["GET"]}}],"collection":[{"href":"https:\/\/fysiolab.dk\/no\/wp-json\/wp\/v2\/product"}],"about":[{"href":"https:\/\/fysiolab.dk\/no\/wp-json\/wp\/v2\/types\/product"}],"replies":[{"embeddable":true,"href":"https:\/\/fysiolab.dk\/no\/wp-json\/wp\/v2\/comments?post=85025"}],"wp:featuredmedia":[{"embeddable":true,"href":"https:\/\/fysiolab.dk\/no\/wp-json\/wp\/v2\/media\/85032"}],"wp:attachment":[{"href":"https:\/\/fysiolab.dk\/no\/wp-json\/wp\/v2\/media?parent=85025"}],"wp:term":[{"taxonomy":"product_brand","embeddable":true,"href":"https:\/\/fysiolab.dk\/no\/wp-json\/wp\/v2\/product_brand?post=85025"},{"taxonomy":"product_cat","embeddable":true,"href":"https:\/\/fysiolab.dk\/no\/wp-json\/wp\/v2\/product_cat?post=85025"},{"taxonomy":"product_tag","embeddable":true,"href":"https:\/\/fysiolab.dk\/no\/wp-json\/wp\/v2\/product_tag?post=85025"}],"curies":[{"name":"wp","href":"https:\/\/api.w.org\/{rel}","templated":true}]}}