{"id":85036,"date":"2025-02-13T21:56:54","date_gmt":"2025-02-13T20:56:54","guid":{"rendered":"https:\/\/fysiolab.dk\/product\/rehabmedic-treningsbaand-sett-med-3-stk-sterk-motstand\/"},"modified":"2025-12-18T09:20:44","modified_gmt":"2025-12-18T08:20:44","slug":"rehabmedic-treningsbaand-sett-med-3-stk-sterk-motstand","status":"publish","type":"product","link":"https:\/\/fysiolab.dk\/no\/product\/rehabmedic-treningsbaand-sett-med-3-stk-sterk-motstand\/","title":{"rendered":"RehabMedic Treningsb\u00e5nd sett med 3 stk (Sterk motstand)"},"content":{"rendered":"<p><strong>RehabMedic Elastikksett - 3 stk (Sterk motstand)<\/strong><\/p>\n<p>RehabMedic elastiske b\u00e5nd-sett inneholder tre treningsb\u00e5nd med ulik motstand, ideelt for styrketrening, rehabilitering og bevegelighets\u00f8velser. B\u00e5ndene er 1,5 meter lange og er laget av et slitesterkt og fleksibelt materiale som sikrer langvarig bruk. <\/p>\n<p><strong>Motstandsniv\u00e5er:<\/strong><\/p>\n<ul>\n<li>Bl\u00e5 - Tung<\/li>\n<li>Svart - Sterk<\/li>\n<li>S\u00f8lv - Ekstra sterk<\/li>\n<\/ul>\n<p><strong>Funksjoner:<\/strong><\/p>\n<ul>\n<li>Sett med 3 gummistrikk i ulike styrker<\/li>\n<li>1,5 meter lang - egnet for allsidig trening<\/li>\n<li>Perfekt for styrketrening, rehabilitering og t\u00f8ying<\/li>\n<li>Lett \u00e5 transportere og bruke hvor som helst<\/li>\n<\/ul>\n<p><a href=\"https:\/\/fysiolab.dk\/no\/product\/rehabmedic-treningsbaand-sett-med-3-stk-lett-motstand\/\"><strong>Ogs\u00e5 tilgjengelig i sett med 3 stk. med lysmotstand her!<\/strong><\/a><\/p>\n<p>Ideell for fitness, fysioterapi og hjemmetrening.<\/p>\n","protected":false},"excerpt":{"rendered":"<p><strong>RehabMedic elastiske b\u00e5nd-sett inneholder tre treningsb\u00e5nd med ulik motstand, ideelt for styrketrening, rehabilitering og bevegelighets\u00f8velser. B\u00e5ndene er 1,5 meter lange og er laget av et slitesterkt og fleksibelt materiale som sikrer langvarig bruk. <\/strong><\/p>\n","protected":false},"featured_media":85040,"comment_status":"closed","ping_status":"closed","template":"","meta":{"_acf_changed":false},"product_brand":[],"product_cat":[1948,1937,1943,2215,2217,1945],"product_tag":[1944],"class_list":{"0":"post-85036","1":"product","2":"type-product","3":"status-publish","4":"has-post-thumbnail","6":"product_cat-klinikk","7":"product_cat-merkevarer","8":"product_cat-rehabmedic-no","9":"product_cat-treningsbaand","10":"product_cat-treningsbaand-no","11":"product_cat-treningsutstyr","12":"product_tag-rehabmedic-no","14":"first","15":"instock","16":"taxable","17":"shipping-taxable","18":"purchasable","19":"product-type-simple"},"acf":[],"_links":{"self":[{"href":"https:\/\/fysiolab.dk\/no\/wp-json\/wp\/v2\/product\/85036","targetHints":{"allow":["GET"]}}],"collection":[{"href":"https:\/\/fysiolab.dk\/no\/wp-json\/wp\/v2\/product"}],"about":[{"href":"https:\/\/fysiolab.dk\/no\/wp-json\/wp\/v2\/types\/product"}],"replies":[{"embeddable":true,"href":"https:\/\/fysiolab.dk\/no\/wp-json\/wp\/v2\/comments?post=85036"}],"wp:featuredmedia":[{"embeddable":true,"href":"https:\/\/fysiolab.dk\/no\/wp-json\/wp\/v2\/media\/85040"}],"wp:attachment":[{"href":"https:\/\/fysiolab.dk\/no\/wp-json\/wp\/v2\/media?parent=85036"}],"wp:term":[{"taxonomy":"product_brand","embeddable":true,"href":"https:\/\/fysiolab.dk\/no\/wp-json\/wp\/v2\/product_brand?post=85036"},{"taxonomy":"product_cat","embeddable":true,"href":"https:\/\/fysiolab.dk\/no\/wp-json\/wp\/v2\/product_cat?post=85036"},{"taxonomy":"product_tag","embeddable":true,"href":"https:\/\/fysiolab.dk\/no\/wp-json\/wp\/v2\/product_tag?post=85036"}],"curies":[{"name":"wp","href":"https:\/\/api.w.org\/{rel}","templated":true}]}}