{"id":85043,"date":"2025-02-10T16:43:55","date_gmt":"2025-02-10T15:43:55","guid":{"rendered":"https:\/\/fysiolab.dk\/product\/agupunt-akupunkturmodell-for-anatomi\/"},"modified":"2025-12-18T09:20:46","modified_gmt":"2025-12-18T08:20:46","slug":"agupunt-akupunkturmodell-for-anatomi","status":"publish","type":"product","link":"https:\/\/fysiolab.dk\/no\/product\/agupunt-akupunkturmodell-for-anatomi\/","title":{"rendered":"AGUPUNT Akupunkturmodell for anatomi"},"content":{"rendered":"<p><strong>AGUPUNT Akupunktur Anatomi-modell - 46 cm<\/strong><\/p>\n<p>AGUPUNT Akupunkturanatomimodell er et detaljert l\u00e6ringsverkt\u00f8y som viser akupunkturpunkter og meridianbaner p\u00e5 menneskekroppen. Modellen er 46 cm h\u00f8y og gir en realistisk og tydelig oversikt over kroppens energibaner, noe som gj\u00f8r den ideell til undervisning, oppslagsverk og klinisk bruk. <\/p>\n<p><strong>Funksjoner:<\/strong><\/p>\n<ul>\n<li>Viser akupunkturpunkter og meridianer i detalj<\/li>\n<li>H\u00f8yde: 46 cm<\/li>\n<li>Perfekt for undervisning og som oppslagsverk for akupunkt\u00f8rer og studenter<\/li>\n<li>Laget av slitesterkt materiale med tydelige markeringer<\/li>\n<li>Leveres med engelske\/kinesiske punktmarkeringer<\/li>\n<\/ul>\n<p>Denne modellen er et uunnv\u00e6rlig verkt\u00f8y for akupunkt\u00f8rer, behandlere og studenter som \u00f8nsker en visuell og praktisk tiln\u00e6rming til akupunkturens anatomi.<\/p>\n<p><strong>Bestill din AGUPUNT Akupunkturmodell i dag og f\u00e5 en dypere forst\u00e5else av kroppens energibaner!<\/strong><\/p>\n","protected":false},"excerpt":{"rendered":"<p><strong>AGUPUNT Akupunkturanatomimodell er et detaljert l\u00e6ringsverkt\u00f8y som viser akupunkturpunkter og meridianbaner p\u00e5 menneskekroppen. Modellen er 46 cm h\u00f8y og gir en realistisk og tydelig oversikt over kroppens energibaner, noe som gj\u00f8r den ideell til undervisning, oppslagsverk og klinisk bruk. <\/strong><\/p>\n<p>&nbsp;<\/p>\n","protected":false},"featured_media":85044,"comment_status":"closed","ping_status":"closed","template":"","meta":{"_acf_changed":false},"product_brand":[3106],"product_cat":[2800,2710,1948,1937],"product_tag":[2801],"class_list":{"0":"post-85043","1":"product","2":"type-product","3":"status-publish","4":"has-post-thumbnail","6":"product_brand-agupunt","7":"product_cat-agupoint","8":"product_cat-akupunkturnaaler-og-tilbehoer","9":"product_cat-klinikk","10":"product_cat-merkevarer","11":"product_tag-agupunt-no","13":"first","14":"instock","15":"sale","16":"taxable","17":"shipping-taxable","18":"purchasable","19":"product-type-simple"},"acf":[],"_links":{"self":[{"href":"https:\/\/fysiolab.dk\/no\/wp-json\/wp\/v2\/product\/85043","targetHints":{"allow":["GET"]}}],"collection":[{"href":"https:\/\/fysiolab.dk\/no\/wp-json\/wp\/v2\/product"}],"about":[{"href":"https:\/\/fysiolab.dk\/no\/wp-json\/wp\/v2\/types\/product"}],"replies":[{"embeddable":true,"href":"https:\/\/fysiolab.dk\/no\/wp-json\/wp\/v2\/comments?post=85043"}],"wp:featuredmedia":[{"embeddable":true,"href":"https:\/\/fysiolab.dk\/no\/wp-json\/wp\/v2\/media\/85044"}],"wp:attachment":[{"href":"https:\/\/fysiolab.dk\/no\/wp-json\/wp\/v2\/media?parent=85043"}],"wp:term":[{"taxonomy":"product_brand","embeddable":true,"href":"https:\/\/fysiolab.dk\/no\/wp-json\/wp\/v2\/product_brand?post=85043"},{"taxonomy":"product_cat","embeddable":true,"href":"https:\/\/fysiolab.dk\/no\/wp-json\/wp\/v2\/product_cat?post=85043"},{"taxonomy":"product_tag","embeddable":true,"href":"https:\/\/fysiolab.dk\/no\/wp-json\/wp\/v2\/product_tag?post=85043"}],"curies":[{"name":"wp","href":"https:\/\/api.w.org\/{rel}","templated":true}]}}