{"id":85046,"date":"2025-02-10T10:40:32","date_gmt":"2025-02-10T09:40:32","guid":{"rendered":"https:\/\/fysiolab.dk\/product\/agupunt-auriculo-froe-300-stk\/"},"modified":"2025-12-18T09:20:46","modified_gmt":"2025-12-18T08:20:46","slug":"agupunt-auriculo-froe-300-stk","status":"publish","type":"product","link":"https:\/\/fysiolab.dk\/no\/product\/agupunt-auriculo-froe-300-stk\/","title":{"rendered":"AGUPUNT Auriculo fr\u00f8 300 stk."},"content":{"rendered":"<p><strong>AGUPUNT Auriculo Seeds - 300 stk. for \u00f8reakupunktur<\/strong><\/p>\n<p>AGUPUNT Auriculo Seeds er sm\u00e5 fr\u00f8 som er utviklet for aurikuloterapi (\u00f8reakupunktur), en metode som stimulerer reflekssoner i \u00f8ret for \u00e5 fremme balanse og velv\u00e6re. Disse fr\u00f8ene er et sk\u00e5nsomt og effektivt alternativ til tradisjonelle akupunkturn\u00e5ler og kan brukes til b\u00e5de terapeutiske og avslappende behandlinger. <\/p>\n<p><strong>Funksjoner:<\/strong><\/p>\n<ul>\n<li>300 fr\u00f8 for profesjonell bruk<\/li>\n<li>Brukes til \u00f8reakupunktur og soneterapi<\/li>\n<li>Selvklebende plaster for enkel og sikker p\u00e5f\u00f8ring<\/li>\n<li>Sk\u00e5nsom stimulering uten bruk av n\u00e5ler<\/li>\n<li>Ideell for smertelindring, stressmestring og generelt velv\u00e6re<\/li>\n<\/ul>\n<p>Perfekt for akupunkt\u00f8rer, behandlere og terapeuter som \u00f8nsker en ikke-invasiv m\u00e5te \u00e5 stimulere \u00f8rets akupunkturpunkter p\u00e5.<\/p>\n<p>Bestill AGUPUNT Auriculo Seeds i dag og opplev fordelene med \u00f8reakupunktur!<\/p>\n","protected":false},"excerpt":{"rendered":"<p><strong>AGUPUNT Auriculo Seeds er sm\u00e5 fr\u00f8 som er utviklet for aurikuloterapi (\u00f8reakupunktur), en metode som stimulerer reflekssoner i \u00f8ret for \u00e5 fremme balanse og velv\u00e6re. Disse fr\u00f8ene er et sk\u00e5nsomt og effektivt alternativ til tradisjonelle akupunkturn\u00e5ler og kan brukes til b\u00e5de terapeutiske og avslappende behandlinger. <\/strong><\/p>\n","protected":false},"featured_media":85048,"comment_status":"closed","ping_status":"closed","template":"","meta":{"_acf_changed":false},"product_brand":[],"product_cat":[2800,2710,1948,1937],"product_tag":[2801,1944],"class_list":{"0":"post-85046","1":"product","2":"type-product","3":"status-publish","4":"has-post-thumbnail","6":"product_cat-agupoint","7":"product_cat-akupunkturnaaler-og-tilbehoer","8":"product_cat-klinikk","9":"product_cat-merkevarer","10":"product_tag-agupunt-no","11":"product_tag-rehabmedic-no","13":"first","14":"outofstock","15":"taxable","16":"shipping-taxable","17":"purchasable","18":"product-type-simple"},"acf":[],"_links":{"self":[{"href":"https:\/\/fysiolab.dk\/no\/wp-json\/wp\/v2\/product\/85046","targetHints":{"allow":["GET"]}}],"collection":[{"href":"https:\/\/fysiolab.dk\/no\/wp-json\/wp\/v2\/product"}],"about":[{"href":"https:\/\/fysiolab.dk\/no\/wp-json\/wp\/v2\/types\/product"}],"replies":[{"embeddable":true,"href":"https:\/\/fysiolab.dk\/no\/wp-json\/wp\/v2\/comments?post=85046"}],"wp:featuredmedia":[{"embeddable":true,"href":"https:\/\/fysiolab.dk\/no\/wp-json\/wp\/v2\/media\/85048"}],"wp:attachment":[{"href":"https:\/\/fysiolab.dk\/no\/wp-json\/wp\/v2\/media?parent=85046"}],"wp:term":[{"taxonomy":"product_brand","embeddable":true,"href":"https:\/\/fysiolab.dk\/no\/wp-json\/wp\/v2\/product_brand?post=85046"},{"taxonomy":"product_cat","embeddable":true,"href":"https:\/\/fysiolab.dk\/no\/wp-json\/wp\/v2\/product_cat?post=85046"},{"taxonomy":"product_tag","embeddable":true,"href":"https:\/\/fysiolab.dk\/no\/wp-json\/wp\/v2\/product_tag?post=85046"}],"curies":[{"name":"wp","href":"https:\/\/api.w.org\/{rel}","templated":true}]}}