{"id":85051,"date":"2025-02-10T10:31:48","date_gmt":"2025-02-10T09:31:48","guid":{"rendered":"https:\/\/fysiolab.dk\/product\/agupunt-naalebeholder-1l\/"},"modified":"2025-12-18T09:20:46","modified_gmt":"2025-12-18T08:20:46","slug":"agupunt-naalebeholder-1l","status":"publish","type":"product","link":"https:\/\/fysiolab.dk\/no\/product\/agupunt-naalebeholder-1l\/","title":{"rendered":"AGUPUNT N\u00e5lebeholder 1L"},"content":{"rendered":"<p><strong>AGUPUNT kanylebeholder 1L - sikker og hygienisk avfallsh\u00e5ndtering av kanyler<\/strong><\/p>\n<p>AGUPUNT 1L kanylebeholder er en trygg og praktisk l\u00f8sning for kassering av brukte kanyler. Beholderen er utformet med et sikkert lokk som forhindrer utilsiktet kontakt og lekkasje, noe som gj\u00f8r den ideell for klinikker, fysioterapeuter, akupunkt\u00f8rer og andre som arbeider med n\u00e5ler. <\/p>\n<p><strong>Funksjoner:<\/strong><\/p>\n<ul>\n<li>Kapasitet: 1 liter<\/li>\n<li>Sikkert lokk med l\u00e5semekanisme<\/li>\n<li>Robust og gjennomtenkt design for maksimal sikkerhet<\/li>\n<li>Oppfyller gjeldende standarder for medisinsk avfall<\/li>\n<li>Lett og kompakt - enkel \u00e5 oppbevare og transportere<\/li>\n<\/ul>\n<p>S\u00f8rg for sikker h\u00e5ndtering og avhending av brukte kanyler med AGUPUNT kanylebeholder 1L.<\/p>\n<p>Bestill i dag og oppretthold en hygienisk og sikker arbeidsplass!<\/p>\n","protected":false},"excerpt":{"rendered":"<p><strong>AGUPUNT 1L kanylebeholder er en trygg og praktisk l\u00f8sning for kassering av brukte kanyler. Beholderen er utformet med et sikkert lokk som forhindrer utilsiktet kontakt og lekkasje, noe som gj\u00f8r den ideell for klinikker, fysioterapeuter, akupunkt\u00f8rer og andre som arbeider med n\u00e5ler. <\/strong><\/p>\n","protected":false},"featured_media":85053,"comment_status":"closed","ping_status":"closed","template":"","meta":{"_acf_changed":false},"product_brand":[],"product_cat":[2800,2710,1948,1937],"product_tag":[2801,1944],"class_list":{"0":"post-85051","1":"product","2":"type-product","3":"status-publish","4":"has-post-thumbnail","6":"product_cat-agupoint","7":"product_cat-akupunkturnaaler-og-tilbehoer","8":"product_cat-klinikk","9":"product_cat-merkevarer","10":"product_tag-agupunt-no","11":"product_tag-rehabmedic-no","13":"first","14":"instock","15":"taxable","16":"shipping-taxable","17":"purchasable","18":"product-type-simple"},"acf":[],"_links":{"self":[{"href":"https:\/\/fysiolab.dk\/no\/wp-json\/wp\/v2\/product\/85051","targetHints":{"allow":["GET"]}}],"collection":[{"href":"https:\/\/fysiolab.dk\/no\/wp-json\/wp\/v2\/product"}],"about":[{"href":"https:\/\/fysiolab.dk\/no\/wp-json\/wp\/v2\/types\/product"}],"replies":[{"embeddable":true,"href":"https:\/\/fysiolab.dk\/no\/wp-json\/wp\/v2\/comments?post=85051"}],"wp:featuredmedia":[{"embeddable":true,"href":"https:\/\/fysiolab.dk\/no\/wp-json\/wp\/v2\/media\/85053"}],"wp:attachment":[{"href":"https:\/\/fysiolab.dk\/no\/wp-json\/wp\/v2\/media?parent=85051"}],"wp:term":[{"taxonomy":"product_brand","embeddable":true,"href":"https:\/\/fysiolab.dk\/no\/wp-json\/wp\/v2\/product_brand?post=85051"},{"taxonomy":"product_cat","embeddable":true,"href":"https:\/\/fysiolab.dk\/no\/wp-json\/wp\/v2\/product_cat?post=85051"},{"taxonomy":"product_tag","embeddable":true,"href":"https:\/\/fysiolab.dk\/no\/wp-json\/wp\/v2\/product_tag?post=85051"}],"curies":[{"name":"wp","href":"https:\/\/api.w.org\/{rel}","templated":true}]}}