{"id":85055,"date":"2025-02-10T08:22:09","date_gmt":"2025-02-10T07:22:09","guid":{"rendered":"https:\/\/fysiolab.dk\/product\/agupunt-akupunkturnaaler-for-toerrnaaling-100-stk\/"},"modified":"2025-12-18T09:20:46","modified_gmt":"2025-12-18T08:20:46","slug":"agupunt-akupunkturnaaler-for-toerrnaaling-100-stk","status":"publish","type":"product","link":"https:\/\/fysiolab.dk\/no\/product\/agupunt-akupunkturnaaler-for-toerrnaaling-100-stk\/","title":{"rendered":"AGUPUNT Akupunkturn\u00e5ler for t\u00f8rrn\u00e5ling 100 stk"},"content":{"rendered":"<p><strong>AGUPUNT akupunkturn\u00e5ler for t\u00f8rrn\u00e5ling - presisjon og kvalitet for profesjonell behandling 100 stk<\/strong><\/p>\n<p>AGUPUNT Dry Needling-akupunkturn\u00e5ler er utviklet for presisjonsbehandling av muskul\u00e6re triggerpunkter og smerteomr\u00e5der. Disse ultraskarpe og fleksible n\u00e5lene sikrer sk\u00e5nsom innsetting og maksimal komfort for pasienten. <\/p>\n<p><strong>Funksjoner:<\/strong><\/p>\n<ul>\n<li>H\u00f8y kvalitet og presisjon for optimal behandling<\/li>\n<li>Laget av kirurgisk rustfritt st\u00e5l<\/li>\n<li>Silikonbelagt for sk\u00e5nsom innf\u00f8ring<\/li>\n<li>Sterilt pakket for maksimal hygiene<\/li>\n<li>100 stk i hver pakke<\/li>\n<\/ul>\n<p><strong>Tilgjengelige st\u00f8rrelser:<\/strong><br \/>\n13 mm x 0,25 mm<br \/>\n25 mm x 0,16 mm<br \/>\n25 mm x 0,25 mm<br \/>\n25 mm x 0,25 mm 30 mm x 0,20 mm<br \/>\n30 mm x 0,25 mm<br \/>\n30 mm x 0,30 mm<br \/>\n40 mm x 0,25 mm<br \/>\n40 mm x 0,30 mm<br \/>\n40 mm x 0,30 mm 40 mm x 0,32 mm<br \/>\n50 mm x 0,30 mm<br \/>\n60 mm x 0,30 mm<br \/>\n70 mm x 0,30 mm<br \/>\n75 mm x 0,30 mm<br \/>\n100 mm x 0,30 mm<\/p>\n<p>Perfekt for fysioterapeuter, akupunkt\u00f8rer og terapeuter som \u00f8nsker en p\u00e5litelig og presis n\u00e5l til t\u00f8rrn\u00e5lebehandlinger.<\/p>\n<p>Bestill dine AGUPUNT akupunkturn\u00e5ler i dag og opplev profesjonell kvalitet!<\/p>\n","protected":false},"excerpt":{"rendered":"<p><strong>AGUPUNT akupunkturn\u00e5ler for t\u00f8rrn\u00e5ling - presisjon og kvalitet for profesjonell behandling 100 stk<\/strong><\/p>\n<p><strong>AGUPUNT Dry Needling-akupunkturn\u00e5ler er utviklet for presisjonsbehandling av muskul\u00e6re triggerpunkter og smerteomr\u00e5der. Disse ultraskarpe og fleksible n\u00e5lene sikrer sk\u00e5nsom innsetting og maksimal komfort for pasienten. <\/strong><\/p>\n","protected":false},"featured_media":85079,"comment_status":"closed","ping_status":"closed","template":"","meta":{"_acf_changed":false},"product_brand":[],"product_cat":[2800,2710,1948,1937],"product_tag":[2801,1944],"class_list":{"0":"post-85055","1":"product","2":"type-product","3":"status-publish","4":"has-post-thumbnail","6":"product_cat-agupoint","7":"product_cat-akupunkturnaaler-og-tilbehoer","8":"product_cat-klinikk","9":"product_cat-merkevarer","10":"product_tag-agupunt-no","11":"product_tag-rehabmedic-no","13":"first","14":"instock","15":"taxable","16":"shipping-taxable","17":"purchasable","18":"product-type-variable"},"acf":[],"_links":{"self":[{"href":"https:\/\/fysiolab.dk\/no\/wp-json\/wp\/v2\/product\/85055","targetHints":{"allow":["GET"]}}],"collection":[{"href":"https:\/\/fysiolab.dk\/no\/wp-json\/wp\/v2\/product"}],"about":[{"href":"https:\/\/fysiolab.dk\/no\/wp-json\/wp\/v2\/types\/product"}],"replies":[{"embeddable":true,"href":"https:\/\/fysiolab.dk\/no\/wp-json\/wp\/v2\/comments?post=85055"}],"wp:featuredmedia":[{"embeddable":true,"href":"https:\/\/fysiolab.dk\/no\/wp-json\/wp\/v2\/media\/85079"}],"wp:attachment":[{"href":"https:\/\/fysiolab.dk\/no\/wp-json\/wp\/v2\/media?parent=85055"}],"wp:term":[{"taxonomy":"product_brand","embeddable":true,"href":"https:\/\/fysiolab.dk\/no\/wp-json\/wp\/v2\/product_brand?post=85055"},{"taxonomy":"product_cat","embeddable":true,"href":"https:\/\/fysiolab.dk\/no\/wp-json\/wp\/v2\/product_cat?post=85055"},{"taxonomy":"product_tag","embeddable":true,"href":"https:\/\/fysiolab.dk\/no\/wp-json\/wp\/v2\/product_tag?post=85055"}],"curies":[{"name":"wp","href":"https:\/\/api.w.org\/{rel}","templated":true}]}}