{"id":85056,"date":"2025-02-13T10:16:21","date_gmt":"2025-02-13T09:16:21","guid":{"rendered":"https:\/\/fysiolab.dk\/product\/moleskin-tape\/"},"modified":"2025-12-18T09:20:45","modified_gmt":"2025-12-18T08:20:45","slug":"moleskin-tape","status":"publish","type":"product","link":"https:\/\/fysiolab.dk\/no\/product\/moleskin-tape\/","title":{"rendered":"Moleskin Tape"},"content":{"rendered":"<p><strong>Moleskin Tape - beskyttelse og komfort<\/strong><\/p>\n<p>Moleskin Tape er en myk og fleksibel tape som beskytter huden mot friksjon, blemmer og irritasjon. Den er ideell for b\u00e5de forebygging og lindring av ubehag under idrett, fysisk aktivitet og daglig bruk. <\/p>\n<p><strong>Funksjoner:<\/strong><\/p>\n<ul>\n<li>Myk og behagelig mot huden<\/li>\n<li>Sterk vedheft for lang holdbarhet<\/li>\n<li>Lett \u00e5 skj\u00e6re til \u00f8nsket st\u00f8rrelse<\/li>\n<li>Beskytter effektivt mot blemmer og skrubbs\u00e5r<\/li>\n<\/ul>\n<p><strong>Tilgjengelige st\u00f8rrelser:<\/strong><\/p>\n<ul>\n<li>5 cm x 22,9 m<\/li>\n<li>7,5 cm x 22,9 m<\/li>\n<\/ul>\n<p>Perfekt til sportsvesken, f\u00f8rstehjelpsskrinet eller fotturen<\/p>\n","protected":false},"excerpt":{"rendered":"<p><strong>Moleskin Tape er en myk og fleksibel tape som beskytter huden mot friksjon, blemmer og irritasjon. Den er ideell for b\u00e5de forebygging og lindring av ubehag under idrett, fysisk aktivitet og daglig bruk. Tilgjengelig i 2 bredder: 5 cm og 7,5 cm  <\/strong><\/p>\n<p>&nbsp;<\/p>\n","protected":false},"featured_media":85070,"comment_status":"closed","ping_status":"closed","template":"","meta":{"_acf_changed":false},"product_brand":[],"product_cat":[2817,2413,1942,1948,1937,1943,1941,2087],"product_tag":[1944],"class_list":{"0":"post-85056","1":"product","2":"type-product","3":"status-publish","4":"has-post-thumbnail","6":"product_cat-cramer-no","7":"product_cat-dressinger-og-wraps","8":"product_cat-foerstehjelp","9":"product_cat-klinikk","10":"product_cat-merkevarer","11":"product_cat-rehabmedic-no","12":"product_cat-rekonvalesens-og-sportspleie","13":"product_cat-tape-no-2","14":"product_tag-rehabmedic-no","16":"first","17":"instock","18":"taxable","19":"shipping-taxable","20":"purchasable","21":"product-type-variable"},"acf":[],"_links":{"self":[{"href":"https:\/\/fysiolab.dk\/no\/wp-json\/wp\/v2\/product\/85056","targetHints":{"allow":["GET"]}}],"collection":[{"href":"https:\/\/fysiolab.dk\/no\/wp-json\/wp\/v2\/product"}],"about":[{"href":"https:\/\/fysiolab.dk\/no\/wp-json\/wp\/v2\/types\/product"}],"replies":[{"embeddable":true,"href":"https:\/\/fysiolab.dk\/no\/wp-json\/wp\/v2\/comments?post=85056"}],"wp:featuredmedia":[{"embeddable":true,"href":"https:\/\/fysiolab.dk\/no\/wp-json\/wp\/v2\/media\/85070"}],"wp:attachment":[{"href":"https:\/\/fysiolab.dk\/no\/wp-json\/wp\/v2\/media?parent=85056"}],"wp:term":[{"taxonomy":"product_brand","embeddable":true,"href":"https:\/\/fysiolab.dk\/no\/wp-json\/wp\/v2\/product_brand?post=85056"},{"taxonomy":"product_cat","embeddable":true,"href":"https:\/\/fysiolab.dk\/no\/wp-json\/wp\/v2\/product_cat?post=85056"},{"taxonomy":"product_tag","embeddable":true,"href":"https:\/\/fysiolab.dk\/no\/wp-json\/wp\/v2\/product_tag?post=85056"}],"curies":[{"name":"wp","href":"https:\/\/api.w.org\/{rel}","templated":true}]}}