{"id":85094,"date":"2025-02-10T16:58:05","date_gmt":"2025-02-10T15:58:05","guid":{"rendered":"https:\/\/fysiolab.dk\/product\/agupunt-ctn-akupunkturnaaler-100-stk\/"},"modified":"2025-12-18T09:20:45","modified_gmt":"2025-12-18T08:20:45","slug":"agupunt-ctn-akupunkturnaaler-100-stk","status":"publish","type":"product","link":"https:\/\/fysiolab.dk\/no\/product\/agupunt-ctn-akupunkturnaaler-100-stk\/","title":{"rendered":"AGUPUNT CTN Akupunkturn\u00e5ler 100 stk"},"content":{"rendered":"<p><strong>AGUPUNT CTN akupunkturn\u00e5ler - europeisk kvalitet og presisjon<\/strong><\/p>\n<p>AGUPUNT CTN akupunkturn\u00e5ler er utviklet for presis og sk\u00e5nsom behandling. N\u00e5lene er produsert i Europa i henhold til strenge kvalitetsstandarder og er CE-godkjente, noe som gir sikkerhet og komfort for b\u00e5de behandler og pasient. <\/p>\n<p><strong>Funksjoner:<\/strong><\/p>\n<ul>\n<li>Produsert i Europa i henhold til h\u00f8ye kvalitetsstandarder<\/li>\n<li>CE-godkjent for sikkerhet og p\u00e5litelighet<\/li>\n<li>Ultraskarp og n\u00f8yaktig produsert for sk\u00e5nsom innf\u00f8ring<\/li>\n<li>Sterilt pakket for maksimal hygiene<\/li>\n<\/ul>\n<p><strong>Tilgjengelige st\u00f8rrelser:<\/strong><\/p>\n<ul>\n<li>13 mm x 0,25 mm<\/li>\n<li>25 mm x 0,25 mm<\/li>\n<li>40 mm x 0,25 mm<\/li>\n<\/ul>\n<p>Perfekt for profesjonelle akupunkt\u00f8rer som \u00f8nsker en p\u00e5litelig og presis n\u00e5l av h\u00f8y kvalitet.<\/p>\n<p><strong>Bestill AGUPUNT CTN akupunkturn\u00e5ler i dag og opplev europeisk kvalitet!<\/strong><\/p>\n","protected":false},"excerpt":{"rendered":"<p><strong>AGUPUNT CTN akupunkturn\u00e5ler er utviklet for presis og sk\u00e5nsom behandling. N\u00e5lene er produsert i Europa i henhold til strenge kvalitetsstandarder og er CE-godkjente, noe som gir sikkerhet og komfort for b\u00e5de behandler og pasient.  Tilgjengelig i 3 st\u00f8rrelser<\/strong><\/p>\n","protected":false},"featured_media":85099,"comment_status":"closed","ping_status":"closed","template":"","meta":{"_acf_changed":false},"product_brand":[],"product_cat":[2800,2710,1948,1937],"product_tag":[2801,1944],"class_list":{"0":"post-85094","1":"product","2":"type-product","3":"status-publish","4":"has-post-thumbnail","6":"product_cat-agupoint","7":"product_cat-akupunkturnaaler-og-tilbehoer","8":"product_cat-klinikk","9":"product_cat-merkevarer","10":"product_tag-agupunt-no","11":"product_tag-rehabmedic-no","13":"first","14":"instock","15":"taxable","16":"shipping-taxable","17":"purchasable","18":"product-type-variable"},"acf":[],"_links":{"self":[{"href":"https:\/\/fysiolab.dk\/no\/wp-json\/wp\/v2\/product\/85094","targetHints":{"allow":["GET"]}}],"collection":[{"href":"https:\/\/fysiolab.dk\/no\/wp-json\/wp\/v2\/product"}],"about":[{"href":"https:\/\/fysiolab.dk\/no\/wp-json\/wp\/v2\/types\/product"}],"replies":[{"embeddable":true,"href":"https:\/\/fysiolab.dk\/no\/wp-json\/wp\/v2\/comments?post=85094"}],"wp:featuredmedia":[{"embeddable":true,"href":"https:\/\/fysiolab.dk\/no\/wp-json\/wp\/v2\/media\/85099"}],"wp:attachment":[{"href":"https:\/\/fysiolab.dk\/no\/wp-json\/wp\/v2\/media?parent=85094"}],"wp:term":[{"taxonomy":"product_brand","embeddable":true,"href":"https:\/\/fysiolab.dk\/no\/wp-json\/wp\/v2\/product_brand?post=85094"},{"taxonomy":"product_cat","embeddable":true,"href":"https:\/\/fysiolab.dk\/no\/wp-json\/wp\/v2\/product_cat?post=85094"},{"taxonomy":"product_tag","embeddable":true,"href":"https:\/\/fysiolab.dk\/no\/wp-json\/wp\/v2\/product_tag?post=85094"}],"curies":[{"name":"wp","href":"https:\/\/api.w.org\/{rel}","templated":true}]}}