{"id":85101,"date":"2025-01-30T21:26:54","date_gmt":"2025-01-30T20:26:54","guid":{"rendered":"https:\/\/fysiolab.dk\/product\/spinefitter-linum-cover-for-varme-kulde\/"},"modified":"2025-12-18T09:20:47","modified_gmt":"2025-12-18T08:20:47","slug":"spinefitter-linum-cover-for-varme-kulde","status":"publish","type":"product","link":"https:\/\/fysiolab.dk\/no\/product\/spinefitter-linum-cover-for-varme-kulde\/","title":{"rendered":"Spinefitter Linum Cover for varme\/kulde"},"content":{"rendered":"<p><strong>Spinefitter Linum Cover for Hot\/Cold - Naturlig komfort og effektiv smertelindring<\/strong><\/p>\n<p>Forvandle Spinefitter Linum til en enda mer allsidig og komfortabel terapil\u00f8sning med dette spesialdesignede trekket. Det er laget av 100 % bomull og gir en myk og behagelig overflate som er sk\u00e5nsom mot huden. <\/p>\n<p>Trekket kan enkelt varmes opp i mikrob\u00f8lgeovnen for \u00e5 gi en beroligende varme som bidrar til \u00e5 lindre spenninger og fremme blodsirkulasjonen. Hvis du trenger lindring av hevelser, betennelser eller \u00f8mhet, kan det ogs\u00e5 kj\u00f8les ned i fryseren og brukes som en kj\u00f8lende behandling. <\/p>\n<p>Designet for perfekt passform for \u00e5 fordele varme eller kulde jevnt for maksimal effekt. Lett \u00e5 ta av og vaske, noe som sikrer en frisk og hygienisk opplevelse hver gang. <\/p>\n<p>Ideell for deg som \u00f8nsker en naturlig og effektiv m\u00e5te \u00e5 lindre spenninger og \u00f8mhet p\u00e5 - enten du trenger varme eller kulde.<\/p>\n<p><a href=\"https:\/\/fysiolab.dk\/no\/product\/spinefitter-av-sissel\/\"><strong>Husk at du kan finne din Spinefitter her!<\/strong><\/a><\/p>\n<p><strong>Se video for bruk (tysk)<\/strong><\/p>\n<p><iframe title=\"SPINEFITTER BY SISSEL\u00ae SYSTEM \u2013 LINUM (Pro) [German Version]\" width=\"800\" height=\"450\" src=\"https:\/\/www.youtube.com\/embed\/e50LbO2O3uY?feature=oembed\" frameborder=\"0\" allow=\"accelerometer; autoplay; clipboard-write; encrypted-media; gyroscope; picture-in-picture; web-share\" referrerpolicy=\"strict-origin-when-cross-origin\" allowfullscreen><\/iframe><\/p>\n","protected":false},"excerpt":{"rendered":"<p><strong>Forvandle Spinefitter Linum til en enda mer allsidig og komfortabel terapil\u00f8sning med dette spesialdesignede trekket. Det er laget av 100 % bomull og gir en myk og behagelig overflate som er sk\u00e5nsom mot huden. <\/strong><\/p>\n","protected":false},"featured_media":85103,"comment_status":"closed","ping_status":"closed","template":"","meta":{"_acf_changed":false},"product_brand":[],"product_cat":[1948,2362,2027,1937,2518,2531,2819],"product_tag":[1944,2820],"class_list":{"0":"post-85101","1":"product","2":"type-product","3":"status-publish","4":"has-post-thumbnail","6":"product_cat-klinikk","7":"product_cat-massasjeballer-og-skumruller","8":"product_cat-massasjeutstyr","9":"product_cat-merkevarer","10":"product_cat-sissel-no","11":"product_cat-sissel-kald-varmebehandling","12":"product_cat-spinefitter-no","13":"product_tag-rehabmedic-no","14":"product_tag-spinefitter-no","16":"first","17":"instock","18":"taxable","19":"shipping-taxable","20":"purchasable","21":"product-type-simple"},"acf":[],"_links":{"self":[{"href":"https:\/\/fysiolab.dk\/no\/wp-json\/wp\/v2\/product\/85101","targetHints":{"allow":["GET"]}}],"collection":[{"href":"https:\/\/fysiolab.dk\/no\/wp-json\/wp\/v2\/product"}],"about":[{"href":"https:\/\/fysiolab.dk\/no\/wp-json\/wp\/v2\/types\/product"}],"replies":[{"embeddable":true,"href":"https:\/\/fysiolab.dk\/no\/wp-json\/wp\/v2\/comments?post=85101"}],"wp:featuredmedia":[{"embeddable":true,"href":"https:\/\/fysiolab.dk\/no\/wp-json\/wp\/v2\/media\/85103"}],"wp:attachment":[{"href":"https:\/\/fysiolab.dk\/no\/wp-json\/wp\/v2\/media?parent=85101"}],"wp:term":[{"taxonomy":"product_brand","embeddable":true,"href":"https:\/\/fysiolab.dk\/no\/wp-json\/wp\/v2\/product_brand?post=85101"},{"taxonomy":"product_cat","embeddable":true,"href":"https:\/\/fysiolab.dk\/no\/wp-json\/wp\/v2\/product_cat?post=85101"},{"taxonomy":"product_tag","embeddable":true,"href":"https:\/\/fysiolab.dk\/no\/wp-json\/wp\/v2\/product_tag?post=85101"}],"curies":[{"name":"wp","href":"https:\/\/api.w.org\/{rel}","templated":true}]}}