{"id":85111,"date":"2025-02-01T12:04:35","date_gmt":"2025-02-01T11:04:35","guid":{"rendered":"https:\/\/fysiolab.dk\/product\/tulis-hammer-rx-hammertaabandasje\/"},"modified":"2025-12-18T09:20:47","modified_gmt":"2025-12-18T08:20:47","slug":"tulis-hammer-rx-hammertaabandasje","status":"publish","type":"product","link":"https:\/\/fysiolab.dk\/no\/product\/tulis-hammer-rx-hammertaabandasje\/","title":{"rendered":"Tuli&#8217;s Hammer RX (Hammert\u00e5bandasje)"},"content":{"rendered":"<p><strong>Tuli&#8217;s Hammer RX - Bandasje for hammert\u00e5<\/strong><\/p>\n<p>Tuli&#8217;s Hammer RX er en spesialdesignet skinne som gir effektiv st\u00f8tte og avlastning for hammert\u00e6r. Den bidrar til \u00e5 rette ut t\u00e5en, redusere smerte og forhindre ytterligere irritasjon n\u00e5r du g\u00e5r og beveger deg. <\/p>\n<p>Bandasjen er laget av et mykt, fleksibelt materiale som gir behagelig kompresjon uten \u00e5 stramme for mye. Den kan brukes i vanlige sko og egner seg b\u00e5de til daglig bruk og over lengre perioder. <\/p>\n<ul>\n<li>Lindrer smerter for\u00e5rsaket av hammert\u00e5.<\/li>\n<li>Hjelper med \u00e5 rette ut t\u00e5en og redusere trykket.<\/li>\n<li>Komfortabel passform for bruk hele dagen.<\/li>\n<li>Passer for b\u00e5de h\u00f8yre og venstre fot.<\/li>\n<\/ul>\n<p>Perfekt l\u00f8sning for deg som \u00f8nsker bedre komfort og st\u00f8tte for f\u00f8ttene. Bestill Tuli&#8217;s Hammer RX i dag! <\/p>\n","protected":false},"excerpt":{"rendered":"<p><strong>Tuli&#8217;s Hammer RX er en spesialdesignet skinne som gir effektiv st\u00f8tte og avlastning for hammert\u00e6r. Den bidrar til \u00e5 rette ut t\u00e5en, redusere smerte og forhindre ytterligere irritasjon n\u00e5r du g\u00e5r og beveger deg.  Bandasjen er laget av et mykt, fleksibelt materiale som gir behagelig kompresjon uten \u00e5 stramme for mye. Den kan brukes i vanlige sko og egner seg b\u00e5de til daglig bruk og over lengre perioder. <\/strong><\/p>\n","protected":false},"featured_media":85113,"comment_status":"closed","ping_status":"closed","template":"","meta":{"_acf_changed":false},"product_brand":[],"product_cat":[1937,1933,1994,2002],"product_tag":[1944,2004],"class_list":{"0":"post-85111","1":"product","2":"type-product","3":"status-publish","4":"has-post-thumbnail","6":"product_cat-merkevarer","7":"product_cat-skinner-og-stoetteskinner","8":"product_cat-sko-og-saaler-no","9":"product_cat-tulis-no","10":"product_tag-rehabmedic-no","11":"product_tag-tulis-no","13":"first","14":"instock","15":"taxable","16":"shipping-taxable","17":"purchasable","18":"product-type-simple"},"acf":[],"_links":{"self":[{"href":"https:\/\/fysiolab.dk\/no\/wp-json\/wp\/v2\/product\/85111","targetHints":{"allow":["GET"]}}],"collection":[{"href":"https:\/\/fysiolab.dk\/no\/wp-json\/wp\/v2\/product"}],"about":[{"href":"https:\/\/fysiolab.dk\/no\/wp-json\/wp\/v2\/types\/product"}],"replies":[{"embeddable":true,"href":"https:\/\/fysiolab.dk\/no\/wp-json\/wp\/v2\/comments?post=85111"}],"wp:featuredmedia":[{"embeddable":true,"href":"https:\/\/fysiolab.dk\/no\/wp-json\/wp\/v2\/media\/85113"}],"wp:attachment":[{"href":"https:\/\/fysiolab.dk\/no\/wp-json\/wp\/v2\/media?parent=85111"}],"wp:term":[{"taxonomy":"product_brand","embeddable":true,"href":"https:\/\/fysiolab.dk\/no\/wp-json\/wp\/v2\/product_brand?post=85111"},{"taxonomy":"product_cat","embeddable":true,"href":"https:\/\/fysiolab.dk\/no\/wp-json\/wp\/v2\/product_cat?post=85111"},{"taxonomy":"product_tag","embeddable":true,"href":"https:\/\/fysiolab.dk\/no\/wp-json\/wp\/v2\/product_tag?post=85111"}],"curies":[{"name":"wp","href":"https:\/\/api.w.org\/{rel}","templated":true}]}}