{"id":85112,"date":"2025-01-29T21:27:54","date_gmt":"2025-01-29T20:27:54","guid":{"rendered":"https:\/\/fysiolab.dk\/product\/spinefitter-extender-fra-sissel\/"},"modified":"2025-12-18T09:20:47","modified_gmt":"2025-12-18T08:20:47","slug":"spinefitter-extender-fra-sissel","status":"publish","type":"product","link":"https:\/\/fysiolab.dk\/no\/product\/spinefitter-extender-fra-sissel\/","title":{"rendered":"Spinefitter Extender fra Sissel"},"content":{"rendered":"<p><strong>Spinefitter Extender fra Sissel - Forleng ryggstrekk og avspenning<\/strong><\/p>\n<p>Spinefitter Extension fra Sissel er et praktisk tilbeh\u00f8r som gj\u00f8r det mulig \u00e5 utvide og intensivere ryggtreningen. N\u00e5r forlengelsen legges til Spinefitteren din, \u00f8ker den b\u00e5de st\u00f8tten og strekkflaten, noe som gj\u00f8r det lettere \u00e5 behandle st\u00f8rre omr\u00e5der av ryggen og oppn\u00e5 dypere avslapping. Perfekt for deg som \u00f8nsker \u00e5 f\u00e5 enda mer ut av Spinefitteren og \u00f8ke komforten og effektiviteten i ryggbehandlingen.  <\/p>\n<p><strong>Fordeler med Spinefitter Extender:<\/strong><\/p>\n<ul>\n<li>Utvider bruksomr\u00e5det - \u00d8ker komforten og dekker st\u00f8rre deler av ryggen<\/li>\n<li>Forsterker effekten av Spinefitter - gir dypere og mer intensiv utt\u00f8yning<\/li>\n<li>Egnet for bruk p\u00e5 hele ryggen - st\u00f8tter t\u00f8yning og avspenning av \u00f8vre og nedre del av ryggen<\/li>\n<li>Enkel \u00e5 legge til - festes raskt og sikkert til Spinefitteren din<\/li>\n<li>Komfortabel \u00e5 bruke - tilpasser seg kroppens naturlige kurver<\/li>\n<\/ul>\n<p><strong>Slik bruker du Spinefitter Extender:<\/strong><\/p>\n<p>Forlengeren festes enkelt til din eksisterende Spinefitter og gir \u00f8kt st\u00f8tte langs ryggraden. Ved \u00e5 legge deg sakte ned p\u00e5 forlengelsens utstrakte flate kan du oppn\u00e5 en dypere og mer m\u00e5lrettet strekk. Med dette tillegget kan du behandle hele ryggen p\u00e5 en behagelig og effektiv m\u00e5te.  <\/p>\n<p><strong>Spesifikasjoner:<\/strong><\/p>\n<ul>\n<li>Materiale: Slitesterkt og komfortabelt skum<\/li>\n<li>Kompatibilitet: Kan brukes med alle Spinefitter-modeller<\/li>\n<\/ul>\n<p>Spinefitter Extension fra Sissel er det perfekte verkt\u00f8yet for \u00e5 optimalisere ryggstrekkingen og f\u00e5 en dypere avspenning av ryggraden.<\/p>\n<p>Bestill Spinefitter Extension i dag og f\u00e5 enda mer ut av Spinefitteren din <a href=\"https:\/\/fysiolab.dk\/no\/product\/spinefitter-av-sissel\/\"><strong>Kj\u00f8p din Spinefitter her<\/strong><\/a><\/p>\n","protected":false},"excerpt":{"rendered":"<p><strong>Spinefitter Extension fra Sissel er et praktisk tilbeh\u00f8r som gj\u00f8r det mulig \u00e5 utvide og intensivere ryggtreningen. N\u00e5r forlengelsen legges til Spinefitteren din, \u00f8ker den b\u00e5de st\u00f8tten og strekkflaten, noe som gj\u00f8r det lettere \u00e5 behandle st\u00f8rre omr\u00e5der av ryggen og oppn\u00e5 dypere avslapping. Perfekt for deg som \u00f8nsker \u00e5 f\u00e5 enda mer ut av Spinefitteren og \u00f8ke komforten og effektiviteten i ryggbehandlingen.  <\/strong><\/p>\n","protected":false},"featured_media":85116,"comment_status":"closed","ping_status":"closed","template":"","meta":{"_acf_changed":false},"product_brand":[],"product_cat":[1948,2640,2362,2027,1937,2535,2518,2558,2563,2533,2819,1945,2532],"product_tag":[1944,2820],"class_list":{"0":"post-85112","1":"product","2":"type-product","3":"status-publish","4":"has-post-thumbnail","6":"product_cat-klinikk","7":"product_cat-massasje-restaurering","8":"product_cat-massasjeballer-og-skumruller","9":"product_cat-massasjeutstyr","10":"product_cat-merkevarer","11":"product_cat-pilates-no","12":"product_cat-sissel-no","13":"product_cat-sissel-massasje","14":"product_cat-sissel-pilates-no","15":"product_cat-sissel-yoga-no","16":"product_cat-spinefitter-no","17":"product_cat-treningsutstyr","18":"product_cat-yoga-no","19":"product_tag-rehabmedic-no","20":"product_tag-spinefitter-no","22":"first","23":"instock","24":"taxable","25":"shipping-taxable","26":"purchasable","27":"product-type-simple"},"acf":[],"_links":{"self":[{"href":"https:\/\/fysiolab.dk\/no\/wp-json\/wp\/v2\/product\/85112","targetHints":{"allow":["GET"]}}],"collection":[{"href":"https:\/\/fysiolab.dk\/no\/wp-json\/wp\/v2\/product"}],"about":[{"href":"https:\/\/fysiolab.dk\/no\/wp-json\/wp\/v2\/types\/product"}],"replies":[{"embeddable":true,"href":"https:\/\/fysiolab.dk\/no\/wp-json\/wp\/v2\/comments?post=85112"}],"wp:featuredmedia":[{"embeddable":true,"href":"https:\/\/fysiolab.dk\/no\/wp-json\/wp\/v2\/media\/85116"}],"wp:attachment":[{"href":"https:\/\/fysiolab.dk\/no\/wp-json\/wp\/v2\/media?parent=85112"}],"wp:term":[{"taxonomy":"product_brand","embeddable":true,"href":"https:\/\/fysiolab.dk\/no\/wp-json\/wp\/v2\/product_brand?post=85112"},{"taxonomy":"product_cat","embeddable":true,"href":"https:\/\/fysiolab.dk\/no\/wp-json\/wp\/v2\/product_cat?post=85112"},{"taxonomy":"product_tag","embeddable":true,"href":"https:\/\/fysiolab.dk\/no\/wp-json\/wp\/v2\/product_tag?post=85112"}],"curies":[{"name":"wp","href":"https:\/\/api.w.org\/{rel}","templated":true}]}}