{"id":85123,"date":"2025-01-29T21:11:25","date_gmt":"2025-01-29T20:11:25","guid":{"rendered":"https:\/\/fysiolab.dk\/product\/spinefitter-mini-fra-sissel\/"},"modified":"2025-12-18T09:20:48","modified_gmt":"2025-12-18T08:20:48","slug":"spinefitter-mini-fra-sissel","status":"publish","type":"product","link":"https:\/\/fysiolab.dk\/no\/product\/spinefitter-mini-fra-sissel\/","title":{"rendered":"Spinefitter Mini fra Sissel"},"content":{"rendered":"<p><strong>Spinefitter Mini by Sissel - kompakt og effektiv ryggstrekking<\/strong><\/p>\n<p>Spinefitter Mini fra Sissel er den perfekte l\u00f8sningen for deg som \u00f8nsker en praktisk og effektiv m\u00e5te \u00e5 slappe av i ryggen og forbedre bevegeligheten p\u00e5. Denne kompakte versjonen av den popul\u00e6re Spinefitteren er ideell for bruk hjemme, p\u00e5 jobb eller p\u00e5 farten. Den er utviklet for \u00e5 t\u00f8ye og slappe av i ryggraden, samtidig som den ogs\u00e5 kan brukes til \u00e5 lindre spenninger og st\u00f8tte en sunn kroppsholdning.  <\/p>\n<p><strong>Fordeler med Spinefitter Mini:<\/strong><\/p>\n<ul>\n<li>Kompakt design - enkel \u00e5 transportere og oppbevare<\/li>\n<li>Effektiv t\u00f8yning - bidrar til \u00e5 lindre ryggspenninger og \u00f8ke fleksibiliteten<\/li>\n<li>Forbedrer kroppsholdningen - st\u00f8tter en naturlig oppreist stilling<\/li>\n<li>Multifunksjonell - egnet for b\u00e5de avslapning og rehabilitering<\/li>\n<li>Passer for alle - fra personer med ryggsmerter til de som \u00f8nsker \u00e5 forbedre holdning og bevegelighet<\/li>\n<\/ul>\n<p><strong>Hvordan bruker du Spinefitter Mini?<\/strong><\/p>\n<p>Legg deg ned p\u00e5 Spinefitter Mini for \u00e5 f\u00e5 st\u00f8tte langs ryggraden og la kroppen slappe av. Den unike formen og strukturen gir en effektiv strekk av ryggraden, noe som kan bidra til \u00e5 lindre muskelspenninger og forbedre holdningen din. <\/p>\n<p><strong>Spesifikasjoner:<\/strong><\/p>\n<ul>\n<li>Dimensjoner: Kompakt st\u00f8rrelse, ideell for hjemmet eller p\u00e5 farten<\/li>\n<li>Materiale: Komfortabelt og slitesterkt skum<\/li>\n<\/ul>\n<p>Spinefitter Mini fra Sissel er et praktisk og effektivt verkt\u00f8y som gj\u00f8r at du kan ta vare p\u00e5 ryggen din uansett hvor du er.<\/p>\n<p>Bestill din Spinefitter Mini i dag og opplev fordelene med en sunnere og mer fleksibel rygg!<\/p>\n","protected":false},"excerpt":{"rendered":"<p><strong>Spinefitter Mini fra Sissel er den perfekte l\u00f8sningen for deg som \u00f8nsker en praktisk og effektiv m\u00e5te \u00e5 slappe av i ryggen og forbedre bevegeligheten p\u00e5. Denne kompakte versjonen av den popul\u00e6re Spinefitteren er ideell for bruk hjemme, p\u00e5 jobb eller p\u00e5 farten. Den er utviklet for \u00e5 t\u00f8ye og slappe av i ryggraden, samtidig som den ogs\u00e5 kan brukes til \u00e5 lindre spenninger og st\u00f8tte en sunn kroppsholdning.  <\/strong><\/p>\n","protected":false},"featured_media":85132,"comment_status":"closed","ping_status":"closed","template":"","meta":{"_acf_changed":false},"product_brand":[],"product_cat":[1948,2640,2362,2027,1937,2535,2518,2558,2563,2533,2819,1945,2532],"product_tag":[1944,2820],"class_list":{"0":"post-85123","1":"product","2":"type-product","3":"status-publish","4":"has-post-thumbnail","6":"product_cat-klinikk","7":"product_cat-massasje-restaurering","8":"product_cat-massasjeballer-og-skumruller","9":"product_cat-massasjeutstyr","10":"product_cat-merkevarer","11":"product_cat-pilates-no","12":"product_cat-sissel-no","13":"product_cat-sissel-massasje","14":"product_cat-sissel-pilates-no","15":"product_cat-sissel-yoga-no","16":"product_cat-spinefitter-no","17":"product_cat-treningsutstyr","18":"product_cat-yoga-no","19":"product_tag-rehabmedic-no","20":"product_tag-spinefitter-no","22":"first","23":"instock","24":"taxable","25":"shipping-taxable","26":"purchasable","27":"product-type-simple"},"acf":[],"_links":{"self":[{"href":"https:\/\/fysiolab.dk\/no\/wp-json\/wp\/v2\/product\/85123","targetHints":{"allow":["GET"]}}],"collection":[{"href":"https:\/\/fysiolab.dk\/no\/wp-json\/wp\/v2\/product"}],"about":[{"href":"https:\/\/fysiolab.dk\/no\/wp-json\/wp\/v2\/types\/product"}],"replies":[{"embeddable":true,"href":"https:\/\/fysiolab.dk\/no\/wp-json\/wp\/v2\/comments?post=85123"}],"wp:featuredmedia":[{"embeddable":true,"href":"https:\/\/fysiolab.dk\/no\/wp-json\/wp\/v2\/media\/85132"}],"wp:attachment":[{"href":"https:\/\/fysiolab.dk\/no\/wp-json\/wp\/v2\/media?parent=85123"}],"wp:term":[{"taxonomy":"product_brand","embeddable":true,"href":"https:\/\/fysiolab.dk\/no\/wp-json\/wp\/v2\/product_brand?post=85123"},{"taxonomy":"product_cat","embeddable":true,"href":"https:\/\/fysiolab.dk\/no\/wp-json\/wp\/v2\/product_cat?post=85123"},{"taxonomy":"product_tag","embeddable":true,"href":"https:\/\/fysiolab.dk\/no\/wp-json\/wp\/v2\/product_tag?post=85123"}],"curies":[{"name":"wp","href":"https:\/\/api.w.org\/{rel}","templated":true}]}}