{"id":85139,"date":"2025-02-01T10:45:01","date_gmt":"2025-02-01T09:45:01","guid":{"rendered":"https:\/\/fysiolab.dk\/product\/nesetamponger-50-stk\/"},"modified":"2025-12-18T09:20:47","modified_gmt":"2025-12-18T08:20:47","slug":"nesetamponger-50-stk","status":"publish","type":"product","link":"https:\/\/fysiolab.dk\/no\/product\/nesetamponger-50-stk\/","title":{"rendered":"Nesetamponger 50 stk"},"content":{"rendered":"<p><strong>Nesetamponger - 50 stk.<\/strong><\/p>\n<p>Effektive og absorberende nesetamponger for f\u00f8rstehjelp og medisinsk bruk. Ideell for \u00e5 stoppe neseblod raskt og trygt. Laget av mykt og sk\u00e5nsomt materiale for \u00e5 sikre komfort under bruk.  <\/p>\n<p>M\u00e5l: 4 cm x 1 cm (diameter).<br \/>\nH\u00f8y absorberingsevne.<br \/>\nHygienisk og individuelt pakket.<br \/>\nPerfekt for sport, klinikker og hjemmebruk.<\/p>\n<p>Pakken inneholder 50 nesetamponger. Perfekt for b\u00e5de profesjonelle og forbrukere. Bestill i dag og v\u00e6r forberedt!  <\/p>\n","protected":false},"excerpt":{"rendered":"<p><strong>Effektive og absorberende nesetamponger for f\u00f8rstehjelp og medisinsk bruk. Ideell for \u00e5 stoppe neseblod raskt og trygt. Laget av mykt og sk\u00e5nsomt materiale for \u00e5 sikre komfort under bruk.  <\/strong><\/p>\n","protected":false},"featured_media":85141,"comment_status":"closed","ping_status":"closed","template":"","meta":{"_acf_changed":false},"product_brand":[],"product_cat":[2413,1942,1948,1937,1943,1941],"product_tag":[1944],"class_list":{"0":"post-85139","1":"product","2":"type-product","3":"status-publish","4":"has-post-thumbnail","6":"product_cat-dressinger-og-wraps","7":"product_cat-foerstehjelp","8":"product_cat-klinikk","9":"product_cat-merkevarer","10":"product_cat-rehabmedic-no","11":"product_cat-rekonvalesens-og-sportspleie","12":"product_tag-rehabmedic-no","14":"first","15":"instock","16":"taxable","17":"shipping-taxable","18":"purchasable","19":"product-type-simple"},"acf":[],"_links":{"self":[{"href":"https:\/\/fysiolab.dk\/no\/wp-json\/wp\/v2\/product\/85139","targetHints":{"allow":["GET"]}}],"collection":[{"href":"https:\/\/fysiolab.dk\/no\/wp-json\/wp\/v2\/product"}],"about":[{"href":"https:\/\/fysiolab.dk\/no\/wp-json\/wp\/v2\/types\/product"}],"replies":[{"embeddable":true,"href":"https:\/\/fysiolab.dk\/no\/wp-json\/wp\/v2\/comments?post=85139"}],"wp:featuredmedia":[{"embeddable":true,"href":"https:\/\/fysiolab.dk\/no\/wp-json\/wp\/v2\/media\/85141"}],"wp:attachment":[{"href":"https:\/\/fysiolab.dk\/no\/wp-json\/wp\/v2\/media?parent=85139"}],"wp:term":[{"taxonomy":"product_brand","embeddable":true,"href":"https:\/\/fysiolab.dk\/no\/wp-json\/wp\/v2\/product_brand?post=85139"},{"taxonomy":"product_cat","embeddable":true,"href":"https:\/\/fysiolab.dk\/no\/wp-json\/wp\/v2\/product_cat?post=85139"},{"taxonomy":"product_tag","embeddable":true,"href":"https:\/\/fysiolab.dk\/no\/wp-json\/wp\/v2\/product_tag?post=85139"}],"curies":[{"name":"wp","href":"https:\/\/api.w.org\/{rel}","templated":true}]}}