{"id":85140,"date":"2025-01-29T21:02:05","date_gmt":"2025-01-29T20:02:05","guid":{"rendered":"https:\/\/fysiolab.dk\/product\/spinefitter-trigger-av-sissel\/"},"modified":"2025-12-18T09:20:48","modified_gmt":"2025-12-18T08:20:48","slug":"spinefitter-trigger-av-sissel","status":"publish","type":"product","link":"https:\/\/fysiolab.dk\/no\/product\/spinefitter-trigger-av-sissel\/","title":{"rendered":"Spinefitter Trigger av Sissel"},"content":{"rendered":"<p><strong>Spinefitter Trigger by Sissel - M\u00e5lrettet behandling av \u00f8mme omr\u00e5der<\/strong><\/p>\n<p>Spinefitter Trigger fra Sissel er et praktisk og effektivt tilbeh\u00f8r til Spinefitter, utviklet for \u00e5 gi en mer dyptg\u00e5ende behandling av \u00f8mme muskler og spenninger. Den plasseres enkelt p\u00e5 Spinefitteren og gj\u00f8r det mulig \u00e5 m\u00e5lrette trykket mot spesifikke triggerpunkter i kroppen. Perfekt for avspenning, rehabilitering og smertelindring.  <\/p>\n<p><a href=\"https:\/\/fysiolab.dk\/no\/product\/spinefitter-av-sissel\/\"><strong>Du kan kj\u00f8pe din Spinefitter her!<\/strong><\/a><\/p>\n<p><strong>Fordelene med Spinefitter Trigger:<\/strong><\/p>\n<ul>\n<li>M\u00e5lrettet triggerpunktmassasje - bidrar til \u00e5 l\u00f8se opp muskelspenninger<\/li>\n<li>Forsterker effekten av Spinefitter - gir et mer intenst trykk<\/li>\n<li>Ergonomisk design - designet for \u00e5 passe perfekt p\u00e5 Spinefitter<\/li>\n<li>Kan brukes p\u00e5 hele kroppen - ideell for nakke, skuldre, rygg og hofter<\/li>\n<li>Enkel \u00e5 bruke - enkel montering og justering<\/li>\n<\/ul>\n<p><strong>Slik bruker du Spinefitter Trigger:<\/strong><\/p>\n<p>Fest Spinefitter Trigger til Spinefitteren, og plasser deg deretter slik at de opph\u00f8yde trykkpunktene treffer de \u00f8mme omr\u00e5dene. Ved \u00e5 endre posisjon eller vektfordeling kan du justere trykket og intensiteten p\u00e5 behandlingen.   <strong>Se videoen for inspirasjon<\/strong><\/p>\n<p><iframe title=\"SPINEFITTER by SISSEL\u00ae Trigger Tool \u2013 f\u00fcr die gezielte Lockerungen von Triggerpunkten\" width=\"800\" height=\"450\" src=\"https:\/\/www.youtube.com\/embed\/ra569wi_eL0?feature=oembed\" frameborder=\"0\" allow=\"accelerometer; autoplay; clipboard-write; encrypted-media; gyroscope; picture-in-picture; web-share\" referrerpolicy=\"strict-origin-when-cross-origin\" allowfullscreen><\/iframe><\/p>\n<p><strong>Spesifikasjoner:<\/strong><\/p>\n<ul>\n<li>M\u00e5l: 12 x 4,5 x 7 cm<\/li>\n<li>Farge: Gul<\/li>\n<li>Materiale: Slitesterkt og komfortabelt skum<\/li>\n<\/ul>\n<p>Spinefitter Trigger fra Sissel er det perfekte verkt\u00f8yet for alle som \u00f8nsker en mer m\u00e5lrettet og dyp muskelavspenning.<\/p>\n<p>Bestill din Spinefitter Trigger i dag og opplev intens triggerpunktbehandling!<\/p>\n","protected":false},"excerpt":{"rendered":"<p><strong>Spinefitter Trigger fra Sissel er et praktisk og effektivt tilbeh\u00f8r til Spinefitter, utviklet for \u00e5 gi en mer dyptg\u00e5ende behandling av \u00f8mme muskler og spenninger. Den plasseres enkelt p\u00e5 Spinefitteren og gj\u00f8r det mulig \u00e5 m\u00e5lrette trykket mot spesifikke triggerpunkter i kroppen. Perfekt for avspenning, rehabilitering og smertelindring.  <\/strong><\/p>\n<p>&nbsp;<\/p>\n","protected":false},"featured_media":85142,"comment_status":"closed","ping_status":"closed","template":"","meta":{"_acf_changed":false},"product_brand":[],"product_cat":[1948,2362,2027,1937,2535,2518,2558,2563,2533,2819,1945,2532],"product_tag":[1944,2820],"class_list":{"0":"post-85140","1":"product","2":"type-product","3":"status-publish","4":"has-post-thumbnail","6":"product_cat-klinikk","7":"product_cat-massasjeballer-og-skumruller","8":"product_cat-massasjeutstyr","9":"product_cat-merkevarer","10":"product_cat-pilates-no","11":"product_cat-sissel-no","12":"product_cat-sissel-massasje","13":"product_cat-sissel-pilates-no","14":"product_cat-sissel-yoga-no","15":"product_cat-spinefitter-no","16":"product_cat-treningsutstyr","17":"product_cat-yoga-no","18":"product_tag-rehabmedic-no","19":"product_tag-spinefitter-no","21":"first","22":"instock","23":"taxable","24":"shipping-taxable","25":"purchasable","26":"product-type-simple"},"acf":[],"_links":{"self":[{"href":"https:\/\/fysiolab.dk\/no\/wp-json\/wp\/v2\/product\/85140","targetHints":{"allow":["GET"]}}],"collection":[{"href":"https:\/\/fysiolab.dk\/no\/wp-json\/wp\/v2\/product"}],"about":[{"href":"https:\/\/fysiolab.dk\/no\/wp-json\/wp\/v2\/types\/product"}],"replies":[{"embeddable":true,"href":"https:\/\/fysiolab.dk\/no\/wp-json\/wp\/v2\/comments?post=85140"}],"wp:featuredmedia":[{"embeddable":true,"href":"https:\/\/fysiolab.dk\/no\/wp-json\/wp\/v2\/media\/85142"}],"wp:attachment":[{"href":"https:\/\/fysiolab.dk\/no\/wp-json\/wp\/v2\/media?parent=85140"}],"wp:term":[{"taxonomy":"product_brand","embeddable":true,"href":"https:\/\/fysiolab.dk\/no\/wp-json\/wp\/v2\/product_brand?post=85140"},{"taxonomy":"product_cat","embeddable":true,"href":"https:\/\/fysiolab.dk\/no\/wp-json\/wp\/v2\/product_cat?post=85140"},{"taxonomy":"product_tag","embeddable":true,"href":"https:\/\/fysiolab.dk\/no\/wp-json\/wp\/v2\/product_tag?post=85140"}],"curies":[{"name":"wp","href":"https:\/\/api.w.org\/{rel}","templated":true}]}}