{"id":85162,"date":"2025-01-29T19:39:57","date_gmt":"2025-01-29T18:39:57","guid":{"rendered":"https:\/\/fysiolab.dk\/product\/handmaster-plus-haandtrener\/"},"modified":"2025-12-18T09:20:48","modified_gmt":"2025-12-18T08:20:48","slug":"handmaster-plus-haandtrener","status":"publish","type":"product","link":"https:\/\/fysiolab.dk\/no\/product\/handmaster-plus-haandtrener\/","title":{"rendered":"Handmaster Plus h\u00e5ndtrener"},"content":{"rendered":"<p><strong>Handmaster Plus - Komplett trening for h\u00e5nd og underarm<\/strong><\/p>\n<p>Handmaster Plus er et unikt treningsverkt\u00f8y som effektivt styrker b\u00e5de b\u00f8yemuskulaturen og strekkmuskulaturen i h\u00e5nden og underarmen. I motsetning til tradisjonelle grepstrenere som kun fokuserer p\u00e5 \u00e5 klemme, gir Handmaster Plus en balansert trening ved \u00e5 aktivere b\u00e5de gripemuskulaturen og musklene som \u00e5pner h\u00e5nden. <\/p>\n<p><strong>Fordeler:<\/strong><\/p>\n<ul>\n<li>Styrker hele h\u00e5nden, h\u00e5ndleddet og underarmen<\/li>\n<li>Forbedrer grepstyrke og koordinasjon<\/li>\n<li>Ideell for rehabilitering, skadeforebygging og prestasjonsforbedring<\/li>\n<li>Enkel \u00e5 bruke - trening med \u00e9n enkel bevegelse<\/li>\n<\/ul>\n<p><strong>Tilgjengelige motstandsniv\u00e5er:<\/strong><\/p>\n<ul>\n<li>Bl\u00e5 - Sk\u00e5nsom motstand, perfekt for rehabilitering og sk\u00e5nsom styrketrening<\/li>\n<li>R\u00f8d - Middels motstand, egnet for de fleste brukere<\/li>\n<li>Oransje - T\u00f8ff motstand, ideell for avansert styrketrening<\/li>\n<\/ul>\n<p>Handmaster Plus passer for alle, fra musikere og idrettsut\u00f8vere til personer i rehabilitering eller de som \u00f8nsker sterkere hender og underarmer.<\/p>\n<p>Bestill Handmaster Plus i dag og oppn\u00e5 en sterkere og mer balansert h\u00e5ndstyrke!<\/p>\n","protected":false},"excerpt":{"rendered":"<p><strong>Handmaster Plus er et unikt treningsverkt\u00f8y som effektivt styrker b\u00e5de b\u00f8yemuskulaturen og strekkmuskulaturen i h\u00e5nd og underarm. I motsetning til tradisjonelle grepstrenere som kun fokuserer p\u00e5 \u00e5 klemme, gir Handmaster Plus en balansert trening ved \u00e5 aktivere b\u00e5de gripemuskulaturen og musklene som \u00e5pner h\u00e5nden. Tilgjengelig i 3 styrker    <\/strong><\/p>\n<p>&nbsp;<\/p>\n","protected":false},"featured_media":85167,"comment_status":"closed","ping_status":"closed","template":"","meta":{"_acf_changed":false},"product_brand":[],"product_cat":[2221,2237,2238,2676,2824,1948,1937,1945],"product_tag":[2825,1944],"class_list":{"0":"post-85162","1":"product","2":"type-product","3":"status-publish","4":"has-post-thumbnail","6":"product_cat-annet-treningsutstyr","7":"product_cat-haand-og-fingertrening","8":"product_cat-haand-og-fingertrening-no","9":"product_cat-haand-og-fingertrening-no-2","10":"product_cat-handmaster-no","11":"product_cat-klinikk","12":"product_cat-merkevarer","13":"product_cat-treningsutstyr","14":"product_tag-handmaster-no","15":"product_tag-rehabmedic-no","17":"first","18":"instock","19":"taxable","20":"shipping-taxable","21":"purchasable","22":"product-type-variable"},"acf":[],"_links":{"self":[{"href":"https:\/\/fysiolab.dk\/no\/wp-json\/wp\/v2\/product\/85162","targetHints":{"allow":["GET"]}}],"collection":[{"href":"https:\/\/fysiolab.dk\/no\/wp-json\/wp\/v2\/product"}],"about":[{"href":"https:\/\/fysiolab.dk\/no\/wp-json\/wp\/v2\/types\/product"}],"replies":[{"embeddable":true,"href":"https:\/\/fysiolab.dk\/no\/wp-json\/wp\/v2\/comments?post=85162"}],"wp:featuredmedia":[{"embeddable":true,"href":"https:\/\/fysiolab.dk\/no\/wp-json\/wp\/v2\/media\/85167"}],"wp:attachment":[{"href":"https:\/\/fysiolab.dk\/no\/wp-json\/wp\/v2\/media?parent=85162"}],"wp:term":[{"taxonomy":"product_brand","embeddable":true,"href":"https:\/\/fysiolab.dk\/no\/wp-json\/wp\/v2\/product_brand?post=85162"},{"taxonomy":"product_cat","embeddable":true,"href":"https:\/\/fysiolab.dk\/no\/wp-json\/wp\/v2\/product_cat?post=85162"},{"taxonomy":"product_tag","embeddable":true,"href":"https:\/\/fysiolab.dk\/no\/wp-json\/wp\/v2\/product_tag?post=85162"}],"curies":[{"name":"wp","href":"https:\/\/api.w.org\/{rel}","templated":true}]}}