{"id":85163,"date":"2025-01-27T10:51:59","date_gmt":"2025-01-27T09:51:59","guid":{"rendered":"https:\/\/fysiolab.dk\/product\/donjoy-lumboforce-sacro\/"},"modified":"2026-03-12T21:49:39","modified_gmt":"2026-03-12T20:49:39","slug":"donjoy-lumboforce-sacro","status":"publish","type":"product","link":"https:\/\/fysiolab.dk\/no\/product\/donjoy-lumboforce-sacro\/","title":{"rendered":"Donjoy LumboForce Sacro"},"content":{"rendered":"<div class=\"content-area small short-descr t18ib9h8\">Den nye LumboForce Sacro har justerbare massasjeputer og doble stropper i en semielastisk nettingkonstruksjon som bidrar til \u00e5 avlaste og st\u00f8tte sacroiliacaleddet og bekkenet.<\/div>\n<div class=\"content-area small t18ib9h8\"><\/div>\n<div><strong>BRUK\/INDIKASJONER<\/strong><\/div>\n<div>\n<div class=\"ewa-rteLine\">DonJoy LumboForce Sacro er utviklet for \u00e5 stabilisere og st\u00f8tte bekkenet og korsryggen og bidra til \u00e5 lindre smerter i sacroiliacaleddet (SI-leddet) og bekkenet.<\/div>\n<div class=\"ewa-rteLine\">- Gir stabilisering og smertelindring etter traumer mot symfysen\/iliosakralledd<\/div>\n<div class=\"ewa-rteLine\">- Symfyseal insuffisiens<\/div>\n<div class=\"ewa-rteLine\">\n<p>- Strukturell instabilitet i sacroiliacaleddet<\/p>\n<div class=\"ewa-rteLine\"><strong>FUNKSJONER OG FORDELER<\/strong><\/div>\n<div class=\"ewa-rteLine\">- To avtakbare propriosepsjonsputer masserer og fremmer blodsirkulasjonen for \u00e5 lindre smerter<\/div>\n<div class=\"ewa-rteLine\">- Fleksible rygglener for ekstra st\u00f8tte<\/div>\n<div class=\"ewa-rteLine\">- Bilaterale stropper for individuell justering av kompresjonen<\/div>\n<div class=\"ewa-rteLine\">- Pustende, semi-elastisk netting for mer st\u00f8ttende kompresjon<\/div>\n<\/div>\n<\/div>\n<div><\/div>\n<div><strong>St\u00f8rrelse:<\/strong><\/div>\n<div>\n<p>M\u00e5l 2,5 cm under toppen av hoftebeina<\/p>\n<div class=\"vyoepqj\"><button class=\"s11j0aa6\" data-disabled=\"false\" data-secondary=\"true\" data-selected=\"false\">S - 75-90 cm<\/button><button class=\"s11j0aa6\" data-disabled=\"false\" data-secondary=\"true\" data-selected=\"false\">M - 90-100 cm<\/button><button class=\"s11j0aa6\" data-disabled=\"false\" data-secondary=\"true\" data-selected=\"false\">L - 100-110 cm<\/button><button class=\"s11j0aa6\" data-disabled=\"false\" data-secondary=\"true\" data-selected=\"false\">XL - 110-120 cm<\/button><button class=\"s11j0aa6\" data-disabled=\"false\" data-secondary=\"true\" data-selected=\"false\">XXL - 120-130 cm<\/button><button class=\"s11j0aa6\" data-disabled=\"false\" data-secondary=\"true\" data-selected=\"false\">XXXL - 130-140 cm<\/button><\/div>\n<\/div>\n","protected":false},"excerpt":{"rendered":"<p><strong>Den nye LumboForce Sacro har justerbare massasjeputer og doble stropper i en semielastisk nettingkonstruksjon som bidrar til \u00e5 avlaste og st\u00f8tte sacroiliacaleddet og bekkenet.<\/strong><\/p>\n","protected":false},"featured_media":85177,"comment_status":"closed","ping_status":"closed","template":"","meta":{"_acf_changed":false},"product_brand":[3091],"product_cat":[1938,2194,2193,1937,2184,1933,2016],"product_tag":[2173],"class_list":{"0":"post-85163","1":"product","2":"type-product","3":"status-publish","4":"has-post-thumbnail","6":"product_brand-donjoy","7":"product_cat-donjoy-no","8":"product_cat-donjoy-korsryggbelte","9":"product_cat-donjoy-ryggstoette","10":"product_cat-merkevarer","11":"product_cat-rygg-og-korsrygg","12":"product_cat-skinner-og-stoetteskinner","13":"product_cat-uttak","14":"product_tag-donjoy-no","16":"first","17":"instock","18":"taxable","19":"shipping-taxable","20":"purchasable","21":"product-type-variable"},"acf":[],"_links":{"self":[{"href":"https:\/\/fysiolab.dk\/no\/wp-json\/wp\/v2\/product\/85163","targetHints":{"allow":["GET"]}}],"collection":[{"href":"https:\/\/fysiolab.dk\/no\/wp-json\/wp\/v2\/product"}],"about":[{"href":"https:\/\/fysiolab.dk\/no\/wp-json\/wp\/v2\/types\/product"}],"replies":[{"embeddable":true,"href":"https:\/\/fysiolab.dk\/no\/wp-json\/wp\/v2\/comments?post=85163"}],"wp:featuredmedia":[{"embeddable":true,"href":"https:\/\/fysiolab.dk\/no\/wp-json\/wp\/v2\/media\/85177"}],"wp:attachment":[{"href":"https:\/\/fysiolab.dk\/no\/wp-json\/wp\/v2\/media?parent=85163"}],"wp:term":[{"taxonomy":"product_brand","embeddable":true,"href":"https:\/\/fysiolab.dk\/no\/wp-json\/wp\/v2\/product_brand?post=85163"},{"taxonomy":"product_cat","embeddable":true,"href":"https:\/\/fysiolab.dk\/no\/wp-json\/wp\/v2\/product_cat?post=85163"},{"taxonomy":"product_tag","embeddable":true,"href":"https:\/\/fysiolab.dk\/no\/wp-json\/wp\/v2\/product_tag?post=85163"}],"curies":[{"name":"wp","href":"https:\/\/api.w.org\/{rel}","templated":true}]}}