{"id":85182,"date":"2025-01-25T21:02:45","date_gmt":"2025-01-25T20:02:45","guid":{"rendered":"https:\/\/fysiolab.dk\/product\/bacillol-af-overflatedesinfeksjon\/"},"modified":"2025-12-18T09:20:49","modified_gmt":"2025-12-18T08:20:49","slug":"bacillol-af-overflatedesinfeksjon","status":"publish","type":"product","link":"https:\/\/fysiolab.dk\/no\/product\/bacillol-af-overflatedesinfeksjon\/","title":{"rendered":"Bacillol AF overflatedesinfeksjon"},"content":{"rendered":"<p><strong>Bacillol AF 1L - Hurtigvirkende overflatedesinfeksjon uten spor<\/strong><\/p>\n<p>Bacillol AF er et alkoholbasert desinfeksjonsmiddel som er klart til bruk, og som sikrer rask og effektiv desinfisering av overflater. Det etterlater ingen rester og t\u00f8rker raskt, noe som gj\u00f8r det ideelt for milj\u00f8er der det kreves h\u00f8y hygiene. <\/p>\n<p><strong>Fordeler:<\/strong><\/p>\n<ul>\n<li>Hurtigvirkende: Effektiv mot bakterier, virus, sopp og mykobakterier.<\/li>\n<li>Ingen rester: Etterlater ingen spor eller klebrig belegg.<\/li>\n<li>Bredt bruksomr\u00e5de: Egnet for b\u00e5de medisinske og ikke-medisinske milj\u00f8er.<\/li>\n<li>Klar til bruk: Leveres i 1-liters flaske, klar til p\u00e5f\u00f8ring.<\/li>\n<\/ul>\n<p><strong>Bruksomr\u00e5der:<\/strong><\/p>\n<ul>\n<li>Ideell for desinfisering av alkoholtolerante overflater som arbeidsbord, utstyr og kontaktflater.<\/li>\n<li>Brukes i helsevesenet, matproduksjon, p\u00e5 kontorer og i hjemmet.<\/li>\n<\/ul>\n<p><strong>Slik bruker du den:<\/strong><\/p>\n<ol>\n<li>P\u00e5f\u00f8r Bacillol AF direkte p\u00e5 overflaten eller bruk en klut.<\/li>\n<li>Forsikre deg om at overflaten er helt dekket.<\/li>\n<li>La produktet t\u00f8rke - ingen ettert\u00f8rking er n\u00f8dvendig.<\/li>\n<\/ol>\n<p>Bacillol AF 1L kombinerer effektivitet og brukervennlighet, slik at du raskt kan opprettholde et h\u00f8yt hygienisk niv\u00e5.<\/p>\n","protected":false},"excerpt":{"rendered":"<p><strong>Bacillol AF er et alkoholbasert desinfeksjonsmiddel som er klart til bruk, og som sikrer rask og effektiv desinfisering av overflater. Det etterlater ingen rester og t\u00f8rker raskt, noe som gj\u00f8r det ideelt for milj\u00f8er der det kreves h\u00f8y hygiene. <\/strong><\/p>\n<p>&nbsp;<\/p>\n","protected":false},"featured_media":85185,"comment_status":"closed","ping_status":"closed","template":"","meta":{"_acf_changed":false},"product_brand":[],"product_cat":[2828,2408,1948,1937,1941,2407],"product_tag":[2829,1944],"class_list":{"0":"post-85182","1":"product","2":"type-product","3":"status-publish","4":"has-post-thumbnail","6":"product_cat-bode-no","7":"product_cat-hygiene-og-rengjoering","8":"product_cat-klinikk","9":"product_cat-merkevarer","10":"product_cat-rekonvalesens-og-sportspleie","11":"product_cat-saape-og-rengjoeringsmiddel","12":"product_tag-bode-no","13":"product_tag-rehabmedic-no","15":"first","16":"instock","17":"taxable","18":"shipping-taxable","19":"purchasable","20":"product-type-simple"},"acf":[],"_links":{"self":[{"href":"https:\/\/fysiolab.dk\/no\/wp-json\/wp\/v2\/product\/85182","targetHints":{"allow":["GET"]}}],"collection":[{"href":"https:\/\/fysiolab.dk\/no\/wp-json\/wp\/v2\/product"}],"about":[{"href":"https:\/\/fysiolab.dk\/no\/wp-json\/wp\/v2\/types\/product"}],"replies":[{"embeddable":true,"href":"https:\/\/fysiolab.dk\/no\/wp-json\/wp\/v2\/comments?post=85182"}],"wp:featuredmedia":[{"embeddable":true,"href":"https:\/\/fysiolab.dk\/no\/wp-json\/wp\/v2\/media\/85185"}],"wp:attachment":[{"href":"https:\/\/fysiolab.dk\/no\/wp-json\/wp\/v2\/media?parent=85182"}],"wp:term":[{"taxonomy":"product_brand","embeddable":true,"href":"https:\/\/fysiolab.dk\/no\/wp-json\/wp\/v2\/product_brand?post=85182"},{"taxonomy":"product_cat","embeddable":true,"href":"https:\/\/fysiolab.dk\/no\/wp-json\/wp\/v2\/product_cat?post=85182"},{"taxonomy":"product_tag","embeddable":true,"href":"https:\/\/fysiolab.dk\/no\/wp-json\/wp\/v2\/product_tag?post=85182"}],"curies":[{"name":"wp","href":"https:\/\/api.w.org\/{rel}","templated":true}]}}