{"id":85187,"date":"2025-01-25T20:59:02","date_gmt":"2025-01-25T19:59:02","guid":{"rendered":"https:\/\/fysiolab.dk\/product\/baktolin-haandvask-500ml-1l\/"},"modified":"2025-12-18T09:20:49","modified_gmt":"2025-12-18T08:20:49","slug":"baktolin-haandvask-500ml-1l","status":"publish","type":"product","link":"https:\/\/fysiolab.dk\/no\/product\/baktolin-haandvask-500ml-1l\/","title":{"rendered":"Baktolin H\u00e5ndvask 500ml &amp; 1L"},"content":{"rendered":"<p><strong>Baktolin 500ml &amp;1L - Mild og effektiv h\u00e5nd- og hudvask<\/strong><\/p>\n<p>Baktolin er en sk\u00e5nsom h\u00e5nd- og hudvask som renser effektivt uten \u00e5 t\u00f8rke ut huden. Den hudvennlige formelen er spesielt utviklet for daglig bruk og egner seg b\u00e5de for private husholdninger og profesjonelle milj\u00f8er. <\/p>\n<p><strong>Fordeler:<\/strong><\/p>\n<ul>\n<li>Mild formel: Fri for s\u00e5pe og alkalier, noe som gj\u00f8r den ideell for sensitiv hud.<\/li>\n<li>Fuktighetsgivende egenskaper: Inneholder pleiende ingredienser som opprettholder hudens naturlige fuktighetsbalanse.<\/li>\n<li>Allsidig bruk: Egnet for hender, kropp og sensitiv hud.<\/li>\n<li>500 ml med praktisk pumpe: Enkel og hygienisk dosering for daglig bruk.<\/li>\n<\/ul>\n<p><strong>Bruksomr\u00e5der:<\/strong><\/p>\n<ul>\n<li>Ideell for daglig h\u00e5ndvask hjemme eller p\u00e5 arbeidsplassen.<\/li>\n<li>Perfekt til bruk i helsevesenet, kantiner, kj\u00f8kken eller andre steder med h\u00f8ye hygienekrav.<\/li>\n<\/ul>\n<p><strong>Slik bruker du den:<\/strong><\/p>\n<ol>\n<li>P\u00e5f\u00f8r en passende mengde p\u00e5 v\u00e5te hender eller hud.<\/li>\n<li>Masser forsiktig inn og skyll grundig med vann.<\/li>\n<\/ol>\n<p>Baktolin gir sk\u00e5nsom og effektiv rengj\u00f8ring som etterlater huden frisk, ren og fuktet!<\/p>\n","protected":false},"excerpt":{"rendered":"<p><strong>Baktolin er en sk\u00e5nsom h\u00e5nd- og hudvask som renser effektivt uten \u00e5 t\u00f8rke ut huden. Den hudvennlige formelen er spesielt utviklet for daglig bruk og egner seg b\u00e5de for private husholdninger og profesjonelle milj\u00f8er. <\/strong><\/p>\n","protected":false},"featured_media":85191,"comment_status":"closed","ping_status":"closed","template":"","meta":{"_acf_changed":false},"product_brand":[],"product_cat":[2828,2408,1948,1937,1941,2407],"product_tag":[2829,1944],"class_list":{"0":"post-85187","1":"product","2":"type-product","3":"status-publish","4":"has-post-thumbnail","6":"product_cat-bode-no","7":"product_cat-hygiene-og-rengjoering","8":"product_cat-klinikk","9":"product_cat-merkevarer","10":"product_cat-rekonvalesens-og-sportspleie","11":"product_cat-saape-og-rengjoeringsmiddel","12":"product_tag-bode-no","13":"product_tag-rehabmedic-no","15":"first","16":"instock","17":"taxable","18":"shipping-taxable","19":"purchasable","20":"product-type-variable"},"acf":[],"_links":{"self":[{"href":"https:\/\/fysiolab.dk\/no\/wp-json\/wp\/v2\/product\/85187","targetHints":{"allow":["GET"]}}],"collection":[{"href":"https:\/\/fysiolab.dk\/no\/wp-json\/wp\/v2\/product"}],"about":[{"href":"https:\/\/fysiolab.dk\/no\/wp-json\/wp\/v2\/types\/product"}],"replies":[{"embeddable":true,"href":"https:\/\/fysiolab.dk\/no\/wp-json\/wp\/v2\/comments?post=85187"}],"wp:featuredmedia":[{"embeddable":true,"href":"https:\/\/fysiolab.dk\/no\/wp-json\/wp\/v2\/media\/85191"}],"wp:attachment":[{"href":"https:\/\/fysiolab.dk\/no\/wp-json\/wp\/v2\/media?parent=85187"}],"wp:term":[{"taxonomy":"product_brand","embeddable":true,"href":"https:\/\/fysiolab.dk\/no\/wp-json\/wp\/v2\/product_brand?post=85187"},{"taxonomy":"product_cat","embeddable":true,"href":"https:\/\/fysiolab.dk\/no\/wp-json\/wp\/v2\/product_cat?post=85187"},{"taxonomy":"product_tag","embeddable":true,"href":"https:\/\/fysiolab.dk\/no\/wp-json\/wp\/v2\/product_tag?post=85187"}],"curies":[{"name":"wp","href":"https:\/\/api.w.org\/{rel}","templated":true}]}}