{"id":85193,"date":"2025-01-28T17:21:08","date_gmt":"2025-01-28T16:21:08","guid":{"rendered":"https:\/\/fysiolab.dk\/product\/hartmann-peha-soft-nitril-engangshansker-150-stk\/"},"modified":"2025-12-18T09:20:49","modified_gmt":"2025-12-18T08:20:49","slug":"hartmann-peha-soft-nitril-engangshansker-150-stk","status":"publish","type":"product","link":"https:\/\/fysiolab.dk\/no\/product\/hartmann-peha-soft-nitril-engangshansker-150-stk\/","title":{"rendered":"Hartmann Peha-Soft Nitril engangshansker 150 stk."},"content":{"rendered":"<p><strong>Hartmann Peha-soft Nitril engangshansker - Sikkerhet og komfort i \u00e9n og samme hanske<\/strong><\/p>\n<p>Hartmann Peha-soft Nitrile engangshansker er den perfekte l\u00f8sningen for deg som \u00f8nsker en kombinasjon av h\u00f8y kvalitet, komfort og sikkerhet. Disse pudderfrie engangshanskene er laget av robust nitril, som gir en utmerket barriere mot bakterier, v\u00e6sker og kjemikalier, samtidig som de er sk\u00e5nsomme mot huden. De oppfyller gjeldende standarder og krav for medisinsk og hygienisk bruk, slik at du kan f\u00f8le deg trygg p\u00e5 kvaliteten.  <\/p>\n<p><strong>Funksjoner:<\/strong><\/p>\n<ul>\n<li>Lateksfri: Perfekt for personer med lateksallergi.<\/li>\n<li>Myk og fleksibel: Gir optimal passform og h\u00f8y fingerferdighet.<\/li>\n<li>H\u00f8y slitestyrke: motst\u00e5r perforering og beskytter mot v\u00e6sker og kjemikalier.<\/li>\n<li>Allsidig bruk: Egnet for medisinsk bruk, laboratoriearbeid, n\u00e6ringsmiddelh\u00e5ndtering og rengj\u00f8ring.<\/li>\n<li>Kvalitetssikring: Oppfyller gjeldende krav og standarder for hygiene og sikkerhet.<\/li>\n<\/ul>\n<p><strong>St\u00f8rrelser:<\/strong><br \/>\nFor \u00e5 sikre best mulig passform er Hartmann Peha-soft Nitrile-hansker tilgjengelige i flere st\u00f8rrelser:<\/p>\n<ul>\n<li><strong>XS: Lengde 200 mm, bredde 70-80 mm<\/strong><\/li>\n<li><strong>S: Lengde 200 mm, bredde 80-90 mm<\/strong><\/li>\n<li><strong>M: Lengde 200 mm, bredde 90-100 mm<\/strong><\/li>\n<li><strong>L: Lengde 200 mm, bredde 100-110 mm<\/strong><\/li>\n<li><strong>XL: Lengde 200 mm, bredde 110-120 mm<\/strong><\/li>\n<\/ul>\n<p><strong>Pakkens innhold:<\/strong><br \/>\nHver pakke inneholder 150 hansker, noe som gj\u00f8r dem ideelle til b\u00e5de hverdagsbruk og st\u00f8rre jobber.<\/p>\n<p>Ikke g\u00e5 p\u00e5 akkord med hygiene og sikkerhet - velg Hartmann Peha-soft Nitrile engangshansker for p\u00e5litelig og komfortabel beskyttelse hver gang!<\/p>\n","protected":false},"excerpt":{"rendered":"<p><strong>Hartmann Peha-soft Nitrile engangshansker er den perfekte l\u00f8sningen for deg som \u00f8nsker en kombinasjon av h\u00f8y kvalitet, komfort og sikkerhet. Disse pudderfrie engangshanskene er laget av robust nitril, som gir en utmerket barriere mot bakterier, v\u00e6sker og kjemikalier, samtidig som de er sk\u00e5nsomme mot huden. De oppfyller gjeldende standarder og krav for medisinsk og hygienisk bruk, slik at du kan f\u00f8le deg trygg p\u00e5 kvaliteten.  <\/strong><\/p>\n","protected":false},"featured_media":85200,"comment_status":"closed","ping_status":"closed","template":"","meta":{"_acf_changed":false},"product_brand":[],"product_cat":[2826,2408,1948,1937],"product_tag":[2827,1944],"class_list":{"0":"post-85193","1":"product","2":"type-product","3":"status-publish","4":"has-post-thumbnail","6":"product_cat-hardman","7":"product_cat-hygiene-og-rengjoering","8":"product_cat-klinikk","9":"product_cat-merkevarer","10":"product_tag-hardman","11":"product_tag-rehabmedic-no","13":"first","14":"instock","15":"taxable","16":"shipping-taxable","17":"purchasable","18":"product-type-variable"},"acf":[],"_links":{"self":[{"href":"https:\/\/fysiolab.dk\/no\/wp-json\/wp\/v2\/product\/85193","targetHints":{"allow":["GET"]}}],"collection":[{"href":"https:\/\/fysiolab.dk\/no\/wp-json\/wp\/v2\/product"}],"about":[{"href":"https:\/\/fysiolab.dk\/no\/wp-json\/wp\/v2\/types\/product"}],"replies":[{"embeddable":true,"href":"https:\/\/fysiolab.dk\/no\/wp-json\/wp\/v2\/comments?post=85193"}],"wp:featuredmedia":[{"embeddable":true,"href":"https:\/\/fysiolab.dk\/no\/wp-json\/wp\/v2\/media\/85200"}],"wp:attachment":[{"href":"https:\/\/fysiolab.dk\/no\/wp-json\/wp\/v2\/media?parent=85193"}],"wp:term":[{"taxonomy":"product_brand","embeddable":true,"href":"https:\/\/fysiolab.dk\/no\/wp-json\/wp\/v2\/product_brand?post=85193"},{"taxonomy":"product_cat","embeddable":true,"href":"https:\/\/fysiolab.dk\/no\/wp-json\/wp\/v2\/product_cat?post=85193"},{"taxonomy":"product_tag","embeddable":true,"href":"https:\/\/fysiolab.dk\/no\/wp-json\/wp\/v2\/product_tag?post=85193"}],"curies":[{"name":"wp","href":"https:\/\/api.w.org\/{rel}","templated":true}]}}