{"id":85194,"date":"2025-01-25T20:54:42","date_gmt":"2025-01-25T19:54:42","guid":{"rendered":"https:\/\/fysiolab.dk\/product\/sterillium-gel-pure-haanddesinfeksjonsmiddel-100-ml-og-475-ml\/"},"modified":"2025-12-18T09:20:49","modified_gmt":"2025-12-18T08:20:49","slug":"sterillium-gel-pure-haanddesinfeksjonsmiddel-100-ml-og-475-ml","status":"publish","type":"product","link":"https:\/\/fysiolab.dk\/no\/product\/sterillium-gel-pure-haanddesinfeksjonsmiddel-100-ml-og-475-ml\/","title":{"rendered":"Sterillium Gel Pure h\u00e5nddesinfeksjonsmiddel 100 ml og 475 ml"},"content":{"rendered":"<p><strong>Sterillium Gel Pure - Effektiv h\u00e5nddesinfeksjon i b\u00e5de 100 ml og 475 ml<\/strong><\/p>\n<p>Hold hendene rene og beskyttet med Sterillium Gel Pure, en effektiv h\u00e5nddesinfeksjon som bekjemper bakterier, virus og sopp. Denne alkoholbaserte gelen er dermatologisk testet og sk\u00e5nsom mot huden, samtidig som den eliminerer opptil 99,99 % av skadelige mikroorganismer. <\/p>\n<p><strong>Fordeler:<\/strong><\/p>\n<ul>\n<li>H\u00f8y effektivitet: Dreper bakterier, virus og sopp raskt og effektivt.<\/li>\n<li>Hudvennlig formel: Inneholder fuktighetsgivende ingredienser som beskytter huden mot utt\u00f8rking.<\/li>\n<li>Praktisk st\u00f8rrelse:\n<ul>\n<li>100 ml: Perfekt for vesken, bilen eller p\u00e5 reise.<\/li>\n<li>475 ml med pumpe: Ideell for hjemmet, arbeidsplassen eller offentlige steder.<\/li>\n<\/ul>\n<\/li>\n<\/ul>\n<p><strong>Bruksomr\u00e5der:<\/strong><\/p>\n<ul>\n<li>Kan brukes uten vann - perfekt for situasjoner der s\u00e5pe og vann ikke er tilgjengelig.<\/li>\n<li>Egnet for daglig bruk, b\u00e5de for privat bruk og for helsepersonell.<\/li>\n<\/ul>\n<p><strong>Slik bruker du den:<\/strong><\/p>\n<ol>\n<li>P\u00e5f\u00f8r en liten mengde gel p\u00e5 t\u00f8rre hender.<\/li>\n<li>Gni grundig inn i hendene, ogs\u00e5 mellom fingrene, til gelen er t\u00f8rr.<\/li>\n<\/ol>\n<p>Sterillium Gel Pure gir deg renhet og sikkerhet uansett hvor du er!<\/p>\n","protected":false},"excerpt":{"rendered":"<p><strong>Hold hendene rene og beskyttet med Sterillium Gel Pure, en effektiv h\u00e5nddesinfeksjon som bekjemper bakterier, virus og sopp. Denne alkoholbaserte gelen er dermatologisk testet og sk\u00e5nsom mot huden, samtidig som den eliminerer opptil 99,99 % av skadelige mikroorganismer. <\/strong><\/p>\n","protected":false},"featured_media":85203,"comment_status":"closed","ping_status":"closed","template":"","meta":{"_acf_changed":false},"product_brand":[],"product_cat":[2828,2408,1948,1937,1941,2407],"product_tag":[2829,1944],"class_list":{"0":"post-85194","1":"product","2":"type-product","3":"status-publish","4":"has-post-thumbnail","6":"product_cat-bode-no","7":"product_cat-hygiene-og-rengjoering","8":"product_cat-klinikk","9":"product_cat-merkevarer","10":"product_cat-rekonvalesens-og-sportspleie","11":"product_cat-saape-og-rengjoeringsmiddel","12":"product_tag-bode-no","13":"product_tag-rehabmedic-no","15":"first","16":"instock","17":"taxable","18":"shipping-taxable","19":"purchasable","20":"product-type-variable"},"acf":[],"_links":{"self":[{"href":"https:\/\/fysiolab.dk\/no\/wp-json\/wp\/v2\/product\/85194","targetHints":{"allow":["GET"]}}],"collection":[{"href":"https:\/\/fysiolab.dk\/no\/wp-json\/wp\/v2\/product"}],"about":[{"href":"https:\/\/fysiolab.dk\/no\/wp-json\/wp\/v2\/types\/product"}],"replies":[{"embeddable":true,"href":"https:\/\/fysiolab.dk\/no\/wp-json\/wp\/v2\/comments?post=85194"}],"wp:featuredmedia":[{"embeddable":true,"href":"https:\/\/fysiolab.dk\/no\/wp-json\/wp\/v2\/media\/85203"}],"wp:attachment":[{"href":"https:\/\/fysiolab.dk\/no\/wp-json\/wp\/v2\/media?parent=85194"}],"wp:term":[{"taxonomy":"product_brand","embeddable":true,"href":"https:\/\/fysiolab.dk\/no\/wp-json\/wp\/v2\/product_brand?post=85194"},{"taxonomy":"product_cat","embeddable":true,"href":"https:\/\/fysiolab.dk\/no\/wp-json\/wp\/v2\/product_cat?post=85194"},{"taxonomy":"product_tag","embeddable":true,"href":"https:\/\/fysiolab.dk\/no\/wp-json\/wp\/v2\/product_tag?post=85194"}],"curies":[{"name":"wp","href":"https:\/\/api.w.org\/{rel}","templated":true}]}}