{"id":85216,"date":"2025-01-23T06:27:23","date_gmt":"2025-01-23T05:27:23","guid":{"rendered":"https:\/\/fysiolab.dk\/product\/biofrost-relief-100-ml\/"},"modified":"2025-12-18T09:20:50","modified_gmt":"2025-12-18T08:20:50","slug":"biofrost-relief-100-ml","status":"publish","type":"product","link":"https:\/\/fysiolab.dk\/no\/product\/biofrost-relief-100-ml\/","title":{"rendered":"Biofrost Relief 100 ml"},"content":{"rendered":"<p><strong>Biofrost Relief 100 ml - Effektiv smertelindring med kj\u00f8lende effekt<\/strong><\/p>\n<p>Biofrost Relief er en innovativ smertelindrende gel som bruker kuldebehandling for \u00e5 redusere smerter og ubehag i muskler og ledd. Den er ideell for daglig bruk eller etter fysisk aktivitet og idrett. <\/p>\n<p><strong>Fordeler med Biofrost Relief:<\/strong><\/p>\n<ul>\n<li>Hurtigvirkende: Kj\u00f8ler og lindrer muskel- og leddsmerter umiddelbart.<\/li>\n<li>Reduserer hevelse: Kuldebehandling reduserer hevelse og betennelse.<\/li>\n<li>Naturlige ingredienser: Inneholder mentol og plantebaserte oljer som gir en forfriskende og beroligende effekt.<\/li>\n<li>Multifunksjonell: Egnet for leddgikt, idrettsskader, muskelspenninger og overbelastning.<\/li>\n<\/ul>\n<p><strong>Slik bruker du produktet:<\/strong><\/p>\n<ol>\n<li>P\u00e5f\u00f8r en passende mengde gel p\u00e5 det \u00f8nskede omr\u00e5det.<\/li>\n<li>Masser forsiktig inn i huden til gelen er absorbert.<\/li>\n<li>Gjenta etter behov, opptil 4 ganger daglig.<\/li>\n<\/ol>\n<p><strong>Notater:<\/strong><\/p>\n<ul>\n<li>Kun til utvendig bruk.<\/li>\n<li>Unng\u00e5 kontakt med \u00f8yne og \u00e5pne s\u00e5r.<\/li>\n<li>Oppbevares utilgjengelig for barn.<\/li>\n<\/ul>\n<p><a href=\"https:\/\/fysiolab.dk\/no\/vare-kategori\/merkevarer\/biofrost-no\/\"><strong>Her finner du alle v\u00e5re Biofrost-produkter - b\u00e5de Relief og Active!<\/strong><\/a><\/p>\n<p><strong>Biofrost Relief 100 ml er det perfekte valget for deg som \u00f8nsker effektiv smertelindring p\u00e5 en naturlig og sk\u00e5nsom m\u00e5te.<\/strong><\/p>\n<p>&nbsp;<\/p>\n","protected":false},"excerpt":{"rendered":"<p><strong>Biofrost Relief er en innovativ smertelindrende gel som bruker kuldebehandling for \u00e5 redusere smerter og ubehag i muskler og ledd. Den er ideell for daglig bruk eller etter fysisk aktivitet og idrett. <\/strong><\/p>\n<p>&nbsp;<\/p>\n","protected":false},"featured_media":85218,"comment_status":"closed","ping_status":"closed","template":"","meta":{"_acf_changed":false},"product_brand":[],"product_cat":[2433,2830,2124,2434,1948,1937,1941],"product_tag":[2831,1944],"class_list":{"0":"post-85216","1":"product","2":"type-product","3":"status-publish","4":"has-post-thumbnail","6":"product_cat-avlastning-ved-forkjoelelse","7":"product_cat-biofrost-no","8":"product_cat-kald-varmebehandling","9":"product_cat-kjoeleprodukter","10":"product_cat-klinikk","11":"product_cat-merkevarer","12":"product_cat-rekonvalesens-og-sportspleie","13":"product_tag-biofrost-no","14":"product_tag-rehabmedic-no","16":"first","17":"instock","18":"taxable","19":"shipping-taxable","20":"purchasable","21":"product-type-simple"},"acf":[],"_links":{"self":[{"href":"https:\/\/fysiolab.dk\/no\/wp-json\/wp\/v2\/product\/85216","targetHints":{"allow":["GET"]}}],"collection":[{"href":"https:\/\/fysiolab.dk\/no\/wp-json\/wp\/v2\/product"}],"about":[{"href":"https:\/\/fysiolab.dk\/no\/wp-json\/wp\/v2\/types\/product"}],"replies":[{"embeddable":true,"href":"https:\/\/fysiolab.dk\/no\/wp-json\/wp\/v2\/comments?post=85216"}],"wp:featuredmedia":[{"embeddable":true,"href":"https:\/\/fysiolab.dk\/no\/wp-json\/wp\/v2\/media\/85218"}],"wp:attachment":[{"href":"https:\/\/fysiolab.dk\/no\/wp-json\/wp\/v2\/media?parent=85216"}],"wp:term":[{"taxonomy":"product_brand","embeddable":true,"href":"https:\/\/fysiolab.dk\/no\/wp-json\/wp\/v2\/product_brand?post=85216"},{"taxonomy":"product_cat","embeddable":true,"href":"https:\/\/fysiolab.dk\/no\/wp-json\/wp\/v2\/product_cat?post=85216"},{"taxonomy":"product_tag","embeddable":true,"href":"https:\/\/fysiolab.dk\/no\/wp-json\/wp\/v2\/product_tag?post=85216"}],"curies":[{"name":"wp","href":"https:\/\/api.w.org\/{rel}","templated":true}]}}