{"id":85228,"date":"2025-01-22T20:14:00","date_gmt":"2025-01-22T19:14:00","guid":{"rendered":"https:\/\/fysiolab.dk\/product\/sveltus-elastiring-treningsstrikk\/"},"modified":"2025-12-18T09:20:51","modified_gmt":"2025-12-18T08:20:51","slug":"sveltus-elastiring-treningsstrikk","status":"publish","type":"product","link":"https:\/\/fysiolab.dk\/no\/product\/sveltus-elastiring-treningsstrikk\/","title":{"rendered":"Sveltus Elasti&#8217;ring treningsstrikk"},"content":{"rendered":"<p><strong>Sveltus Elasti&#8217;ring treningsstrikk<\/strong><\/p>\n<p>Sveltus Elasti&#8217;ring er en allsidig og slitesterk treningsstrikk i praktisk sirkul\u00e6r design som passer perfekt til b\u00e5de styrke- og bevegelighetstrening. Elasti&#8217;ring er laget av elastisk stoff av h\u00f8y kvalitet og gir en behagelig treningsopplevelse med effektiv motstand og lang holdbarhet. <\/p>\n<p><strong>Produktdetaljer:<\/strong><\/p>\n<ul>\n<li>Materiale: Elastisk stoff som er slitesterkt og lett \u00e5 rengj\u00f8re.<\/li>\n<li>Form: Sirkul\u00e6r lukket form med en omkrets p\u00e5 35 cm, ideell for mange forskjellige \u00f8velser.<\/li>\n<li>Komfort: Behagelig mot huden og sklir ikke under trening.<\/li>\n<\/ul>\n<p><strong>Tilgjengelig i 4 motstandsvarianter:<\/strong><\/p>\n<ul>\n<li>Gr\u00f8nn: 2,5 cm bred, motstand 7 kg - perfekt for lette \u00f8velser og oppvarming.<\/li>\n<li>R\u00f8d: 4 cm bred, motstand 10 kg - egnet for moderat trening og toning.<\/li>\n<li>Svart: 4 cm bred, motstand 15 kg - ideell for intensiv styrketrening.<\/li>\n<li>Bl\u00e5: 4 cm bred, motstand 20 kg - laget for h\u00f8y motstand og avanserte \u00f8velser.<\/li>\n<\/ul>\n<p><strong>Fordelene med Sveltus Elasti&#8217;ring:<\/strong><\/p>\n<ul>\n<li>Multifunksjonell trening: Perfekt for trening av underkropp, overkropp og kjerne.<\/li>\n<li>Kompakt og b\u00e6rbar: Lett \u00e5 ta med seg for trening hjemme, p\u00e5 treningssenteret eller p\u00e5 farten.<\/li>\n<li>Lett \u00e5 vedlikeholde: Stoffet kan rengj\u00f8res raskt og holder seg friskt over tid.<\/li>\n<\/ul>\n<p>Enten du \u00f8nsker \u00e5 tone musklene, \u00f8ke styrken eller forbedre bevegeligheten, er Sveltus Elasti&#8217;ring den perfekte treningspartneren. Velg den varianten som passer best til din trening, og oppdag hvor effektiv treningen din kan bli! <\/p>\n","protected":false},"excerpt":{"rendered":"<p><strong>Sveltus Elasti&#8217;ring er en allsidig og slitesterk treningsstrikk i praktisk sirkul\u00e6r design som passer perfekt til b\u00e5de styrke- og bevegelighetstrening. Elasti&#8217;ring er laget av elastisk stoff av h\u00f8y kvalitet og gir en behagelig treningsopplevelse med effektiv motstand og lang holdbarhet. <\/strong><\/p>\n","protected":false},"featured_media":85235,"comment_status":"closed","ping_status":"closed","template":"","meta":{"_acf_changed":false},"product_brand":[],"product_cat":[1948,1937,2773,2215,2217,1945],"product_tag":[1944,2774],"class_list":{"0":"post-85228","1":"product","2":"type-product","3":"status-publish","4":"has-post-thumbnail","6":"product_cat-klinikk","7":"product_cat-merkevarer","8":"product_cat-sweltus","9":"product_cat-treningsbaand","10":"product_cat-treningsbaand-no","11":"product_cat-treningsutstyr","12":"product_tag-rehabmedic-no","13":"product_tag-sweltus","15":"first","16":"instock","17":"taxable","18":"shipping-taxable","19":"purchasable","20":"product-type-variable"},"acf":[],"_links":{"self":[{"href":"https:\/\/fysiolab.dk\/no\/wp-json\/wp\/v2\/product\/85228","targetHints":{"allow":["GET"]}}],"collection":[{"href":"https:\/\/fysiolab.dk\/no\/wp-json\/wp\/v2\/product"}],"about":[{"href":"https:\/\/fysiolab.dk\/no\/wp-json\/wp\/v2\/types\/product"}],"replies":[{"embeddable":true,"href":"https:\/\/fysiolab.dk\/no\/wp-json\/wp\/v2\/comments?post=85228"}],"wp:featuredmedia":[{"embeddable":true,"href":"https:\/\/fysiolab.dk\/no\/wp-json\/wp\/v2\/media\/85235"}],"wp:attachment":[{"href":"https:\/\/fysiolab.dk\/no\/wp-json\/wp\/v2\/media?parent=85228"}],"wp:term":[{"taxonomy":"product_brand","embeddable":true,"href":"https:\/\/fysiolab.dk\/no\/wp-json\/wp\/v2\/product_brand?post=85228"},{"taxonomy":"product_cat","embeddable":true,"href":"https:\/\/fysiolab.dk\/no\/wp-json\/wp\/v2\/product_cat?post=85228"},{"taxonomy":"product_tag","embeddable":true,"href":"https:\/\/fysiolab.dk\/no\/wp-json\/wp\/v2\/product_tag?post=85228"}],"curies":[{"name":"wp","href":"https:\/\/api.w.org\/{rel}","templated":true}]}}