{"id":85245,"date":"2025-01-22T20:00:36","date_gmt":"2025-01-22T19:00:36","guid":{"rendered":"https:\/\/fysiolab.dk\/product\/sveltus-yoga-block-cork\/"},"modified":"2026-03-04T12:59:25","modified_gmt":"2026-03-04T11:59:25","slug":"sveltus-yoga-block-cork","status":"publish","type":"product","link":"https:\/\/fysiolab.dk\/no\/product\/sveltus-yoga-block-cork\/","title":{"rendered":"Sveltus Yoga Block Cork"},"content":{"rendered":"<p><strong>Sveltus Yoga Block Cork<\/strong><\/p>\n<p>Gj\u00f8r yoga- og t\u00f8ynings\u00f8velsene dine mer stabile og komfortable med Sveltus Yoga Blok i kork. Denne blokken er designet for \u00e5 gi optimal st\u00f8tte og balanse under alle typer yogastillinger, enten du er nybegynner eller erfaren yogi.<\/p>\n<p><strong>Produktdetaljer:<\/strong><\/p>\n<ul>\n<li>M\u00e5l: 22 x 14 x 7 cm<\/li>\n<li>Tetthet\/hardhet: 325 kg\/m\u00b3, noe som sikrer solid og stabil st\u00f8tte under trening.<\/li>\n<li>Vekt: 700 g - tung nok til \u00e5 v\u00e6re stabil, men lett \u00e5 h\u00e5ndtere.<\/li>\n<\/ul>\n<p><strong>Materiale og fordeler:<\/strong><\/p>\n<ul>\n<li>Laget av naturkork: et milj\u00f8vennlig valg som er b\u00e5de slitesterkt og behagelig \u00e5 jobbe med.<\/li>\n<li>Sklisikker overflate: S\u00f8rger for at klossen holder seg p\u00e5 plass selv i krevende stillinger.<\/li>\n<li>Allsidig bruk: Perfekt for \u00e5 gi ekstra l\u00f8ft, st\u00f8tte og bedre justering i praksisen din.<\/li>\n<\/ul>\n<p>Med Sveltus Yoga Blok i kork f\u00e5r du et robust og p\u00e5litelig verkt\u00f8y som hjelper deg med \u00e5 utvikle og utfordre praksisen din p\u00e5 en b\u00e6rekraftig m\u00e5te. Ideelt for alt fra klassiske yogastillinger til dypere t\u00f8yninger og restorative \u00f8velser. <\/p>\n","protected":false},"excerpt":{"rendered":"<p><strong>Gj\u00f8r yoga- og t\u00f8ynings\u00f8velsene dine mer stabile og komfortable med Sveltus Yoga Blok i kork. Denne blokken er designet for \u00e5 gi optimal st\u00f8tte og balanse under alle typer yogastillinger, enten du er nybegynner eller erfaren yogi. M\u00e5l: 22 x 14 x 7 cm<\/strong><\/p>\n<p>&nbsp;<\/p>\n","protected":false},"featured_media":85247,"comment_status":"closed","ping_status":"closed","template":"","meta":{"_acf_changed":false},"product_brand":[3118],"product_cat":[1948,1937,2534,2773,1945,2532],"product_tag":[2774],"class_list":{"0":"post-85245","1":"product","2":"type-product","3":"status-publish","4":"has-post-thumbnail","6":"product_brand-sveltus","7":"product_cat-klinikk","8":"product_cat-merkevarer","9":"product_cat-pilates-og-yoga-no","10":"product_cat-sweltus","11":"product_cat-treningsutstyr","12":"product_cat-yoga-no","13":"product_tag-sweltus","15":"first","16":"outofstock","17":"taxable","18":"shipping-taxable","19":"purchasable","20":"product-type-simple"},"acf":[],"_links":{"self":[{"href":"https:\/\/fysiolab.dk\/no\/wp-json\/wp\/v2\/product\/85245","targetHints":{"allow":["GET"]}}],"collection":[{"href":"https:\/\/fysiolab.dk\/no\/wp-json\/wp\/v2\/product"}],"about":[{"href":"https:\/\/fysiolab.dk\/no\/wp-json\/wp\/v2\/types\/product"}],"replies":[{"embeddable":true,"href":"https:\/\/fysiolab.dk\/no\/wp-json\/wp\/v2\/comments?post=85245"}],"wp:featuredmedia":[{"embeddable":true,"href":"https:\/\/fysiolab.dk\/no\/wp-json\/wp\/v2\/media\/85247"}],"wp:attachment":[{"href":"https:\/\/fysiolab.dk\/no\/wp-json\/wp\/v2\/media?parent=85245"}],"wp:term":[{"taxonomy":"product_brand","embeddable":true,"href":"https:\/\/fysiolab.dk\/no\/wp-json\/wp\/v2\/product_brand?post=85245"},{"taxonomy":"product_cat","embeddable":true,"href":"https:\/\/fysiolab.dk\/no\/wp-json\/wp\/v2\/product_cat?post=85245"},{"taxonomy":"product_tag","embeddable":true,"href":"https:\/\/fysiolab.dk\/no\/wp-json\/wp\/v2\/product_tag?post=85245"}],"curies":[{"name":"wp","href":"https:\/\/api.w.org\/{rel}","templated":true}]}}