{"id":85254,"date":"2025-01-22T19:51:59","date_gmt":"2025-01-22T18:51:59","guid":{"rendered":"https:\/\/fysiolab.dk\/product\/sveltus-yoga-stretch-band\/"},"modified":"2025-12-18T09:20:51","modified_gmt":"2025-12-18T08:20:51","slug":"sveltus-yoga-stretch-band","status":"publish","type":"product","link":"https:\/\/fysiolab.dk\/no\/product\/sveltus-yoga-stretch-band\/","title":{"rendered":"Sveltus Yoga Stretch Band"},"content":{"rendered":"<p><strong>Sveltus Yoga Stretch Band<\/strong><\/p>\n<p>Sveltus Yoga Stretch Band er det perfekte treningsverkt\u00f8yet for deg som \u00f8nsker en fleksibel og effektiv l\u00f8sning for t\u00f8yning og styrketrening. Med en smart design og hele 8 h\u00e5ndtak kan du tilpasse motstanden og grepet slik at det passer til treningen din - uansett niv\u00e5. <\/p>\n<p><strong>Tilgjengelig i 3 varianter:<\/strong><\/p>\n<ul>\n<li>Gul: 10 kg motstand, veier bare 70 g og m\u00e5ler 90 x 4 cm.<\/li>\n<li>Svart: 15 kg motstand, veier bare 70 g og m\u00e5ler 90 x 4 cm.<\/li>\n<li>Bl\u00e5: 20 kg motstand, veier 110 g og m\u00e5ler 90 x 6 cm.<\/li>\n<\/ul>\n<p><strong>Materialer og vedlikehold:<\/strong><\/p>\n<ul>\n<li>Laget av slitesterk fiber og polyester for maksimal holdbarhet og komfort.<\/li>\n<li>Kan vaskes i maskin p\u00e5 30 grader for \u00e5 holde strikken ren og frisk.<\/li>\n<\/ul>\n<p><strong>Fordeler med Sveltus Yoga Stretch Band:<\/strong><\/p>\n<ul>\n<li>8 h\u00e5ndtak: Gir mulighet for variabel trening og presis tilpasning av grepet.<\/li>\n<li>Kompakt og lett: Enkel \u00e5 ta med seg til yoga, pilates, rehabilitering eller hjemmetrening.<\/li>\n<li>Styrke og fleksibilitet: \u00d8k bevegeligheten din, styrk musklene og utf\u00f8r dype t\u00f8ynings\u00f8velser.<\/li>\n<\/ul>\n<p>Velg den varianten som passer dine behov, og oppdag hvordan Sveltus Yoga Stretch Band kan ta treningen din til neste niv\u00e5!<\/p>\n","protected":false},"excerpt":{"rendered":"<p><strong>Sveltus Yoga Stretch Band er det perfekte treningsverkt\u00f8yet for deg som \u00f8nsker en fleksibel og effektiv l\u00f8sning for t\u00f8yning og styrketrening. Med en smart design og hele 8 h\u00e5ndtak kan du tilpasse motstanden og grepet slik at det passer til treningen din - uansett niv\u00e5. <\/strong><\/p>\n","protected":false},"featured_media":85258,"comment_status":"closed","ping_status":"closed","template":"","meta":{"_acf_changed":false},"product_brand":[],"product_cat":[1948,1937,2534,2773,2215,2217,1945,2532],"product_tag":[1944,2774],"class_list":{"0":"post-85254","1":"product","2":"type-product","3":"status-publish","4":"has-post-thumbnail","6":"product_cat-klinikk","7":"product_cat-merkevarer","8":"product_cat-pilates-og-yoga-no","9":"product_cat-sweltus","10":"product_cat-treningsbaand","11":"product_cat-treningsbaand-no","12":"product_cat-treningsutstyr","13":"product_cat-yoga-no","14":"product_tag-rehabmedic-no","15":"product_tag-sweltus","17":"first","18":"instock","19":"taxable","20":"shipping-taxable","21":"purchasable","22":"product-type-variable"},"acf":[],"_links":{"self":[{"href":"https:\/\/fysiolab.dk\/no\/wp-json\/wp\/v2\/product\/85254","targetHints":{"allow":["GET"]}}],"collection":[{"href":"https:\/\/fysiolab.dk\/no\/wp-json\/wp\/v2\/product"}],"about":[{"href":"https:\/\/fysiolab.dk\/no\/wp-json\/wp\/v2\/types\/product"}],"replies":[{"embeddable":true,"href":"https:\/\/fysiolab.dk\/no\/wp-json\/wp\/v2\/comments?post=85254"}],"wp:featuredmedia":[{"embeddable":true,"href":"https:\/\/fysiolab.dk\/no\/wp-json\/wp\/v2\/media\/85258"}],"wp:attachment":[{"href":"https:\/\/fysiolab.dk\/no\/wp-json\/wp\/v2\/media?parent=85254"}],"wp:term":[{"taxonomy":"product_brand","embeddable":true,"href":"https:\/\/fysiolab.dk\/no\/wp-json\/wp\/v2\/product_brand?post=85254"},{"taxonomy":"product_cat","embeddable":true,"href":"https:\/\/fysiolab.dk\/no\/wp-json\/wp\/v2\/product_cat?post=85254"},{"taxonomy":"product_tag","embeddable":true,"href":"https:\/\/fysiolab.dk\/no\/wp-json\/wp\/v2\/product_tag?post=85254"}],"curies":[{"name":"wp","href":"https:\/\/api.w.org\/{rel}","templated":true}]}}