{"id":85269,"date":"2025-01-15T22:32:54","date_gmt":"2025-01-15T21:32:54","guid":{"rendered":"https:\/\/fysiolab.dk\/product\/rockpods-glide\/"},"modified":"2025-12-18T09:20:52","modified_gmt":"2025-12-18T08:20:52","slug":"rockpods-glide","status":"publish","type":"product","link":"https:\/\/fysiolab.dk\/no\/product\/rockpods-glide\/","title":{"rendered":"RockPods Glide - Kopping"},"content":{"rendered":"<h3 data-start=\"80\" data-end=\"131\">RockPods Glide - kopping med maksimal kontroll<\/h3>\n<p data-start=\"133\" data-end=\"429\">RockPods <strong data-start=\"133\" data-end=\"151\">Glide<\/strong> fra RockTape er et avansert koppingverkt\u00f8y som er utviklet for b\u00e5de klinikk- og hjemmebruk. Med en kombinasjon av ergonomisk design og lett glidende sugeeffekt gj\u00f8r RockPods Glide det enkelt \u00e5 l\u00f8se opp muskelspenninger, forbedre blodsirkulasjonen og redusere \u00f8mhet i muskler og bindevev. <\/p>\n<h4 data-start=\"431\" data-end=\"459\">Funksjoner og fordeler<\/h4>\n<ul data-start=\"460\" data-end=\"960\">\n<li data-start=\"460\" data-end=\"603\">\n<p data-start=\"462\" data-end=\"603\"><strong data-start=\"462\" data-end=\"489\">Glidende koppingeffekt<\/strong> - kan beveges over huden, noe som gir massasje og myofascial frigj\u00f8ring i tillegg til vakuumeffekten.<\/p>\n<\/li>\n<li data-start=\"604\" data-end=\"688\">\n<p data-start=\"606\" data-end=\"688\"><strong data-start=\"606\" data-end=\"627\">Ergonomisk design<\/strong> - enkel \u00e5 holde og bruke, selv p\u00e5 st\u00f8rre muskelgrupper.<\/p>\n<\/li>\n<li data-start=\"689\" data-end=\"786\">\n<p data-start=\"691\" data-end=\"786\"><strong data-start=\"691\" data-end=\"715\">Fleksibel p\u00e5f\u00f8ring<\/strong> - egnet for rygg, skuldre, ben og andre omr\u00e5der med muskelspenninger.<\/p>\n<\/li>\n<li data-start=\"787\" data-end=\"874\">\n<p data-start=\"789\" data-end=\"874\"><strong data-start=\"789\" data-end=\"811\">Slitesterkt materiale<\/strong> - laget av slitesterk silikon, lett \u00e5 rengj\u00f8re og hygienisk.<\/p>\n<\/li>\n<li data-start=\"875\" data-end=\"960\">\n<p data-start=\"877\" data-end=\"960\">Kan <strong data-start=\"877\" data-end=\"894\">vaskes i maskin<\/strong> - kan rengj\u00f8res etter bruk med mild s\u00e5pe eller i oppvaskmaskinen.<\/p>\n<\/li>\n<\/ul>\n<h4 data-start=\"962\" data-end=\"979\">Hvordan bruke<\/h4>\n<p data-start=\"980\" data-end=\"1010\">RockPods Glide er ideell for:<\/p>\n<ul data-start=\"1011\" data-end=\"1159\">\n<li data-start=\"1011\" data-end=\"1044\">\n<p data-start=\"1013\" data-end=\"1044\">Myofascial release og massasje<\/p>\n<\/li>\n<li data-start=\"1045\" data-end=\"1086\">\n<p data-start=\"1047\" data-end=\"1086\">L\u00f8sner muskelknuter og spenninger<\/p>\n<\/li>\n<li data-start=\"1087\" data-end=\"1126\">\n<p data-start=\"1089\" data-end=\"1126\">\u00d8kt blodsirkulasjon og restitusjon<\/p>\n<\/li>\n<li data-start=\"1127\" data-end=\"1159\">\n<p data-start=\"1129\" data-end=\"1159\">Smertelindring og avspenning<\/p>\n<\/li>\n<\/ul>\n<h4 data-start=\"1161\" data-end=\"1183\">Spesifikasjoner<\/h4>\n<ul data-start=\"1184\" data-end=\"1331\">\n<li data-start=\"1184\" data-end=\"1217\">\n<p data-start=\"1186\" data-end=\"1217\">Materiale: Medisinsk silikon<\/p>\n<\/li>\n<li data-start=\"1218\" data-end=\"1273\">\n<p data-start=\"1220\" data-end=\"1273\">St\u00f8rrelse: Standard koppst\u00f8rrelse, lett \u00e5 man\u00f8vrere<\/p>\n<\/li>\n<li data-start=\"1274\" data-end=\"1331\">\n<p data-start=\"1276\" data-end=\"1331\">Veiledning inkludert: Tips for riktig bruk og teknikker<\/p>\n<\/li>\n<\/ul>\n<p data-start=\"1333\" data-end=\"1500\">Med <strong data-start=\"1337\" data-end=\"1365\">RockPods Glide - Cupping<\/strong> f\u00e5r du et profesjonelt, brukervennlig og effektivt verkt\u00f8y som kombinerer vakuum og glidemassasje for optimal muskelbehandling.<\/p>\n<p data-start=\"1333\" data-end=\"1500\"><a href=\"https:\/\/fysiolab.dk\/?s=rockpods&amp;e_search_props=7555742-85966\"><strong>Finn alle v\u00e5re andre RockPods produkter her!<\/strong><\/a><\/p>\n<p><iframe title=\"RockPod Glides in use - Demonstration of the sliding silicone cups from RockTape.\" width=\"800\" height=\"450\" src=\"https:\/\/www.youtube.com\/embed\/u28ZrIevvt4?feature=oembed\" frameborder=\"0\" allow=\"accelerometer; autoplay; clipboard-write; encrypted-media; gyroscope; picture-in-picture; web-share\" referrerpolicy=\"strict-origin-when-cross-origin\" allowfullscreen><\/iframe><\/p>\n<p>&nbsp;<\/p>\n","protected":false},"excerpt":{"rendered":"<p><strong>RockPods Glide fra RockTape er et avansert koppingverkt\u00f8y som er utviklet for b\u00e5de klinikk- og hjemmebruk. Med en kombinasjon av ergonomisk design og lett glidende sugeeffekt gj\u00f8r RockPods Glide det enkelt \u00e5 l\u00f8se opp muskelspenninger, forbedre blodsirkulasjonen og redusere \u00f8mhet i muskler og bindevev. <\/strong><\/p>\n","protected":false},"featured_media":85278,"comment_status":"closed","ping_status":"closed","template":"","meta":{"_acf_changed":false},"product_brand":[],"product_cat":[1948,2796,2923,1937,1941,2791],"product_tag":[2792],"class_list":{"0":"post-85269","1":"product","2":"type-product","3":"status-publish","4":"has-post-thumbnail","6":"product_cat-klinikk","7":"product_cat-kopping","8":"product_cat-kopping-no","9":"product_cat-merkevarer","10":"product_cat-rekonvalesens-og-sportspleie","11":"product_cat-rocktape-no","12":"product_tag-rocktape-no","14":"first","15":"instock","16":"taxable","17":"shipping-taxable","18":"purchasable","19":"product-type-simple"},"acf":[],"_links":{"self":[{"href":"https:\/\/fysiolab.dk\/no\/wp-json\/wp\/v2\/product\/85269","targetHints":{"allow":["GET"]}}],"collection":[{"href":"https:\/\/fysiolab.dk\/no\/wp-json\/wp\/v2\/product"}],"about":[{"href":"https:\/\/fysiolab.dk\/no\/wp-json\/wp\/v2\/types\/product"}],"replies":[{"embeddable":true,"href":"https:\/\/fysiolab.dk\/no\/wp-json\/wp\/v2\/comments?post=85269"}],"wp:featuredmedia":[{"embeddable":true,"href":"https:\/\/fysiolab.dk\/no\/wp-json\/wp\/v2\/media\/85278"}],"wp:attachment":[{"href":"https:\/\/fysiolab.dk\/no\/wp-json\/wp\/v2\/media?parent=85269"}],"wp:term":[{"taxonomy":"product_brand","embeddable":true,"href":"https:\/\/fysiolab.dk\/no\/wp-json\/wp\/v2\/product_brand?post=85269"},{"taxonomy":"product_cat","embeddable":true,"href":"https:\/\/fysiolab.dk\/no\/wp-json\/wp\/v2\/product_cat?post=85269"},{"taxonomy":"product_tag","embeddable":true,"href":"https:\/\/fysiolab.dk\/no\/wp-json\/wp\/v2\/product_tag?post=85269"}],"curies":[{"name":"wp","href":"https:\/\/api.w.org\/{rel}","templated":true}]}}