{"id":85270,"date":"2025-01-21T17:14:10","date_gmt":"2025-01-21T16:14:10","guid":{"rendered":"https:\/\/fysiolab.dk\/product\/sveltus-power-band\/"},"modified":"2025-12-18T09:20:51","modified_gmt":"2025-12-18T08:20:51","slug":"sveltus-power-band","status":"publish","type":"product","link":"https:\/\/fysiolab.dk\/no\/product\/sveltus-power-band\/","title":{"rendered":"Sveltus Power Band"},"content":{"rendered":"<p><strong>Sveltus Power Band - fleksibelt og effektivt treningsverkt\u00f8y<\/strong><\/p>\n<p>Sveltus Power Bands er perfekte for allsidig og effektiv trening, enten du \u00f8nsker \u00e5 styrke musklene, \u00f8ke fleksibiliteten eller tilf\u00f8re motstand til treningen din. Disse b\u00e5ndene er ideelle for alt fra oppvarming og rehabilitering til styrketrening og funksjonell trening. <\/p>\n<p><strong>Funksjoner:<\/strong><\/p>\n<ul>\n<li>Materiale: Slitesterkt og elastisk materiale som sikrer lang levetid.<\/li>\n<li>Lengde: Alle elastiske b\u00e5nd har en lengde p\u00e5 103 cm for optimal bevegelsesfrihet.<\/li>\n<li>Traction: Tilgjengelig i flere motstandsniv\u00e5er, slik at du kan tilpasse treningen til ditt eget niv\u00e5:\n<ul>\n<li>Lysebl\u00e5: 3-8 kg - ideell for lett motstand og oppvarming.<\/li>\n<li>Lilla: 7-15 kg - perfekt for nybegynnere eller lette \u00f8velser.<\/li>\n<li>Oransje: 9-25 kg - bra for lett styrketrening.<\/li>\n<li>Gr\u00f8nn: 11-30 kg - allsidig motstand for avanserte brukere.<\/li>\n<li>Bl\u00e5: 13-35 kg - for moderat til intens trening.<\/li>\n<li>R\u00f8d: 23-57 kg - egnet for tung styrketrening og pull-ups.<\/li>\n<li>Svart: 30-80 kg - maksimal motstand for avanserte \u00f8velser.<\/li>\n<\/ul>\n<\/li>\n<\/ul>\n<p>Sveltus Power Bands kan brukes alene eller som et supplement til din eksisterende treningsrutine. De er lette, kompakte og enkle \u00e5 ta med seg, slik at du kan trene hvor som helst. <\/p>\n<p>Gj\u00f8r treningen din mer utfordrende og effektiv - velg ditt Sveltus Power Band i dag!<\/p>\n<p>&nbsp;<\/p>\n<p>&nbsp;<\/p>\n","protected":false},"excerpt":{"rendered":"<p><strong>Sveltus Power Bands er perfekte for allsidig og effektiv trening, enten du \u00f8nsker \u00e5 styrke musklene, \u00f8ke fleksibiliteten eller tilf\u00f8re motstand til treningen din. Disse b\u00e5ndene er ideelle til alt fra oppvarming og rehabilitering til styrketrening og funksjonell trening. Tilgjengelig i flere farger og motstander  <\/strong><\/p>\n","protected":false},"featured_media":85282,"comment_status":"closed","ping_status":"closed","template":"","meta":{"_acf_changed":false},"product_brand":[],"product_cat":[1948,1937,2773,2217,2215,1945],"product_tag":[1944,2774],"class_list":{"0":"post-85270","1":"product","2":"type-product","3":"status-publish","4":"has-post-thumbnail","6":"product_cat-klinikk","7":"product_cat-merkevarer","8":"product_cat-sweltus","9":"product_cat-treningsbaand-no","10":"product_cat-treningsbaand","11":"product_cat-treningsutstyr","12":"product_tag-rehabmedic-no","13":"product_tag-sweltus","15":"first","16":"instock","17":"taxable","18":"shipping-taxable","19":"purchasable","20":"product-type-variable"},"acf":[],"_links":{"self":[{"href":"https:\/\/fysiolab.dk\/no\/wp-json\/wp\/v2\/product\/85270","targetHints":{"allow":["GET"]}}],"collection":[{"href":"https:\/\/fysiolab.dk\/no\/wp-json\/wp\/v2\/product"}],"about":[{"href":"https:\/\/fysiolab.dk\/no\/wp-json\/wp\/v2\/types\/product"}],"replies":[{"embeddable":true,"href":"https:\/\/fysiolab.dk\/no\/wp-json\/wp\/v2\/comments?post=85270"}],"wp:featuredmedia":[{"embeddable":true,"href":"https:\/\/fysiolab.dk\/no\/wp-json\/wp\/v2\/media\/85282"}],"wp:attachment":[{"href":"https:\/\/fysiolab.dk\/no\/wp-json\/wp\/v2\/media?parent=85270"}],"wp:term":[{"taxonomy":"product_brand","embeddable":true,"href":"https:\/\/fysiolab.dk\/no\/wp-json\/wp\/v2\/product_brand?post=85270"},{"taxonomy":"product_cat","embeddable":true,"href":"https:\/\/fysiolab.dk\/no\/wp-json\/wp\/v2\/product_cat?post=85270"},{"taxonomy":"product_tag","embeddable":true,"href":"https:\/\/fysiolab.dk\/no\/wp-json\/wp\/v2\/product_tag?post=85270"}],"curies":[{"name":"wp","href":"https:\/\/api.w.org\/{rel}","templated":true}]}}