{"id":85292,"date":"2025-01-15T22:32:47","date_gmt":"2025-01-15T21:32:47","guid":{"rendered":"https:\/\/fysiolab.dk\/product\/rockpods-koppesett\/"},"modified":"2025-12-18T09:20:52","modified_gmt":"2025-12-18T08:20:52","slug":"rockpods-koppesett","status":"publish","type":"product","link":"https:\/\/fysiolab.dk\/no\/product\/rockpods-koppesett\/","title":{"rendered":"RockPods koppesett"},"content":{"rendered":"<h3 data-start=\"96\" data-end=\"170\">RockPods Cupping Set - Moderne kopping for profesjonelle og forbrukere<\/h3>\n<p data-start=\"172\" data-end=\"481\"><strong data-start=\"172\" data-end=\"184\">RockPods<\/strong> fra RockTape er et innovativt koppingssett som gir en moderne og brukervennlig tiln\u00e6rming til den klassiske koppingsteknikken. Der tradisjonelle koppingr\u00f8r kan v\u00e6re tungvinte \u00e5 h\u00e5ndtere, er RockPods laget av fleksibel medisinsk silikon, noe som gj\u00f8r behandlingen enkel, effektiv og trygg. <\/p>\n<p data-start=\"483\" data-end=\"653\">Med RockPods kan du lindre muskelspenninger, stimulere blodsirkulasjonen, redusere \u00f8mhet og forbedre bevegeligheten - perfekt for b\u00e5de klinisk behandling og egenbehandling.<\/p>\n<h4 data-start=\"655\" data-end=\"683\">Funksjoner og fordeler<\/h4>\n<ul data-start=\"684\" data-end=\"1195\">\n<li data-start=\"684\" data-end=\"785\">\n<p data-start=\"686\" data-end=\"785\"><strong data-start=\"686\" data-end=\"702\">Enkel \u00e5 bruke<\/strong> - trykk, plasser og slipp for \u00e5 skape vakuum uten behov for brann eller pumper.<\/p>\n<\/li>\n<li data-start=\"786\" data-end=\"885\">\n<p data-start=\"788\" data-end=\"885\"><strong data-start=\"788\" data-end=\"810\">Fleksibel silikon<\/strong> - behagelig for kunden og lett \u00e5 plassere p\u00e5 ulike muskelgrupper.<\/p>\n<\/li>\n<li data-start=\"886\" data-end=\"988\">\n<p data-start=\"888\" data-end=\"988\"><strong data-start=\"888\" data-end=\"911\">Effektiv behandling<\/strong> - kombinerer vakuumterapi med myofascial release for dyp muskelavslapping.<\/p>\n<\/li>\n<li data-start=\"989\" data-end=\"1094\">\n<p data-start=\"991\" data-end=\"1094\"><strong data-start=\"991\" data-end=\"1018\">Slitesterk og hygienisk<\/strong> - laget av medisinsk silikon som er lett \u00e5 rengj\u00f8re og kan vaskes i maskin.<\/p>\n<\/li>\n<li data-start=\"1095\" data-end=\"1195\">\n<p data-start=\"1097\" data-end=\"1195\"><strong data-start=\"1097\" data-end=\"1114\">B\u00e6rbar<\/strong> - leveres i en kompakt eske som er enkel \u00e5 ta med seg inn p\u00e5 klinikken eller ut med kundene.<\/p>\n<\/li>\n<\/ul>\n<h4 data-start=\"1197\" data-end=\"1214\">Hvordan bruke<\/h4>\n<p data-start=\"1215\" data-end=\"1241\">RockPods er ideelle for:<\/p>\n<ul data-start=\"1242\" data-end=\"1478\">\n<li data-start=\"1242\" data-end=\"1291\">\n<p data-start=\"1244\" data-end=\"1291\">Lindre muskelspenninger og triggerpunkter<\/p>\n<\/li>\n<li data-start=\"1292\" data-end=\"1341\">\n<p data-start=\"1294\" data-end=\"1341\">Stimulering av blodsirkulasjonen og restitusjon<\/p>\n<\/li>\n<li data-start=\"1342\" data-end=\"1374\">\n<p data-start=\"1344\" data-end=\"1374\">Smertelindring og avspenning<\/p>\n<\/li>\n<li data-start=\"1375\" data-end=\"1418\">\n<p data-start=\"1377\" data-end=\"1418\">Forbedrer bevegelighet og fingerferdighet<\/p>\n<\/li>\n<li data-start=\"1419\" data-end=\"1478\">\n<p data-start=\"1421\" data-end=\"1478\">Komplement\u00e6r behandling for idrettsskader og rehabilitering<\/p>\n<\/li>\n<\/ul>\n<h4 data-start=\"1480\" data-end=\"1502\">Spesifikasjoner<\/h4>\n<ul data-start=\"1503\" data-end=\"1787\">\n<li data-start=\"1503\" data-end=\"1540\">\n<p data-start=\"1505\" data-end=\"1540\"><strong data-start=\"1505\" data-end=\"1519\">Materiale:<\/strong> Medisinsk silikon<\/p>\n<\/li>\n<li data-start=\"1541\" data-end=\"1656\">\n<p data-start=\"1543\" data-end=\"1656\"><strong data-start=\"1543\" data-end=\"1564\">Innhold i settet:<\/strong> Flere kopper i forskjellige st\u00f8rrelser, slik at du kan tilpasse behandlingen etter muskelgruppe<\/p>\n<\/li>\n<li data-start=\"1657\" data-end=\"1724\">\n<p data-start=\"1659\" data-end=\"1724\"><strong data-start=\"1659\" data-end=\"1673\">Rengj\u00f8ring:<\/strong> T\u00e5ler oppvaskmaskin eller vaskes i mildt s\u00e5pevann<\/p>\n<\/li>\n<li data-start=\"1725\" data-end=\"1787\">\n<p data-start=\"1727\" data-end=\"1787\"><strong data-start=\"1727\" data-end=\"1742\">Oppbevaring:<\/strong> Leveres i en praktisk eske med bruksanvisning<\/p>\n<\/li>\n<\/ul>\n<hr data-start=\"1789\" data-end=\"1792\">\n<p data-start=\"1794\" data-end=\"2054\"><strong data-start=\"1798\" data-end=\"1822\">RockPods Cupping Set<\/strong> er en moderne, brukervennlig og profesjonell l\u00f8sning for koppingterapi som gj\u00f8r det enklere enn noensinne \u00e5 arbeide effektivt med muskelspenninger og vevsrestriksjoner - enten du er ut\u00f8ver eller privatperson.<\/p>\n<ul>\n<li><iframe title=\"RockPods | 5 Top Tips\" width=\"800\" height=\"450\" src=\"https:\/\/www.youtube.com\/embed\/EvdNvLF-rqo?feature=oembed\" frameborder=\"0\" allow=\"accelerometer; autoplay; clipboard-write; encrypted-media; gyroscope; picture-in-picture; web-share\" referrerpolicy=\"strict-origin-when-cross-origin\" allowfullscreen><\/iframe>\n<p>&nbsp;<\/li>\n<li><iframe title=\"Hvilke er de BESTE ROCKPODS \u00e5 kj\u00f8pe?\" src=\"https:\/\/www.youtube.com\/embed\/AdQI2gYE4tI?start=8&amp;feature=oembed&amp;enablejsapi=1&amp;origin=https:\/\/fysiolab.dk\" width=\"1136\" height=\"639\" frameborder=\"0\" allowfullscreen=\"allowfullscreen\"><\/iframe><\/li>\n<\/ul>\n","protected":false},"excerpt":{"rendered":"<p><strong>RockPods fra RockTape er et innovativt koppingssett som gir en moderne og brukervennlig tiln\u00e6rming til den klassiske koppingsteknikken. Der tradisjonelle koppingr\u00f8r kan v\u00e6re tungvinte \u00e5 h\u00e5ndtere, er RockPods laget av fleksibel medisinsk silikon, noe som gj\u00f8r behandlingen enkel, effektiv og trygg. <\/strong><\/p>\n","protected":false},"featured_media":85297,"comment_status":"closed","ping_status":"closed","template":"","meta":{"_acf_changed":false},"product_brand":[],"product_cat":[1948,2796,2923,1937,1941,2791],"product_tag":[2792],"class_list":{"0":"post-85292","1":"product","2":"type-product","3":"status-publish","4":"has-post-thumbnail","6":"product_cat-klinikk","7":"product_cat-kopping","8":"product_cat-kopping-no","9":"product_cat-merkevarer","10":"product_cat-rekonvalesens-og-sportspleie","11":"product_cat-rocktape-no","12":"product_tag-rocktape-no","14":"first","15":"instock","16":"taxable","17":"shipping-taxable","18":"purchasable","19":"product-type-simple"},"acf":[],"_links":{"self":[{"href":"https:\/\/fysiolab.dk\/no\/wp-json\/wp\/v2\/product\/85292","targetHints":{"allow":["GET"]}}],"collection":[{"href":"https:\/\/fysiolab.dk\/no\/wp-json\/wp\/v2\/product"}],"about":[{"href":"https:\/\/fysiolab.dk\/no\/wp-json\/wp\/v2\/types\/product"}],"replies":[{"embeddable":true,"href":"https:\/\/fysiolab.dk\/no\/wp-json\/wp\/v2\/comments?post=85292"}],"wp:featuredmedia":[{"embeddable":true,"href":"https:\/\/fysiolab.dk\/no\/wp-json\/wp\/v2\/media\/85297"}],"wp:attachment":[{"href":"https:\/\/fysiolab.dk\/no\/wp-json\/wp\/v2\/media?parent=85292"}],"wp:term":[{"taxonomy":"product_brand","embeddable":true,"href":"https:\/\/fysiolab.dk\/no\/wp-json\/wp\/v2\/product_brand?post=85292"},{"taxonomy":"product_cat","embeddable":true,"href":"https:\/\/fysiolab.dk\/no\/wp-json\/wp\/v2\/product_cat?post=85292"},{"taxonomy":"product_tag","embeddable":true,"href":"https:\/\/fysiolab.dk\/no\/wp-json\/wp\/v2\/product_tag?post=85292"}],"curies":[{"name":"wp","href":"https:\/\/api.w.org\/{rel}","templated":true}]}}