{"id":85319,"date":"2025-01-15T22:32:29","date_gmt":"2025-01-15T21:32:29","guid":{"rendered":"https:\/\/fysiolab.dk\/product\/rockblade-mohawk-system\/"},"modified":"2025-12-18T09:20:52","modified_gmt":"2025-12-18T08:20:52","slug":"rockblade-mohawk-system","status":"publish","type":"product","link":"https:\/\/fysiolab.dk\/no\/product\/rockblade-mohawk-system\/","title":{"rendered":"RockBlade Mohawk System"},"content":{"rendered":"<h3 data-start=\"117\" data-end=\"170\">RockBlade Mohawk IASTM System - 3 verkt\u00f8y i ett<\/h3>\n<p data-start=\"172\" data-end=\"578\"><strong data-start=\"172\" data-end=\"199\">RockBlade Mohawk System<\/strong> fra RockTape er et banebrytende verkt\u00f8y for instrumentassistert bl\u00f8tvevsmobilisering (IASTM) som er utviklet for profesjonelle som \u00f8nsker maksimal fleksibilitet i ett og samme verkt\u00f8y. Med sin ergonomiske design i kirurgisk st\u00e5l og to utskiftbare overflater kan du skreddersy behandlingen n\u00f8yaktig etter klientens behov - fra dyp vevsmobilisering til sk\u00e5nsom sensorisk stimulering. <\/p>\n<h3 data-start=\"580\" data-end=\"609\">Dette er hva settet inneholder<\/h3>\n<ul data-start=\"610\" data-end=\"1136\">\n<li data-start=\"610\" data-end=\"712\">\n<p data-start=\"612\" data-end=\"712\"><strong data-start=\"612\" data-end=\"632\">RockBlade Mohawk<\/strong> - et presist kirurgisk verkt\u00f8y i rustfritt st\u00e5l med flere gripepunkter og kanter.<\/p>\n<\/li>\n<li data-start=\"713\" data-end=\"817\">\n<p data-start=\"715\" data-end=\"817\"><strong data-start=\"715\" data-end=\"734\">Silikonhylse<\/strong> - avtagbar silikonoverflate, ideell for nerveglid, skj\u00e6r og sk\u00e5nsom behandling.<\/p>\n<\/li>\n<li data-start=\"818\" data-end=\"954\">\n<p data-start=\"820\" data-end=\"954\"><strong data-start=\"820\" data-end=\"845\">ABS\/Polykarbonat-kam<\/strong> - gir sensorisk stimulering inspirert av t\u00f8rrb\u00f8rsting, perfekt for nevrologisk input og lymfestr\u00f8m.<\/p>\n<\/li>\n<li data-start=\"955\" data-end=\"1055\">\n<p data-start=\"957\" data-end=\"1055\"><strong data-start=\"957\" data-end=\"980\">RockRub voks (50 g)<\/strong> - naturlig sm\u00f8remiddel som letter behandlingen samtidig som det pleier huden.<\/p>\n<\/li>\n<li data-start=\"1056\" data-end=\"1136\">\n<p data-start=\"1058\" data-end=\"1136\"><strong data-start=\"1058\" data-end=\"1077\">Oppbevaringskoffert<\/strong> - robust og praktisk for sikker transport og oppbevaring.<\/p>\n<\/li>\n<\/ul>\n<h3 data-start=\"1138\" data-end=\"1151\">Fordeler og fordeler<\/h3>\n<ul data-start=\"1152\" data-end=\"1553\">\n<li data-start=\"1152\" data-end=\"1227\">\n<p data-start=\"1154\" data-end=\"1227\"><strong data-start=\"1154\" data-end=\"1173\">Tre-i-ett-system<\/strong>: Ett verkt\u00f8y, tre ulike behandlingsopplevelser.<\/p>\n<\/li>\n<li data-start=\"1228\" data-end=\"1317\">\n<p data-start=\"1230\" data-end=\"1317\"><strong data-start=\"1230\" data-end=\"1251\">Ergonomisk design<\/strong>: Reduserer belastningen p\u00e5 hender og h\u00e5ndledd under lange \u00f8kter.<\/p>\n<\/li>\n<li data-start=\"1318\" data-end=\"1448\">\n<p data-start=\"1320\" data-end=\"1448\"><strong data-start=\"1320\" data-end=\"1342\">Allsidig behandling<\/strong>: Perfekt for myofascial release, triggerpunkter, mobilisering, sensorisk stimulering og smertelindring.<\/p>\n<\/li>\n<li data-start=\"1449\" data-end=\"1553\">\n<p data-start=\"1451\" data-end=\"1553\"><strong data-start=\"1451\" data-end=\"1467\">H\u00f8y kvalitet<\/strong>: Kirurgisk st\u00e5l, silikon og ABS-materialer sikrer lang levetid og enkel rengj\u00f8ring.<\/p>\n<\/li>\n<\/ul>\n<p><strong>Tekniske spesifikasjoner<\/strong><\/p>\n<ul>\n<li>Materiale: Kirurgisk rustfritt st\u00e5l<\/li>\n<li>Vekt: 200 g<\/li>\n<li>M\u00e5l: 15 cm x 4 cm x 0,65 cm<\/li>\n<li>Behandlingsflater: 8<\/li>\n<\/ul>\n<p><strong>Silikonhylse<\/strong><\/p>\n<p>Et tilbeh\u00f8r som f\u00f8lger med i alle Mohawk-sett, laget av kirurgisk silikon med en unik finish som er utformet for \u00e5 gripe hudens overflate raskt og enkelt.<\/p>\n<p>Dette tilbeh\u00f8ret er st\u00f8pt i r\u00f8d silikon, og du kan bruke det til \u00e5 gripe tak i hudoverflaten og skape en skj\u00e6reeffekt mellom huden og vevet under.<\/p>\n<p>Dette gj\u00f8r det mulig \u00e5 behandle p\u00e5 nytt, samtidig som det reduserer belastningen og risikoen for slitasje og skader p\u00e5 behandlerens hender betydelig.<\/p>\n<p>Silikonhylsen er utelukkende kompatibel med RockBlades\u00ae Mohawk IASTM-systemet.<\/p>\n<p><strong>Tekniske spesifikasjoner<\/strong><\/p>\n<ul>\n<li>Materiale: Kirurgisk silikon<\/li>\n<li>Kompatibilitet\/passform: Mohawk-verkt\u00f8y i rustfritt st\u00e5l<\/li>\n<\/ul>\n<p><strong>Combs<\/strong><\/p>\n<p>Vi har tatt konseptet t\u00f8rrb\u00f8rsting inn i det 21. \u00e5rhundre med v\u00e5rt patenterte kamtilbeh\u00f8r som er eksklusivt tilgjengelig hos Mohawk.<\/p>\n<p>V\u00e5r svarte kam i polykarbonat ABS er utformet for \u00e5 gli lett over huden og gi nevrologisk stimulering. Mohawk-kammen kan brukes til \u00e5 redusere smerte, forbedre kinestetisk bevissthet og propriosepsjon av kroppen, samt lette lymfev\u00e6skestr\u00f8mmen og dreneringen. <\/p>\n<p>Den er designet for \u00e5 enkelt klikkes p\u00e5 og av Mohawk-verkt\u00f8yet v\u00e5rt i rustfritt st\u00e5l med presisjonsst\u00f8pte kamkanter som stimulerer nervesystemet uten \u00e5 skade huden (eller v\u00e6re ubehagelig).<\/p>\n<p>Kammen er utelukkende kompatibel med RockBlades\u00ae Mohawk IASTM-systemet.<\/p>\n<p><strong>Tekniske spesifikasjoner<\/strong><\/p>\n<ul>\n<li>Materiale: ABS\/polykarbonat-blanding<\/li>\n<li>Design: Kamkanter avrundet og avsluttet for hudstimulering.<\/li>\n<li>Kompatibilitet\/passform: Mohawk-verkt\u00f8y i rustfritt st\u00e5l<\/li>\n<\/ul>\n<p><iframe title=\"RockTape - RockBlades Mohawk Tutorial - Low Back\" width=\"800\" height=\"450\" src=\"https:\/\/www.youtube.com\/embed\/vZ5u898833k?feature=oembed\" frameborder=\"0\" allow=\"accelerometer; autoplay; clipboard-write; encrypted-media; gyroscope; picture-in-picture; web-share\" referrerpolicy=\"strict-origin-when-cross-origin\" allowfullscreen><\/iframe><\/p>\n<p><iframe title=\"RockBlades Mohawk Review: The Ultimate Soft Tissue Tool Kit\" width=\"800\" height=\"450\" src=\"https:\/\/www.youtube.com\/embed\/5LXxFhhX2oQ?feature=oembed\" frameborder=\"0\" allow=\"accelerometer; autoplay; clipboard-write; encrypted-media; gyroscope; picture-in-picture; web-share\" referrerpolicy=\"strict-origin-when-cross-origin\" allowfullscreen><\/iframe><\/p>\n<p>&nbsp;<\/p>\n","protected":false},"excerpt":{"rendered":"<p id=\"tw-target-text\" class=\"tw-data-text tw-text-large tw-ta\" dir=\"ltr\" data-placeholder=\"Overs\u00e6ttelse\" data-ved=\"2ahUKEwij2p35tpmLAxXCIBAIHXpdKkAQ3ewLegQIChAV\" aria-label=\"Oversat tekst: RockTape RockBlade Mohawk System repr\u00e6senterer en ny \u00e6ra inden for IASTM-kapaciteter, og tilbyder et alt-i-et professionelt v\u00e6rkt\u00f8jss\u00e6t til forbedret v\u00e6vsmanipulation i kliniske omgivelser. Dette omfattende s\u00e6t inkluderer en pr\u00e6cisionssvejset Mohawk i rustfrit st\u00e5l\"><strong><span class=\"Y2IQFc\" lang=\"da\">RockBlade Mohawk-systemet representerer en ny \u00e6ra innen IASTM, og tilbyr et alt-i-ett profesjonelt verkt\u00f8ysett for forbedret vevsmanipulering i kliniske milj\u00f8er. Dette omfattende settet inkluderer en presisjonssveiset Mohawk i rustfritt st\u00e5l <\/span><\/strong><\/p>\n","protected":false},"featured_media":85327,"comment_status":"closed","ping_status":"closed","template":"","meta":{"_acf_changed":false},"product_brand":[],"product_cat":[2839,2924,1948,1937,1941,2791],"product_tag":[2792],"class_list":{"0":"post-85319","1":"product","2":"type-product","3":"status-publish","4":"has-post-thumbnail","6":"product_cat-iastm-no","7":"product_cat-iatsm-no","8":"product_cat-klinikk","9":"product_cat-merkevarer","10":"product_cat-rekonvalesens-og-sportspleie","11":"product_cat-rocktape-no","12":"product_tag-rocktape-no","14":"first","15":"instock","16":"taxable","17":"shipping-taxable","18":"purchasable","19":"product-type-simple"},"acf":[],"_links":{"self":[{"href":"https:\/\/fysiolab.dk\/no\/wp-json\/wp\/v2\/product\/85319","targetHints":{"allow":["GET"]}}],"collection":[{"href":"https:\/\/fysiolab.dk\/no\/wp-json\/wp\/v2\/product"}],"about":[{"href":"https:\/\/fysiolab.dk\/no\/wp-json\/wp\/v2\/types\/product"}],"replies":[{"embeddable":true,"href":"https:\/\/fysiolab.dk\/no\/wp-json\/wp\/v2\/comments?post=85319"}],"wp:featuredmedia":[{"embeddable":true,"href":"https:\/\/fysiolab.dk\/no\/wp-json\/wp\/v2\/media\/85327"}],"wp:attachment":[{"href":"https:\/\/fysiolab.dk\/no\/wp-json\/wp\/v2\/media?parent=85319"}],"wp:term":[{"taxonomy":"product_brand","embeddable":true,"href":"https:\/\/fysiolab.dk\/no\/wp-json\/wp\/v2\/product_brand?post=85319"},{"taxonomy":"product_cat","embeddable":true,"href":"https:\/\/fysiolab.dk\/no\/wp-json\/wp\/v2\/product_cat?post=85319"},{"taxonomy":"product_tag","embeddable":true,"href":"https:\/\/fysiolab.dk\/no\/wp-json\/wp\/v2\/product_tag?post=85319"}],"curies":[{"name":"wp","href":"https:\/\/api.w.org\/{rel}","templated":true}]}}