{"id":85332,"date":"2025-01-15T22:32:23","date_gmt":"2025-01-15T21:32:23","guid":{"rendered":"https:\/\/fysiolab.dk\/product\/rockblade-2-0-systemet\/"},"modified":"2025-12-18T09:20:53","modified_gmt":"2025-12-18T08:20:53","slug":"rockblade-2-0-systemet","status":"publish","type":"product","link":"https:\/\/fysiolab.dk\/no\/product\/rockblade-2-0-systemet\/","title":{"rendered":"RockBlade 2.0-systemet"},"content":{"rendered":"<h3 data-start=\"106\" data-end=\"176\">RockBlade 2.0 System - profesjonell IASTM-prosessering i toppklasse<\/h3>\n<p data-start=\"178\" data-end=\"513\"><strong data-start=\"178\" data-end=\"202\">RockBlade 2.0-systemet<\/strong> fra RockTape er utviklet for terapeuter som \u00f8nsker \u00e5 jobbe p\u00e5 h\u00f8yeste niv\u00e5 med <strong data-start=\"282\" data-end=\"291\">IASTM<\/strong>(Instrument Assisted Soft Tissue Mobilisation). Systemet kombinerer presise verkt\u00f8y, hudvennlig glidevoks og praktisk oppbevaring - alt du trenger for effektiv og profesjonell behandling av muskler og bindevev. <\/p>\n<h4 data-start=\"515\" data-end=\"550\">Hvorfor velge RockBlade 2.0?<\/h4>\n<p data-start=\"551\" data-end=\"827\">I motsetning til tunge og stive IASTM-verkt\u00f8y er RockBlade 2.0 utformet med tanke p\u00e5 <strong data-start=\"641\" data-end=\"675\">ergonomi, presisjon og komfort.<\/strong> De to ulike bladene gir deg frihet til \u00e5 variere teknikker og tilpasse behandlingen - fra sk\u00e5nsomt vevsarbeid til dyp mobilisering. <\/p>\n<h4 data-start=\"829\" data-end=\"857\">Funksjoner og fordeler<\/h4>\n<ul data-start=\"858\" data-end=\"1396\">\n<li data-start=\"858\" data-end=\"1099\">\n<p data-start=\"860\" data-end=\"889\"><strong data-start=\"860\" data-end=\"885\">To forskjellige kniver<\/strong> <\/p>\n<ul data-start=\"892\" data-end=\"1099\">\n<li data-start=\"892\" data-end=\"984\">\n<p data-start=\"894\" data-end=\"984\"><strong data-start=\"894\" data-end=\"904\">K\u00f8lle<\/strong>: Ergonomisk utformet i kirurgisk rustfritt st\u00e5l for dyp, m\u00e5lrettet behandling.<\/p>\n<\/li>\n<li data-start=\"987\" data-end=\"1099\">\n<p data-start=\"989\" data-end=\"1099\"><strong data-start=\"989\" data-end=\"999\">Mullet<\/strong>: Et mindre, kompakt verkt\u00f8y som er perfekt for rask og presis behandling eller til \u00e5 ta med p\u00e5 farten.<\/p>\n<\/li>\n<\/ul>\n<\/li>\n<li data-start=\"1100\" data-end=\"1229\">\n<p data-start=\"1102\" data-end=\"1229\"><strong data-start=\"1102\" data-end=\"1127\">IASTM p\u00e5 neste niv\u00e5<\/strong> - gj\u00f8r det mulig \u00e5 l\u00f8se opp spenninger, mobilisere arrvev, forbedre vevsbevegelser og redusere smerte.<\/p>\n<\/li>\n<li data-start=\"1230\" data-end=\"1305\">\n<p data-start=\"1232\" data-end=\"1305\"><strong data-start=\"1232\" data-end=\"1253\">Ergonomisk design<\/strong> - beskytter hender og h\u00e5ndledd under lengre \u00f8kter.<\/p>\n<\/li>\n<li data-start=\"1306\" data-end=\"1396\">\n<p data-start=\"1308\" data-end=\"1396\"><strong data-start=\"1308\" data-end=\"1326\">Komplett system<\/strong> - leveres med alt du trenger for \u00e5 komme i gang med en gang.<\/p>\n<\/li>\n<\/ul>\n<h4 data-start=\"1398\" data-end=\"1415\">Hvordan bruke<\/h4>\n<p data-start=\"1416\" data-end=\"1546\">RockBlade 2.0 System er egnet for fysioterapeuter, osteopater, kiropraktorer, massasjeterapeuter og andre behandlere som arbeider med:<\/p>\n<ul data-start=\"1547\" data-end=\"1720\">\n<li data-start=\"1547\" data-end=\"1569\">\n<p data-start=\"1549\" data-end=\"1569\">Myofascial release<\/p>\n<\/li>\n<li data-start=\"1570\" data-end=\"1596\">\n<p data-start=\"1572\" data-end=\"1596\">Behandling av triggerpunkter<\/p>\n<\/li>\n<li data-start=\"1597\" data-end=\"1636\">\n<p data-start=\"1599\" data-end=\"1636\">Mobilisering av stramt vev og arrvev<\/p>\n<\/li>\n<li data-start=\"1637\" data-end=\"1670\">\n<p data-start=\"1639\" data-end=\"1670\">Restitusjon og smertelindring<\/p>\n<\/li>\n<li data-start=\"1671\" data-end=\"1720\">\n<p data-start=\"1673\" data-end=\"1720\">Forbedrer bevegelighet og blodsirkulasjon<\/p>\n<\/li>\n<\/ul>\n<h4 data-start=\"1722\" data-end=\"1762\">Spesifikasjoner - dette er inkludert<\/h4>\n<ul data-start=\"1763\" data-end=\"2111\">\n<li data-start=\"1763\" data-end=\"1815\">\n<p data-start=\"1765\" data-end=\"1815\"><strong data-start=\"1765\" data-end=\"1787\">1 RockBlade-k\u00f8lle<\/strong> (kirurgisk rustfritt st\u00e5l)<\/p>\n<\/li>\n<li data-start=\"1816\" data-end=\"1868\">\n<p data-start=\"1818\" data-end=\"1868\"><strong data-start=\"1818\" data-end=\"1840\">1 RockBlade Mullet<\/strong> (kirurgisk rustfritt st\u00e5l)<\/p>\n<\/li>\n<li data-start=\"1869\" data-end=\"1953\">\n<p data-start=\"1871\" data-end=\"1953\"><strong data-start=\"1871\" data-end=\"1894\">1 RockRub voks 50 g<\/strong> - gir optimalt glid for IASTM og er sk\u00e5nsom mot huden<\/p>\n<\/li>\n<li data-start=\"1954\" data-end=\"2021\">\n<p data-start=\"1956\" data-end=\"2021\"><strong data-start=\"1956\" data-end=\"1976\">Desinfiserende v\u00e5tservietter<\/strong> - for hygienisk rengj\u00f8ring mellom kunder<\/p>\n<\/li>\n<li data-start=\"2022\" data-end=\"2111\">\n<p data-start=\"2024\" data-end=\"2111\"><strong data-start=\"2024\" data-end=\"2060\">Beskyttelsesveske\/dockingstasjon<\/strong> - robust og praktisk for oppbevaring og transport<\/p>\n<\/li>\n<\/ul>\n<hr data-start=\"2113\" data-end=\"2116\">\n<p data-start=\"2118\" data-end=\"2401\">Med <strong data-start=\"2122\" data-end=\"2146\">RockBlade 2.0 System<\/strong> f\u00e5r du et komplett sett for profesjonell vevsbehandling, der hver eneste detalj er utformet for \u00e5 gj\u00f8re arbeidet ditt enklere og behandlingene mer effektive. Det er det opplagte valget for behandlere som \u00f8nsker \u00e5 levere de beste resultatene for kundene sine. <\/p>\n<p><strong>Spesifikasjoner for pakke og verkt\u00f8y<\/strong><br \/>\nMallet: 450 g - 185 mm x 115 mm x 8,5 mm<br \/>\nMullet: 187 g - 150 mm x 112 mm x 8,8 mm<br \/>\nPakke: 1,5 kg<\/p>\n<p><iframe title=\"RockBlades - Powerfully Simple Soft-Tissue Tools by RockTape\" width=\"800\" height=\"450\" src=\"https:\/\/www.youtube.com\/embed\/0wMHN7c2JfY?feature=oembed\" frameborder=\"0\" allow=\"accelerometer; autoplay; clipboard-write; encrypted-media; gyroscope; picture-in-picture; web-share\" referrerpolicy=\"strict-origin-when-cross-origin\" allowfullscreen><\/iframe><\/p>\n<p><iframe title=\"The Science of RockBlades IASTM\" width=\"800\" height=\"600\" src=\"https:\/\/www.youtube.com\/embed\/Dcp222dpM4Y?feature=oembed\" frameborder=\"0\" allow=\"accelerometer; autoplay; clipboard-write; encrypted-media; gyroscope; picture-in-picture; web-share\" referrerpolicy=\"strict-origin-when-cross-origin\" allowfullscreen><\/iframe><\/p>\n","protected":false},"excerpt":{"rendered":"<p><strong>RockBlade 2.0-systemet fra RockTape er utviklet for terapeuter som \u00f8nsker \u00e5 jobbe p\u00e5 h\u00f8yeste niv\u00e5 med IASTM (Instrument Assisted Soft Tissue Mobilisation). Systemet kombinerer presise verkt\u00f8y, hudvennlig glidevoks og praktisk oppbevaring - alt du trenger for effektiv og profesjonell behandling av muskler og bindevev. <\/strong><\/p>\n","protected":false},"featured_media":85342,"comment_status":"closed","ping_status":"closed","template":"","meta":{"_acf_changed":false},"product_brand":[],"product_cat":[2839,2924,1948,1937,1941,2791],"product_tag":[2792],"class_list":{"0":"post-85332","1":"product","2":"type-product","3":"status-publish","4":"has-post-thumbnail","6":"product_cat-iastm-no","7":"product_cat-iatsm-no","8":"product_cat-klinikk","9":"product_cat-merkevarer","10":"product_cat-rekonvalesens-og-sportspleie","11":"product_cat-rocktape-no","12":"product_tag-rocktape-no","14":"first","15":"instock","16":"taxable","17":"shipping-taxable","18":"purchasable","19":"product-type-simple"},"acf":[],"_links":{"self":[{"href":"https:\/\/fysiolab.dk\/no\/wp-json\/wp\/v2\/product\/85332","targetHints":{"allow":["GET"]}}],"collection":[{"href":"https:\/\/fysiolab.dk\/no\/wp-json\/wp\/v2\/product"}],"about":[{"href":"https:\/\/fysiolab.dk\/no\/wp-json\/wp\/v2\/types\/product"}],"replies":[{"embeddable":true,"href":"https:\/\/fysiolab.dk\/no\/wp-json\/wp\/v2\/comments?post=85332"}],"wp:featuredmedia":[{"embeddable":true,"href":"https:\/\/fysiolab.dk\/no\/wp-json\/wp\/v2\/media\/85342"}],"wp:attachment":[{"href":"https:\/\/fysiolab.dk\/no\/wp-json\/wp\/v2\/media?parent=85332"}],"wp:term":[{"taxonomy":"product_brand","embeddable":true,"href":"https:\/\/fysiolab.dk\/no\/wp-json\/wp\/v2\/product_brand?post=85332"},{"taxonomy":"product_cat","embeddable":true,"href":"https:\/\/fysiolab.dk\/no\/wp-json\/wp\/v2\/product_cat?post=85332"},{"taxonomy":"product_tag","embeddable":true,"href":"https:\/\/fysiolab.dk\/no\/wp-json\/wp\/v2\/product_tag?post=85332"}],"curies":[{"name":"wp","href":"https:\/\/api.w.org\/{rel}","templated":true}]}}