{"id":85333,"date":"2024-12-30T23:15:02","date_gmt":"2024-12-30T22:15:02","guid":{"rendered":"https:\/\/fysiolab.dk\/product\/sveltus-dumbbells-sett\/"},"modified":"2025-12-18T09:20:54","modified_gmt":"2025-12-18T08:20:54","slug":"sveltus-dumbbells-sett","status":"publish","type":"product","link":"https:\/\/fysiolab.dk\/no\/product\/sveltus-dumbbells-sett\/","title":{"rendered":"Sveltus Dumbbells-sett"},"content":{"rendered":"<p><strong>Fargerike manualer for allsidig trening<\/strong><br \/>\nSveltus manualer er det perfekte valget for b\u00e5de nybegynnere og erfarne treningsentusiaster. Med et slitesterkt epoksybelegg for bedre grep og fargekodede vekter er dette settet ideelt for hjemmetrening, treningssentre og treningsstudioer. Enten du \u00f8nsker \u00e5 styrke musklene eller forbedre utholdenheten, er Sveltus manualer et allsidig verkt\u00f8y som passer for alle niv\u00e5er.  <\/p>\n<p><strong>Funksjoner:<\/strong><\/p>\n<ul>\n<li>Epoksybelegg: Gir et sikkert og komfortabelt grep under trening.<\/li>\n<li>Fargekoding: Lett \u00e5 identifisere de ulike vektene, selv i et travelt treningsstudio.<\/li>\n<li>Holdbar design: Motstandsdyktig mot st\u00f8t og skader, noe som sikrer lang levetid.<\/li>\n<\/ul>\n<p><strong>Vekt og farger:<\/strong><\/p>\n<ul>\n<li><strong>R\u00f8d:<\/strong> 0,5 kg<\/li>\n<li><strong>Bl\u00e5:<\/strong> 1 kg<\/li>\n<li><strong>Rosa:<\/strong> 2 kg<\/li>\n<li><strong>Gr\u00e5:<\/strong> 3 kg<\/li>\n<li><strong>Gul:<\/strong> 4 kg<\/li>\n<li><strong>Svart:<\/strong> 5 kg<\/li>\n<\/ul>\n<p><strong>Perfekt for:<\/strong><\/p>\n<ul>\n<li>Styrketrening<\/li>\n<li>Rehabilitering og fysioterapi<\/li>\n<li>Funksjonelle \u00f8velser<\/li>\n<li>Gruppetrening<\/li>\n<\/ul>\n<p><strong>Enten du trener hjemme eller i en profesjonell setting, gj\u00f8r Sveltu manualer det enkelt og morsomt \u00e5 jobbe med vekter. De fargerike designene og de ulike vektene gj\u00f8r at du kan tilpasse treningen til dine m\u00e5l og behov. <\/strong><\/p>\n<p><strong>Bestill Sveltus manualer i dag og ta treningen din til neste niv\u00e5!<\/strong><\/p>\n","protected":false},"excerpt":{"rendered":"<p><strong>Sveltus manualer er det perfekte valget for b\u00e5de nybegynnere og erfarne treningsentusiaster. Med et slitesterkt epoksybelegg for bedre grep og fargekodede vekter er dette settet ideelt for hjemmetrening, treningssentre og treningsstudioet. Enten du \u00f8nsker \u00e5 styrke musklene eller forbedre utholdenheten, er Sveltus manualer et allsidig verkt\u00f8y som passer for alle niv\u00e5er.  <\/strong><\/p>\n","protected":false},"featured_media":85346,"comment_status":"closed","ping_status":"closed","template":"","meta":{"_acf_changed":false},"product_brand":[],"product_cat":[2221,1937,2773,1945],"product_tag":[1944,2774],"class_list":{"0":"post-85333","1":"product","2":"type-product","3":"status-publish","4":"has-post-thumbnail","6":"product_cat-annet-treningsutstyr","7":"product_cat-merkevarer","8":"product_cat-sweltus","9":"product_cat-treningsutstyr","10":"product_tag-rehabmedic-no","11":"product_tag-sweltus","13":"first","14":"instock","15":"taxable","16":"shipping-taxable","17":"purchasable","18":"product-type-variable"},"acf":[],"_links":{"self":[{"href":"https:\/\/fysiolab.dk\/no\/wp-json\/wp\/v2\/product\/85333","targetHints":{"allow":["GET"]}}],"collection":[{"href":"https:\/\/fysiolab.dk\/no\/wp-json\/wp\/v2\/product"}],"about":[{"href":"https:\/\/fysiolab.dk\/no\/wp-json\/wp\/v2\/types\/product"}],"replies":[{"embeddable":true,"href":"https:\/\/fysiolab.dk\/no\/wp-json\/wp\/v2\/comments?post=85333"}],"wp:featuredmedia":[{"embeddable":true,"href":"https:\/\/fysiolab.dk\/no\/wp-json\/wp\/v2\/media\/85346"}],"wp:attachment":[{"href":"https:\/\/fysiolab.dk\/no\/wp-json\/wp\/v2\/media?parent=85333"}],"wp:term":[{"taxonomy":"product_brand","embeddable":true,"href":"https:\/\/fysiolab.dk\/no\/wp-json\/wp\/v2\/product_brand?post=85333"},{"taxonomy":"product_cat","embeddable":true,"href":"https:\/\/fysiolab.dk\/no\/wp-json\/wp\/v2\/product_cat?post=85333"},{"taxonomy":"product_tag","embeddable":true,"href":"https:\/\/fysiolab.dk\/no\/wp-json\/wp\/v2\/product_tag?post=85333"}],"curies":[{"name":"wp","href":"https:\/\/api.w.org\/{rel}","templated":true}]}}