{"id":85354,"date":"2025-01-04T23:24:54","date_gmt":"2025-01-04T22:24:54","guid":{"rendered":"https:\/\/fysiolab.dk\/product\/sveltus-medisinballer\/"},"modified":"2025-12-18T09:20:53","modified_gmt":"2025-12-18T08:20:53","slug":"sveltus-medisinballer","status":"publish","type":"product","link":"https:\/\/fysiolab.dk\/no\/product\/sveltus-medisinballer\/","title":{"rendered":"Sveltus medisinballer"},"content":{"rendered":"<p><strong>Sveltus medisinballer - trening med stil og funksjonalitet<\/strong><\/p>\n<p>Sveltus medisinballer er det perfekte verkt\u00f8yet for funksjonell trening, kjernestyrke og eksplosive \u00f8velser. Den strukturerte overflaten gir et godt og sikkert grep, slik at du kan konsentrere deg om treningen uten bekymringer. <\/p>\n<p><strong>Velg mellom fem forskjellige vektklasser og st\u00f8rrelser:<\/strong><\/p>\n<ul>\n<li>Gul: 1 kg - 20 cm<\/li>\n<li>Oransje: 2 kg - 20 cm<\/li>\n<li>R\u00f8d: 3 kg - 22 cm<\/li>\n<li>Bl\u00e5: 4 kg - 22 cm<\/li>\n<li>Gr\u00e5: 5 kg - 24 cm<\/li>\n<\/ul>\n<p>Enten du er nybegynner eller viderekommen, Sveltus medisinballer er en allsidig l\u00f8sning for b\u00e5de hjemmetrening og trening p\u00e5 treningssenteret. Tren smartere og oppn\u00e5 m\u00e5lene dine med kvalitetsutstyr som varer. <\/p>\n<p><strong>Er du klar til \u00e5 ta treningen din til neste niv\u00e5? Bestill din Sveltus medisinball i dag! <\/strong><\/p>\n","protected":false},"excerpt":{"rendered":"<p><strong>Sveltus medisinballer er det perfekte verkt\u00f8yet for funksjonell trening, kjernestyrke og eksplosive \u00f8velser. Den strukturerte overflaten gir et godt og sikkert grep, slik at du kan konsentrere deg om treningen uten bekymringer. <\/strong><\/p>\n","protected":false},"featured_media":85362,"comment_status":"closed","ping_status":"closed","template":"","meta":{"_acf_changed":false},"product_brand":[],"product_cat":[2221,2602,1937,2773,1945],"product_tag":[1944,2774],"class_list":{"0":"post-85354","1":"product","2":"type-product","3":"status-publish","4":"has-post-thumbnail","6":"product_cat-annet-treningsutstyr","7":"product_cat-medisinballer","8":"product_cat-merkevarer","9":"product_cat-sweltus","10":"product_cat-treningsutstyr","11":"product_tag-rehabmedic-no","12":"product_tag-sweltus","14":"first","15":"instock","16":"taxable","17":"shipping-taxable","18":"purchasable","19":"product-type-variable"},"acf":[],"_links":{"self":[{"href":"https:\/\/fysiolab.dk\/no\/wp-json\/wp\/v2\/product\/85354","targetHints":{"allow":["GET"]}}],"collection":[{"href":"https:\/\/fysiolab.dk\/no\/wp-json\/wp\/v2\/product"}],"about":[{"href":"https:\/\/fysiolab.dk\/no\/wp-json\/wp\/v2\/types\/product"}],"replies":[{"embeddable":true,"href":"https:\/\/fysiolab.dk\/no\/wp-json\/wp\/v2\/comments?post=85354"}],"wp:featuredmedia":[{"embeddable":true,"href":"https:\/\/fysiolab.dk\/no\/wp-json\/wp\/v2\/media\/85362"}],"wp:attachment":[{"href":"https:\/\/fysiolab.dk\/no\/wp-json\/wp\/v2\/media?parent=85354"}],"wp:term":[{"taxonomy":"product_brand","embeddable":true,"href":"https:\/\/fysiolab.dk\/no\/wp-json\/wp\/v2\/product_brand?post=85354"},{"taxonomy":"product_cat","embeddable":true,"href":"https:\/\/fysiolab.dk\/no\/wp-json\/wp\/v2\/product_cat?post=85354"},{"taxonomy":"product_tag","embeddable":true,"href":"https:\/\/fysiolab.dk\/no\/wp-json\/wp\/v2\/product_tag?post=85354"}],"curies":[{"name":"wp","href":"https:\/\/api.w.org\/{rel}","templated":true}]}}