{"id":85368,"date":"2025-01-04T23:22:14","date_gmt":"2025-01-04T22:22:14","guid":{"rendered":"https:\/\/fysiolab.dk\/product\/sveltus-vektmansjett\/"},"modified":"2025-12-18T09:20:53","modified_gmt":"2025-12-18T08:20:53","slug":"sveltus-vektmansjett","status":"publish","type":"product","link":"https:\/\/fysiolab.dk\/no\/product\/sveltus-vektmansjett\/","title":{"rendered":"Sveltus vektmansjett"},"content":{"rendered":"<p><strong>Sveltus Weight Cuffs - Justerbar trening med komfort<\/strong><\/p>\n<p>Sveltu vektmansjetter er perfekte for \u00e5 intensivere treningen og \u00f8ke muskelstyrken. De er designet for \u00e5 passe komfortabelt rundt b\u00e5de h\u00e5ndledd og ankler, noe som gj\u00f8r dem allsidige og ideelle for b\u00e5de styrke- og kondisjonstrening. Enten du g\u00e5r, l\u00f8per, driver med yoga eller rehabilitering, kan disse neoprenvektene bidra til \u00e5 optimalisere innsatsen din.  <\/p>\n<p><strong>Spesifikasjoner og farger<\/strong><\/p>\n<ul>\n<li>Bl\u00e5: 0,5 kg - 8 x 18 cm<\/li>\n<li>Turkis: 0,75 kg - 9 x 20,5 cm<\/li>\n<li>Gr\u00f8nn: 1 kg - 9 x 23 cm<\/li>\n<li>Oransje: 1,5 kg - 10 x 26 cm<\/li>\n<li>Svart: 2 kg - 10,5 x 26,5 cm<\/li>\n<\/ul>\n<p><strong>Funksjoner<\/strong><\/p>\n<ul>\n<li>Neoprenmateriale: Mykt og slitesterkt, noe som sikrer komfort selv under lengre trenings\u00f8kter.<\/li>\n<li>Borrel\u00e5slukking: gj\u00f8r det enkelt \u00e5 justere passformen for en sikker og stabil passform under bruk.<\/li>\n<li>Sett med 2: Perfekt for balanse mellom begge sider av kroppen.<\/li>\n<li>Kompakt design: Lett \u00e5 ta med seg p\u00e5 farten og oppbevare.<\/li>\n<li>Fargekodede vekter: Enkel identifisering av vekt tilpasset din trening.<\/li>\n<\/ul>\n<p><strong>Fordeler med Sveltus vektmansjetter<\/strong><\/p>\n<ul>\n<li>Effektiv trening: Forbedrer styrke, utholdenhet og muskeltonus.<\/li>\n<li>Sk\u00e5nsom mot kroppen: Mykt materiale som ikke irriterer huden.<\/li>\n<li>Allsidig bruk: Egnet for kondisjonstrening, styrketrening og rehabilitering.<\/li>\n<\/ul>\n<p><strong>\u00d8k intensiteten p\u00e5 treningen din med Sveltu vektmansjetter - en enkel og effektiv m\u00e5te \u00e5 styrke kroppen p\u00e5!<\/strong><\/p>\n","protected":false},"excerpt":{"rendered":"<p><strong>Sveltu vektmansjetter er perfekte for \u00e5 intensivere treningen og \u00f8ke muskelstyrken. De er designet for \u00e5 passe komfortabelt rundt b\u00e5de h\u00e5ndledd og ankler, noe som gj\u00f8r dem allsidige og ideelle for b\u00e5de styrke- og kondisjonstrening. Enten du g\u00e5r, l\u00f8per, driver med yoga eller rehabilitering, kan disse neoprenvektene bidra til \u00e5 optimalisere innsatsen din.  <\/strong><\/p>\n<p>&nbsp;<\/p>\n","protected":false},"featured_media":85375,"comment_status":"closed","ping_status":"closed","template":"","meta":{"_acf_changed":false},"product_brand":[],"product_cat":[2221,1937,2773,1945],"product_tag":[1944,2774],"class_list":{"0":"post-85368","1":"product","2":"type-product","3":"status-publish","4":"has-post-thumbnail","6":"product_cat-annet-treningsutstyr","7":"product_cat-merkevarer","8":"product_cat-sweltus","9":"product_cat-treningsutstyr","10":"product_tag-rehabmedic-no","11":"product_tag-sweltus","13":"first","14":"instock","15":"taxable","16":"shipping-taxable","17":"purchasable","18":"product-type-variable"},"acf":[],"_links":{"self":[{"href":"https:\/\/fysiolab.dk\/no\/wp-json\/wp\/v2\/product\/85368","targetHints":{"allow":["GET"]}}],"collection":[{"href":"https:\/\/fysiolab.dk\/no\/wp-json\/wp\/v2\/product"}],"about":[{"href":"https:\/\/fysiolab.dk\/no\/wp-json\/wp\/v2\/types\/product"}],"replies":[{"embeddable":true,"href":"https:\/\/fysiolab.dk\/no\/wp-json\/wp\/v2\/comments?post=85368"}],"wp:featuredmedia":[{"embeddable":true,"href":"https:\/\/fysiolab.dk\/no\/wp-json\/wp\/v2\/media\/85375"}],"wp:attachment":[{"href":"https:\/\/fysiolab.dk\/no\/wp-json\/wp\/v2\/media?parent=85368"}],"wp:term":[{"taxonomy":"product_brand","embeddable":true,"href":"https:\/\/fysiolab.dk\/no\/wp-json\/wp\/v2\/product_brand?post=85368"},{"taxonomy":"product_cat","embeddable":true,"href":"https:\/\/fysiolab.dk\/no\/wp-json\/wp\/v2\/product_cat?post=85368"},{"taxonomy":"product_tag","embeddable":true,"href":"https:\/\/fysiolab.dk\/no\/wp-json\/wp\/v2\/product_tag?post=85368"}],"curies":[{"name":"wp","href":"https:\/\/api.w.org\/{rel}","templated":true}]}}