{"id":85382,"date":"2025-01-04T20:29:02","date_gmt":"2025-01-04T19:29:02","guid":{"rendered":"https:\/\/fysiolab.dk\/product\/sveltus-kettlebells\/"},"modified":"2025-12-18T09:20:53","modified_gmt":"2025-12-18T08:20:53","slug":"sveltus-kettlebells","status":"publish","type":"product","link":"https:\/\/fysiolab.dk\/no\/product\/sveltus-kettlebells\/","title":{"rendered":"Sveltus Kettlebells"},"content":{"rendered":"<p><strong>Sveltus Kettlebells - Robust design for allsidig trening<\/strong><\/p>\n<p>Sveltus kettlebells er det ideelle valget for b\u00e5de nybegynnere og erfarne treningsentusiaster. Med vinylbelagt overflate og ergonomisk design er de perfekte for styrketrening, kondisjonstrening og funksjonelle \u00f8velser. Enten du trener hjemme eller p\u00e5 treningssenteret, tilbyr Sveltus kettlebells kvalitet og holdbarhet for \u00e5 t\u00e5le selv de mest intense trenings\u00f8ktene.  <\/p>\n<p><strong>Spesifikasjoner og farger<\/strong><\/p>\n<ul>\n<li>Gul: 4 kg - 17 cm h\u00f8y<\/li>\n<li>Oransje: 8 kg - 19 cm h\u00f8y<\/li>\n<li>Gr\u00f8nn: 12 kg - 20 cm h\u00f8y<\/li>\n<li>Bl\u00e5: 16 kg - 21 cm h\u00f8y<\/li>\n<li>Svart: 20 kg - 23 cm h\u00f8y<\/li>\n<li>Gr\u00e5: 24 kg - 24 cm h\u00f8y<\/li>\n<\/ul>\n<p><strong>Funksjoner<\/strong><\/p>\n<ul>\n<li>Vinylbelegg: Beskytter gulvet og reduserer st\u00f8y under bruk.<\/li>\n<li>Stabil base: S\u00f8rger for at kettlebellen holder seg p\u00e5 plass n\u00e5r den ikke er i bruk.<\/li>\n<li>Ergonomisk h\u00e5ndtak: Gir et godt grep som passer for b\u00e5de en- og toh\u00e5nds\u00f8velser.<\/li>\n<li>Fargekodede vekter: gj\u00f8r det enkelt \u00e5 finne riktig kettlebell til trenings\u00f8kten din.<\/li>\n<li>Kompakt st\u00f8rrelse: tar minimalt med plass og er lett \u00e5 oppbevare.<\/li>\n<\/ul>\n<p><strong>Fordeler med Sveltus Kettlebells<\/strong><\/p>\n<p>Kettlebell-trening aktiverer hele kroppen og forbedrer styrke, utholdenhet og balanse for en mer effektiv trenings\u00f8kt p\u00e5 kortere tid. Med Sveltu kettlebells kan du utf\u00f8re en rekke forskjellige \u00f8velser som swings, kneb\u00f8y, snatches og press - alt med komfort og sikkerhet. <\/p>\n<p><strong>Ta treningen din til neste niv\u00e5 med Sveltus kettlebells - det perfekte treningsverkt\u00f8yet for b\u00e5de hjemmetrening og treningssenteret!<\/strong><\/p>\n","protected":false},"excerpt":{"rendered":"<p><strong>Sveltus kettlebells er det ideelle valget for b\u00e5de nybegynnere og erfarne treningsentusiaster. Med vinylbelagt overflate og ergonomisk design er de perfekte for styrketrening, kondisjonstrening og funksjonelle \u00f8velser. Enten du trener hjemme eller p\u00e5 treningssenteret, tilbyr Sveltus kettlebells kvalitet og holdbarhet for \u00e5 t\u00e5le selv de mest intense trenings\u00f8ktene.  <\/strong><\/p>\n<p>&nbsp;<\/p>\n","protected":false},"featured_media":85391,"comment_status":"closed","ping_status":"closed","template":"","meta":{"_acf_changed":false},"product_brand":[],"product_cat":[2221,1937,2773,1945],"product_tag":[1944,2774],"class_list":{"0":"post-85382","1":"product","2":"type-product","3":"status-publish","4":"has-post-thumbnail","6":"product_cat-annet-treningsutstyr","7":"product_cat-merkevarer","8":"product_cat-sweltus","9":"product_cat-treningsutstyr","10":"product_tag-rehabmedic-no","11":"product_tag-sweltus","13":"first","14":"instock","15":"taxable","16":"shipping-taxable","17":"purchasable","18":"product-type-variable"},"acf":[],"_links":{"self":[{"href":"https:\/\/fysiolab.dk\/no\/wp-json\/wp\/v2\/product\/85382","targetHints":{"allow":["GET"]}}],"collection":[{"href":"https:\/\/fysiolab.dk\/no\/wp-json\/wp\/v2\/product"}],"about":[{"href":"https:\/\/fysiolab.dk\/no\/wp-json\/wp\/v2\/types\/product"}],"replies":[{"embeddable":true,"href":"https:\/\/fysiolab.dk\/no\/wp-json\/wp\/v2\/comments?post=85382"}],"wp:featuredmedia":[{"embeddable":true,"href":"https:\/\/fysiolab.dk\/no\/wp-json\/wp\/v2\/media\/85391"}],"wp:attachment":[{"href":"https:\/\/fysiolab.dk\/no\/wp-json\/wp\/v2\/media?parent=85382"}],"wp:term":[{"taxonomy":"product_brand","embeddable":true,"href":"https:\/\/fysiolab.dk\/no\/wp-json\/wp\/v2\/product_brand?post=85382"},{"taxonomy":"product_cat","embeddable":true,"href":"https:\/\/fysiolab.dk\/no\/wp-json\/wp\/v2\/product_cat?post=85382"},{"taxonomy":"product_tag","embeddable":true,"href":"https:\/\/fysiolab.dk\/no\/wp-json\/wp\/v2\/product_tag?post=85382"}],"curies":[{"name":"wp","href":"https:\/\/api.w.org\/{rel}","templated":true}]}}