{"id":85387,"date":"2024-12-29T16:15:57","date_gmt":"2024-12-29T15:15:57","guid":{"rendered":"https:\/\/fysiolab.dk\/product\/2toms-sportshield-roll-on-45-ml\/"},"modified":"2025-12-18T09:20:54","modified_gmt":"2025-12-18T08:20:54","slug":"2toms-sportshield-roll-on-45-ml","status":"publish","type":"product","link":"https:\/\/fysiolab.dk\/no\/product\/2toms-sportshield-roll-on-45-ml\/","title":{"rendered":"2Toms SportShield Roll-On 45 ml"},"content":{"rendered":"<p><strong>2Toms SportShield - langvarig beskyttelse mot friksjon<\/strong><\/p>\n<p><strong>Beskrivelse:<\/strong><br \/>\nOpplev den ultimate komforten under trening! 2Toms SportShield er en flytende anti-friksjonsbarriere som beskytter huden din mot gnags\u00e5r og irritasjon. Den lette og silikonbaserte formelen varer i opptil 24 timer og er perfekt for l\u00f8ping, sykling og andre aktiviteter.  <\/p>\n<p><strong>Fordeler:<\/strong><\/p>\n<ul>\n<li>Effektivt mot gnags\u00e5r p\u00e5 f\u00f8tter, l\u00e5r, armer og under sportsutstyr.<\/li>\n<li>T\u00f8rker raskt og etterlater ingen klebrige rester.<\/li>\n<li>Vanntett og lett \u00e5 vaske av med s\u00e5pe.<\/li>\n<\/ul>\n<p><strong>Slik bruker<\/strong> du:<br \/>\nP\u00e5f\u00f8r et tynt lag direkte p\u00e5 huden der du \u00f8nsker \u00e5 forhindre friksjon.<\/p>\n","protected":false},"excerpt":{"rendered":"<p><strong>Opplev den ultimate komforten under trening! 2Toms SportShield er en flytende anti-friksjonsbarriere som beskytter huden din mot gnags\u00e5r og irritasjon. Den lette og silikonbaserte formelen varer i opptil 24 timer og er perfekt for l\u00f8ping, sykling og andre aktiviteter.  <\/strong><\/p>\n","protected":false},"featured_media":85399,"comment_status":"closed","ping_status":"closed","template":"","meta":{"_acf_changed":false},"product_brand":[],"product_cat":[2840,2427,1948,1937],"product_tag":[2910,1944],"class_list":{"0":"post-85387","1":"product","2":"type-product","3":"status-publish","4":"has-post-thumbnail","6":"product_cat-2toms-no","7":"product_cat-blemmeplaster-og-forebygging","8":"product_cat-klinikk","9":"product_cat-merkevarer","10":"product_tag-2toms-no","11":"product_tag-rehabmedic-no","13":"first","14":"instock","15":"taxable","16":"shipping-taxable","17":"purchasable","18":"product-type-simple"},"acf":[],"_links":{"self":[{"href":"https:\/\/fysiolab.dk\/no\/wp-json\/wp\/v2\/product\/85387","targetHints":{"allow":["GET"]}}],"collection":[{"href":"https:\/\/fysiolab.dk\/no\/wp-json\/wp\/v2\/product"}],"about":[{"href":"https:\/\/fysiolab.dk\/no\/wp-json\/wp\/v2\/types\/product"}],"replies":[{"embeddable":true,"href":"https:\/\/fysiolab.dk\/no\/wp-json\/wp\/v2\/comments?post=85387"}],"wp:featuredmedia":[{"embeddable":true,"href":"https:\/\/fysiolab.dk\/no\/wp-json\/wp\/v2\/media\/85399"}],"wp:attachment":[{"href":"https:\/\/fysiolab.dk\/no\/wp-json\/wp\/v2\/media?parent=85387"}],"wp:term":[{"taxonomy":"product_brand","embeddable":true,"href":"https:\/\/fysiolab.dk\/no\/wp-json\/wp\/v2\/product_brand?post=85387"},{"taxonomy":"product_cat","embeddable":true,"href":"https:\/\/fysiolab.dk\/no\/wp-json\/wp\/v2\/product_cat?post=85387"},{"taxonomy":"product_tag","embeddable":true,"href":"https:\/\/fysiolab.dk\/no\/wp-json\/wp\/v2\/product_tag?post=85387"}],"curies":[{"name":"wp","href":"https:\/\/api.w.org\/{rel}","templated":true}]}}