{"id":85398,"date":"2024-12-31T00:09:31","date_gmt":"2024-12-30T23:09:31","guid":{"rendered":"https:\/\/fysiolab.dk\/product\/sveltus-vektballer\/"},"modified":"2025-12-18T09:20:53","modified_gmt":"2025-12-18T08:20:53","slug":"sveltus-vektballer","status":"publish","type":"product","link":"https:\/\/fysiolab.dk\/no\/product\/sveltus-vektballer\/","title":{"rendered":"Sveltus vektballer"},"content":{"rendered":"<p><strong>Sveltus Weight Balls - Perfekt for trening og rehabilitering<\/strong><\/p>\n<p>Gj\u00f8r treningen mer effektiv og variert med Sveltus vektballer. Disse vektballene er ideelle for styrketrening, balanse\u00f8velser, rehabilitering og funksjonelle treningsprogrammer. De er enkle \u00e5 h\u00e5ndtere og finnes i fire ulike vekter og st\u00f8rrelser, slik at du kan finne akkurat den vekten som passer dine behov.  <\/p>\n<p><strong>Spesifikasjoner og farger<\/strong><\/p>\n<ul>\n<li>R\u00f8d: 0,5 kg - \u00d8 10 cm<\/li>\n<li>Oransje: 1 kg - \u00d8 11,5 cm<\/li>\n<li>Gr\u00f8nn: 1,5 kg - \u00d8 12,5 cm<\/li>\n<li>Bl\u00e5: 2 kg - \u00d8 13,5 cm<\/li>\n<\/ul>\n<p><strong>Funksjoner<\/strong><\/p>\n<ul>\n<li>Multifunksjonell trening: Perfekt for \u00f8velser som forbedrer styrke, koordinasjon og balanse.<\/li>\n<li>Kompakt design: Lett \u00e5 oppbevare og transportere.<\/li>\n<li>Slitesterke materialer: Designet for \u00e5 t\u00e5le intensiv bruk over tid.<\/li>\n<li>Fargekodet vektindikasjon: gj\u00f8r det enkelt \u00e5 velge riktig vekt for trenings\u00f8kten din.<\/li>\n<\/ul>\n<p><strong>Anvendelsesmuligheter<\/strong><\/p>\n<p>Sveltus vektballer kan brukes i et bredt spekter av treningsrutiner - fra kjernetrening til rehabilitering. Enten du er nybegynner eller erfaren, gir vektene deg fleksibilitet til \u00e5 tilpasse intensiteten p\u00e5 \u00f8velsene dine. <\/p>\n<p><strong>Oppgrader treningen din med Sveltus vektballer - de perfekte verkt\u00f8yene for en sterkere og sunnere kropp!<\/strong><\/p>\n","protected":false},"excerpt":{"rendered":"<p><strong>Gj\u00f8r treningen mer effektiv og variert med Sveltus vektballer. Disse vektballene er ideelle for styrketrening, balanse\u00f8velser, rehabilitering og funksjonelle treningsprogrammer. De er enkle \u00e5 h\u00e5ndtere og finnes i fire ulike vekter og st\u00f8rrelser, slik at du kan finne akkurat den vekten som passer dine behov.  <\/strong><\/p>\n","protected":false},"featured_media":85406,"comment_status":"closed","ping_status":"closed","template":"","meta":{"_acf_changed":false},"product_brand":[],"product_cat":[2221,1937,2773,1945],"product_tag":[1944,2774],"class_list":{"0":"post-85398","1":"product","2":"type-product","3":"status-publish","4":"has-post-thumbnail","6":"product_cat-annet-treningsutstyr","7":"product_cat-merkevarer","8":"product_cat-sweltus","9":"product_cat-treningsutstyr","10":"product_tag-rehabmedic-no","11":"product_tag-sweltus","13":"first","14":"instock","15":"taxable","16":"shipping-taxable","17":"purchasable","18":"product-type-variable"},"acf":[],"_links":{"self":[{"href":"https:\/\/fysiolab.dk\/no\/wp-json\/wp\/v2\/product\/85398","targetHints":{"allow":["GET"]}}],"collection":[{"href":"https:\/\/fysiolab.dk\/no\/wp-json\/wp\/v2\/product"}],"about":[{"href":"https:\/\/fysiolab.dk\/no\/wp-json\/wp\/v2\/types\/product"}],"replies":[{"embeddable":true,"href":"https:\/\/fysiolab.dk\/no\/wp-json\/wp\/v2\/comments?post=85398"}],"wp:featuredmedia":[{"embeddable":true,"href":"https:\/\/fysiolab.dk\/no\/wp-json\/wp\/v2\/media\/85406"}],"wp:attachment":[{"href":"https:\/\/fysiolab.dk\/no\/wp-json\/wp\/v2\/media?parent=85398"}],"wp:term":[{"taxonomy":"product_brand","embeddable":true,"href":"https:\/\/fysiolab.dk\/no\/wp-json\/wp\/v2\/product_brand?post=85398"},{"taxonomy":"product_cat","embeddable":true,"href":"https:\/\/fysiolab.dk\/no\/wp-json\/wp\/v2\/product_cat?post=85398"},{"taxonomy":"product_tag","embeddable":true,"href":"https:\/\/fysiolab.dk\/no\/wp-json\/wp\/v2\/product_tag?post=85398"}],"curies":[{"name":"wp","href":"https:\/\/api.w.org\/{rel}","templated":true}]}}