{"id":85411,"date":"2024-12-29T15:47:49","date_gmt":"2024-12-29T14:47:49","guid":{"rendered":"https:\/\/fysiolab.dk\/product\/2toms-gripshield-45-ml\/"},"modified":"2025-12-18T09:20:54","modified_gmt":"2025-12-18T08:20:54","slug":"2toms-gripshield-45-ml","status":"publish","type":"product","link":"https:\/\/fysiolab.dk\/no\/product\/2toms-gripshield-45-ml\/","title":{"rendered":"2Toms GripShield 45 ml"},"content":{"rendered":"<p><strong>Produktbeskrivelse: 2Toms GripShield 45ml<\/strong><\/p>\n<p><strong>F\u00e5 et sikkert grep - uansett situasjon<\/strong><br \/>\n2Toms GripShield er en effektiv og langvarig l\u00f8sning for \u00e5 forbedre grepet ditt. Denne unike kremen forhindrer svette og glatte hender, slik at du kan prestere optimalt i sport, fitness, klatring, golf, tennis og mange andre aktiviteter. <\/p>\n<p><strong>Fordelene med 2Toms GripShield:<\/strong><\/p>\n<ul>\n<li>Reduserer svette og fuktighet p\u00e5 hendene.<\/li>\n<li>Etterlater en t\u00f8rr, sklisikker overflate.<\/li>\n<li>Hurtigt\u00f8rkende og enkel \u00e5 p\u00e5f\u00f8re.<\/li>\n<li>Perfekt for idrettsut\u00f8vere, musikere og alle som trenger et p\u00e5litelig grep.<\/li>\n<\/ul>\n<p><strong>Slik bruker du:<\/strong><br \/>\nP\u00e5f\u00f8r en liten mengde GripShield p\u00e5 hendene og fordel den jevnt. La det t\u00f8rke i noen sekunder, og opplev umiddelbart et bedre grep. <\/p>\n<p><strong>Innhold:<\/strong><br \/>\n45 ml, perfekt st\u00f8rrelse til \u00e5 ha i vesken eller lommen.<\/p>\n<p><strong>Sikre og stabiliser grepet ditt med 2Toms GripShield - den ultimate l\u00f8sningen for t\u00f8rre og p\u00e5litelige hender.<\/strong><\/p>\n","protected":false},"excerpt":{"rendered":"<p><strong>2Toms GripShield er en effektiv og langvarig l\u00f8sning for \u00e5 forbedre grepet ditt. Denne unike kremen forhindrer svette og glatte hender, slik at du kan prestere optimalt i sport, fitness, klatring, golf, tennis og mange andre aktiviteter. <\/strong><\/p>\n","protected":false},"featured_media":85413,"comment_status":"closed","ping_status":"closed","template":"","meta":{"_acf_changed":false},"product_brand":[],"product_cat":[2840,1937],"product_tag":[2910,1944],"class_list":{"0":"post-85411","1":"product","2":"type-product","3":"status-publish","4":"has-post-thumbnail","6":"product_cat-2toms-no","7":"product_cat-merkevarer","8":"product_tag-2toms-no","9":"product_tag-rehabmedic-no","11":"first","12":"instock","13":"taxable","14":"shipping-taxable","15":"purchasable","16":"product-type-simple"},"acf":[],"_links":{"self":[{"href":"https:\/\/fysiolab.dk\/no\/wp-json\/wp\/v2\/product\/85411","targetHints":{"allow":["GET"]}}],"collection":[{"href":"https:\/\/fysiolab.dk\/no\/wp-json\/wp\/v2\/product"}],"about":[{"href":"https:\/\/fysiolab.dk\/no\/wp-json\/wp\/v2\/types\/product"}],"replies":[{"embeddable":true,"href":"https:\/\/fysiolab.dk\/no\/wp-json\/wp\/v2\/comments?post=85411"}],"wp:featuredmedia":[{"embeddable":true,"href":"https:\/\/fysiolab.dk\/no\/wp-json\/wp\/v2\/media\/85413"}],"wp:attachment":[{"href":"https:\/\/fysiolab.dk\/no\/wp-json\/wp\/v2\/media?parent=85411"}],"wp:term":[{"taxonomy":"product_brand","embeddable":true,"href":"https:\/\/fysiolab.dk\/no\/wp-json\/wp\/v2\/product_brand?post=85411"},{"taxonomy":"product_cat","embeddable":true,"href":"https:\/\/fysiolab.dk\/no\/wp-json\/wp\/v2\/product_cat?post=85411"},{"taxonomy":"product_tag","embeddable":true,"href":"https:\/\/fysiolab.dk\/no\/wp-json\/wp\/v2\/product_tag?post=85411"}],"curies":[{"name":"wp","href":"https:\/\/api.w.org\/{rel}","templated":true}]}}