{"id":85412,"date":"2024-12-28T19:44:53","date_gmt":"2024-12-28T18:44:53","guid":{"rendered":"https:\/\/fysiolab.dk\/product\/sklz-fotballtrenermaal-fotballmaal\/"},"modified":"2025-12-18T09:20:55","modified_gmt":"2025-12-18T08:20:55","slug":"sklz-fotballtrenermaal-fotballmaal","status":"publish","type":"product","link":"https:\/\/fysiolab.dk\/no\/product\/sklz-fotballtrenermaal-fotballmaal\/","title":{"rendered":"SKLZ Fotballtrenerm\u00e5l - Fotballm\u00e5l"},"content":{"rendered":"<p id=\"tw-target-text\" class=\"tw-data-text tw-text-large tw-ta\" dir=\"ltr\" data-placeholder=\"Overs\u00e6ttelse\" data-ved=\"2ahUKEwiztrbtmsuKAxVuJRAIHeBYHwwQ3ewLegQIDBAU\" aria-label=\"Oversat tekst: Fodboldtr\u00e6nerm\u00e5let leverer en omfattende tr\u00e6ningsoplevelse derhjemme ved at kombinere et 8,5' x 5' m\u00e5l med et studsende net. Designet til spillere, der sigter p\u00e5 at forbedre skydepr\u00e6cision, skudplacering og afleveringskraft, letter dette innovative v\u00e6rkt\u00f8j en r\u00e6kke forskellige \u00f8velser. Konstrueret til at modst\u00e5 elementerne, dens vejrbestandige funktioner sikrer holdbarhed gennem s\u00e6soner med brug, hvilket giver mulighed for uafbrudt tr\u00e6ning uanset vejrforhold. N\u00f8glen til dets design er nettets sp\u00e6nding, konstrueret til at simulere faste boldrebounds, hvilket forbedrer tr\u00e6ningsoplevelsen ved at give ensartet boldretur til mere tr\u00e6ningsskydning. Underst\u00f8ttet af en st\u00e5lbagramme og en 3\" kraftig PVC-frontramme, st\u00e5r Soccer Trainer Goal fast mod de h\u00e5rdeste skud, hvilket sikrer stabilitet og lang levetid. Inkluderingen af \u200b\u200bet bungee-snorsystem muligg\u00f8r hurtig og nem ops\u00e6tning, minimerer forberedelsestid og maksimering af tr\u00e6ningseffektivitet Uanset om du tr\u00e6ner i din forhave, baghave eller ethvert udend\u00f8rsomr\u00e5de, er fodboldtr\u00e6nerens m\u00e5l. den ultimative tr\u00e6ningskammerat for fodboldspillere, der er dedikeret til at forfine deres f\u00e6rdigheder, og tilbyder en uovertruffen kombination af holdbarhed, spillignende spil og alsidighed.\"><span class=\"Y2IQFc\" lang=\"da\">Fotballm\u00e5let gir en omfattende treningsopplevelse hjemme ved \u00e5 kombinere et m\u00e5l med et hoppende nett. Dette innovative verkt\u00f8yet er utviklet for spillere som \u00f8nsker \u00e5 forbedre skuddpresisjon, skuddplassering og pasningskraft, og gj\u00f8r det mulig \u00e5 gjennomf\u00f8re en rekke ulike \u00f8velser. Den gode konstruksjonen og de v\u00e6rbestandige egenskapene sikrer holdbarhet gjennom flere sesongers bruk, slik at treningen kan fortsette uavbrutt uansett v\u00e6rforhold. N\u00f8kkelen til designet er spenningen i nettet, som er konstruert for \u00e5 simulere faste ballreturer, noe som forbedrer treningsopplevelsen ved \u00e5 gi jevn ballretur for mer \u00f8vingsskyting. St\u00f8ttet av en st\u00e5lramme og en 3&#8243; kraftig PVC-frontramme, st\u00e5r Soccer Trainer Goal fast mot de hardeste skuddene, noe som sikrer stabilitet og lang levetid. Det medf\u00f8lgende strikkwiresystemet gj\u00f8r det raskt og enkelt \u00e5 sette opp, noe som minimerer forberedelsestiden og maksimerer treningseffektiviteten Enten du trener i hagen, bakg\u00e5rden eller et hvilket som helst annet uteomr\u00e5de, er Soccer Trainer Goal. Det er den ultimate treningskameraten for fotballspillere som er opptatt av \u00e5 forbedre ferdighetene sine, og det tilbyr en uovertruffen kombinasjon av holdbarhet, spillelignende spill og allsidighet.      <\/span><\/p>\n","protected":false},"excerpt":{"rendered":"<p>SKLZ fotballm\u00e5l er et allsidig 2-i-1- og rebounderm\u00e5l som forbedrer fotballtreningen hjemme ved \u00e5 fokusere p\u00e5 skuddpresisjon, pasninger og mottak, og som er holdbart i alle v\u00e6rforhold.<\/p>\n","protected":false},"featured_media":85417,"comment_status":"closed","ping_status":"closed","template":"","meta":{"_acf_changed":false},"product_brand":[],"product_cat":[2218,1937,2207,2208,2220,1945],"product_tag":[2210],"class_list":{"0":"post-85412","1":"product","2":"type-product","3":"status-publish","4":"has-post-thumbnail","6":"product_cat-fotball-og-fotball","7":"product_cat-merkevarer","8":"product_cat-sklz-no","9":"product_cat-sklz-no-2","10":"product_cat-sklz-fotball","11":"product_cat-treningsutstyr","12":"product_tag-sklz-no","14":"first","15":"instock","16":"sale","17":"taxable","18":"shipping-taxable","19":"purchasable","20":"product-type-simple"},"acf":[],"_links":{"self":[{"href":"https:\/\/fysiolab.dk\/no\/wp-json\/wp\/v2\/product\/85412","targetHints":{"allow":["GET"]}}],"collection":[{"href":"https:\/\/fysiolab.dk\/no\/wp-json\/wp\/v2\/product"}],"about":[{"href":"https:\/\/fysiolab.dk\/no\/wp-json\/wp\/v2\/types\/product"}],"replies":[{"embeddable":true,"href":"https:\/\/fysiolab.dk\/no\/wp-json\/wp\/v2\/comments?post=85412"}],"wp:featuredmedia":[{"embeddable":true,"href":"https:\/\/fysiolab.dk\/no\/wp-json\/wp\/v2\/media\/85417"}],"wp:attachment":[{"href":"https:\/\/fysiolab.dk\/no\/wp-json\/wp\/v2\/media?parent=85412"}],"wp:term":[{"taxonomy":"product_brand","embeddable":true,"href":"https:\/\/fysiolab.dk\/no\/wp-json\/wp\/v2\/product_brand?post=85412"},{"taxonomy":"product_cat","embeddable":true,"href":"https:\/\/fysiolab.dk\/no\/wp-json\/wp\/v2\/product_cat?post=85412"},{"taxonomy":"product_tag","embeddable":true,"href":"https:\/\/fysiolab.dk\/no\/wp-json\/wp\/v2\/product_tag?post=85412"}],"curies":[{"name":"wp","href":"https:\/\/api.w.org\/{rel}","templated":true}]}}